{"id":128706,"date":"2025-04-14T13:20:13","date_gmt":"2025-04-14T11:20:13","guid":{"rendered":"https:\/\/moyamatcha.com\/?post_type=product&#038;p=128706"},"modified":"2026-04-11T15:43:39","modified_gmt":"2026-04-11T13:43:39","slug":"botan-matcha-bowl-with-a-spout","status":"publish","type":"product","link":"https:\/\/moyamatcha.com\/en\/produkt\/botan-matcha-bowl-with-a-spout\/","title":{"rendered":"Botan matcha bowl with a spout"},"content":{"rendered":"\n<section class=\"wp-block-group alignfull patternImgText has-light-moss-green-3-background-color has-background is-layout-constrained wp-block-group-is-layout-constrained\">\n<div class=\"wp-block-columns alignfull is-layout-flex wp-container-core-columns-is-layout-c5fdfbfa wp-block-columns-is-layout-flex\" style=\"margin-top:0;margin-right:0;margin-bottom:0;margin-left:0\">\n<div class=\"wp-block-column patternImgText__img is-layout-flow wp-block-column-is-layout-flow\" style=\"flex-basis:50%\">\n<figure class=\"wp-block-image size-full\"><img loading=\"lazy\" decoding=\"async\" width=\"1707\" height=\"2560\" src=\"https:\/\/moyamatcha.com\/wp-content\/uploads\/2025\/04\/Czarka-do-matchy-matchwan-Botan-z-dziobkiem-nalewanie-matchy-scaled.jpg\" alt=\"\" class=\"wp-image-128764\" srcset=\"https:\/\/moyamatcha.com\/wp-content\/uploads\/2025\/04\/Czarka-do-matchy-matchwan-Botan-z-dziobkiem-nalewanie-matchy-scaled.jpg 1707w, https:\/\/moyamatcha.com\/wp-content\/uploads\/2025\/04\/Czarka-do-matchy-matchwan-Botan-z-dziobkiem-nalewanie-matchy-200x300.jpg 200w, https:\/\/moyamatcha.com\/wp-content\/uploads\/2025\/04\/Czarka-do-matchy-matchwan-Botan-z-dziobkiem-nalewanie-matchy-683x1024.jpg 683w, https:\/\/moyamatcha.com\/wp-content\/uploads\/2025\/04\/Czarka-do-matchy-matchwan-Botan-z-dziobkiem-nalewanie-matchy-768x1152.jpg 768w, https:\/\/moyamatcha.com\/wp-content\/uploads\/2025\/04\/Czarka-do-matchy-matchwan-Botan-z-dziobkiem-nalewanie-matchy-1024x1536.jpg 1024w, https:\/\/moyamatcha.com\/wp-content\/uploads\/2025\/04\/Czarka-do-matchy-matchwan-Botan-z-dziobkiem-nalewanie-matchy-1365x2048.jpg 1365w, https:\/\/moyamatcha.com\/wp-content\/uploads\/2025\/04\/Czarka-do-matchy-matchwan-Botan-z-dziobkiem-nalewanie-matchy-1920x2880.jpg 1920w, https:\/\/moyamatcha.com\/wp-content\/uploads\/2025\/04\/Czarka-do-matchy-matchwan-Botan-z-dziobkiem-nalewanie-matchy-1224x1836.jpg 1224w, https:\/\/moyamatcha.com\/wp-content\/uploads\/2025\/04\/Czarka-do-matchy-matchwan-Botan-z-dziobkiem-nalewanie-matchy-912x1368.jpg 912w, https:\/\/moyamatcha.com\/wp-content\/uploads\/2025\/04\/Czarka-do-matchy-matchwan-Botan-z-dziobkiem-nalewanie-matchy-850x1275.jpg 850w, https:\/\/moyamatcha.com\/wp-content\/uploads\/2025\/04\/Czarka-do-matchy-matchwan-Botan-z-dziobkiem-nalewanie-matchy-600x900.jpg 600w, https:\/\/moyamatcha.com\/wp-content\/uploads\/2025\/04\/Czarka-do-matchy-matchwan-Botan-z-dziobkiem-nalewanie-matchy-480x720.jpg 480w, https:\/\/moyamatcha.com\/wp-content\/uploads\/2025\/04\/Czarka-do-matchy-matchwan-Botan-z-dziobkiem-nalewanie-matchy-372x558.jpg 372w, https:\/\/moyamatcha.com\/wp-content\/uploads\/2025\/04\/Czarka-do-matchy-matchwan-Botan-z-dziobkiem-nalewanie-matchy-260x390.jpg 260w, https:\/\/moyamatcha.com\/wp-content\/uploads\/2025\/04\/Czarka-do-matchy-matchwan-Botan-z-dziobkiem-nalewanie-matchy-120x180.jpg 120w, https:\/\/moyamatcha.com\/wp-content\/uploads\/2025\/04\/Czarka-do-matchy-matchwan-Botan-z-dziobkiem-nalewanie-matchy-90x135.jpg 90w, https:\/\/moyamatcha.com\/wp-content\/uploads\/2025\/04\/Czarka-do-matchy-matchwan-Botan-z-dziobkiem-nalewanie-matchy-40x60.jpg 40w\" sizes=\"auto, (max-width: 1707px) 100vw, 1707px\" \/><\/figure>\n<\/div>\n\n\n\n<div class=\"wp-block-column patternTextImg__text is-layout-flow wp-block-column-is-layout-flow\" style=\"flex-basis:50%\">\n<div class=\"wp-block-group is-vertical is-content-justification-left is-layout-flex wp-container-core-group-is-layout-dd225191 wp-block-group-is-layout-flex\">\n<h2 class=\"wp-block-heading\">Matchawan Botan with a spout<\/h2>\n\n\n\n<p>The Botan matchawan is a traditional cup for preparing matcha. Handy spout will help you not to spill the tea. Its irregular walls make it fit perfectly in the hand. The intense colour of the teapot is eye-catching and blends beautifully with the green shades of the matcha. The bowl\u2019s colour inspired us to name it \u2018Botan\u2019, which means peony in Japanese. In this specific culture, the beauty, elegance and resilience of the peony have earned it the title of queen of flowers. In Japan in the 18th century, the peony was a widespread symbol in crafts, commonly used as a decorative element in tapestries, paintings, ceramics and kimonos. It is often used in Ikebana, the Japanese art of flower arranging.     <\/p>\n\n\n\n<p><\/p>\n<\/div>\n<\/div>\n<\/div>\n<\/section>\n\n<div class=\"wp-block-group patternTextImg is-style-none is-layout-flow wp-block-group-is-layout-flow\">\n<div class=\"wp-block-columns is-layout-flex wp-container-core-columns-is-layout-c5fdfbfa wp-block-columns-is-layout-flex\" style=\"margin-top:0;margin-right:0;margin-bottom:0;margin-left:0\">\n<div class=\"wp-block-column patternTextImg__text is-layout-flow wp-block-column-is-layout-flow\" style=\"flex-basis:50%\">\n<div class=\"wp-block-group is-vertical is-content-justification-left is-layout-flex wp-container-core-group-is-layout-dd225191 wp-block-group-is-layout-flex\">\n<h2 class=\"wp-block-heading\">Matcha preparation in a bowl<\/h2>\n\n\n\n<p>The traditional way to prepare matcha comes from the Japanese Tea Ceremony. It involves using a matcha bowl, a bamboo whisk- chasen and a bamboo spoon- chashaku.  <\/p>\n\n\n\n<p>Place 2 chashaku spoons of matcha (1,5g) in a matcha bowl and pour 100ml of hot water (80 \u00b0C). Chasen in hand, vigorously whisk your matcha from the wrist in m-shaped, not circular, motion. In about 20 seconds your bowl should be filled with a perfect jade-green foam. You can add more water now if you like your matcha to be less strong.    <\/p>\n\n\n\n<p><strong><span style=\"color: #008000;\"><a style=\"color: #008000;\" href=\"https:\/\/moyamatcha.com\/en\/moya-matcha\/preparation\/\">Watch how<\/a><\/span><\/strong> Hitomi Saito, cofounder of Moya Matcha, prepares perfect matcha.<\/p>\n<\/div>\n<\/div>\n\n\n\n<div class=\"wp-block-column patternImgText__img is-layout-flow wp-block-column-is-layout-flow\" style=\"flex-basis:50%\">\n<figure class=\"wp-block-image size-full\"><img loading=\"lazy\" decoding=\"async\" width=\"1366\" height=\"2048\" src=\"https:\/\/moyamatcha.com\/wp-content\/uploads\/2024\/08\/moya-matcha-luksusowa-organiczna-herbata-japonska.jpg\" alt=\"\" class=\"wp-image-6828\" srcset=\"https:\/\/moyamatcha.com\/wp-content\/uploads\/2024\/08\/moya-matcha-luksusowa-organiczna-herbata-japonska.jpg 1366w, https:\/\/moyamatcha.com\/wp-content\/uploads\/2024\/08\/moya-matcha-luksusowa-organiczna-herbata-japonska-200x300.jpg 200w, https:\/\/moyamatcha.com\/wp-content\/uploads\/2024\/08\/moya-matcha-luksusowa-organiczna-herbata-japonska-768x1151.jpg 768w, https:\/\/moyamatcha.com\/wp-content\/uploads\/2024\/08\/moya-matcha-luksusowa-organiczna-herbata-japonska-683x1024.jpg 683w, https:\/\/moyamatcha.com\/wp-content\/uploads\/2024\/08\/moya-matcha-luksusowa-organiczna-herbata-japonska-1025x1536.jpg 1025w, https:\/\/moyamatcha.com\/wp-content\/uploads\/2024\/08\/moya-matcha-luksusowa-organiczna-herbata-japonska-1224x1835.jpg 1224w, https:\/\/moyamatcha.com\/wp-content\/uploads\/2024\/08\/moya-matcha-luksusowa-organiczna-herbata-japonska-912x1367.jpg 912w, https:\/\/moyamatcha.com\/wp-content\/uploads\/2024\/08\/moya-matcha-luksusowa-organiczna-herbata-japonska-850x1274.jpg 850w, https:\/\/moyamatcha.com\/wp-content\/uploads\/2024\/08\/moya-matcha-luksusowa-organiczna-herbata-japonska-600x900.jpg 600w, https:\/\/moyamatcha.com\/wp-content\/uploads\/2024\/08\/moya-matcha-luksusowa-organiczna-herbata-japonska-480x720.jpg 480w, https:\/\/moyamatcha.com\/wp-content\/uploads\/2024\/08\/moya-matcha-luksusowa-organiczna-herbata-japonska-372x558.jpg 372w, https:\/\/moyamatcha.com\/wp-content\/uploads\/2024\/08\/moya-matcha-luksusowa-organiczna-herbata-japonska-260x390.jpg 260w, https:\/\/moyamatcha.com\/wp-content\/uploads\/2024\/08\/moya-matcha-luksusowa-organiczna-herbata-japonska-120x180.jpg 120w, https:\/\/moyamatcha.com\/wp-content\/uploads\/2024\/08\/moya-matcha-luksusowa-organiczna-herbata-japonska-90x135.jpg 90w, https:\/\/moyamatcha.com\/wp-content\/uploads\/2024\/08\/moya-matcha-luksusowa-organiczna-herbata-japonska-40x60.jpg 40w\" sizes=\"auto, (max-width: 1366px) 100vw, 1366px\" \/><\/figure>\n<\/div>\n<\/div>\n<\/div>\n    <section class=\"blockFeaturedPost\" id=\"blockFeaturedPost-block_85dd4a83a4a04ae8a6791acbba5266ae\">\n        <div class=\"blockFeaturedPost__wrapper\">\n            <div class=\"blockFeaturedPost__content\">\n                <h3 class=\"h2\"><em>Learn<\/em> more<\/h3>\n            <\/div>\n            <div class=\"blockFeaturedPost__link\">\n                                    <a href=\"https:\/\/moyamatcha.com\/blog\/\" target=\"\" class=\"btn btn--thirdary\">View all posts<\/a>\n                            <\/div>\n                            <div class=\"blockFeaturedPost__post\">\n                    <div class=\"blockFeaturedPost__post__image\">\n                        <img loading=\"lazy\" decoding=\"async\" width=\"850\" height=\"567\" src=\"https:\/\/moyamatcha.com\/wp-content\/uploads\/2025\/01\/herbata-kiedy-pic-850x567.jpg\" class=\"attachment-image850 size-image850 wp-post-image\" alt=\"Kiedy pi\u0107 zielon\u0105 herbat\u0119?\" srcset=\"https:\/\/moyamatcha.com\/wp-content\/uploads\/2025\/01\/herbata-kiedy-pic-850x567.jpg 850w, https:\/\/moyamatcha.com\/wp-content\/uploads\/2025\/01\/herbata-kiedy-pic-300x200.jpg 300w, https:\/\/moyamatcha.com\/wp-content\/uploads\/2025\/01\/herbata-kiedy-pic-1024x683.jpg 1024w, https:\/\/moyamatcha.com\/wp-content\/uploads\/2025\/01\/herbata-kiedy-pic-768x512.jpg 768w, https:\/\/moyamatcha.com\/wp-content\/uploads\/2025\/01\/herbata-kiedy-pic-1536x1025.jpg 1536w, https:\/\/moyamatcha.com\/wp-content\/uploads\/2025\/01\/herbata-kiedy-pic-1920x1281.jpg 1920w, https:\/\/moyamatcha.com\/wp-content\/uploads\/2025\/01\/herbata-kiedy-pic-1224x816.jpg 1224w, https:\/\/moyamatcha.com\/wp-content\/uploads\/2025\/01\/herbata-kiedy-pic-912x608.jpg 912w, https:\/\/moyamatcha.com\/wp-content\/uploads\/2025\/01\/herbata-kiedy-pic-600x400.jpg 600w, https:\/\/moyamatcha.com\/wp-content\/uploads\/2025\/01\/herbata-kiedy-pic-480x320.jpg 480w, https:\/\/moyamatcha.com\/wp-content\/uploads\/2025\/01\/herbata-kiedy-pic-372x248.jpg 372w, https:\/\/moyamatcha.com\/wp-content\/uploads\/2025\/01\/herbata-kiedy-pic-260x173.jpg 260w, https:\/\/moyamatcha.com\/wp-content\/uploads\/2025\/01\/herbata-kiedy-pic-120x80.jpg 120w, https:\/\/moyamatcha.com\/wp-content\/uploads\/2025\/01\/herbata-kiedy-pic-90x60.jpg 90w, https:\/\/moyamatcha.com\/wp-content\/uploads\/2025\/01\/herbata-kiedy-pic-40x27.jpg 40w, https:\/\/moyamatcha.com\/wp-content\/uploads\/2025\/01\/herbata-kiedy-pic.jpg 2048w\" sizes=\"auto, (max-width: 850px) 100vw, 850px\" \/>                    <\/div>\n                    <div class=\"blockFeaturedPost__post__content\">\n                        <div class=\"blockFeaturedPost__post__content__category\">Blog<\/div>\n                        <div class=\"blockFeaturedPost__post__content__data\">\n                            <time class=\"blockFeaturedPost__post__date\">03 Feb 2025<\/time>\n                            <h4>When to drink green tea?<\/h4>\n                            <p class=\"paragraph--m\">We have known for a long time that our bodies have different needs depending on the time of day and the activities we do. If we meet these needs in&hellip;<\/p>\n                        <\/div>\n                        <a href=\"https:\/\/moyamatcha.com\/en\/when-to-drink-green-tea\/\">Read more<\/a>\n                    <\/div>\n                <\/div>\n                    <\/div>\n    <\/section>\n","protected":false},"excerpt":{"rendered":"<div id=\"wp-excerpt-wrap\" class=\"wp-core-ui wp-editor-wrap tmce-active\"><link rel='stylesheet' id='dashicons-css' href='https:\/\/moyamatcha.com\/wp-includes\/css\/dashicons.min.css' type='text\/css' media='all' \/>\n<link rel='stylesheet' id='editor-buttons-css' href='https:\/\/moyamatcha.com\/wp-includes\/css\/editor.min.css' type='text\/css' media='all' \/>\n<style>.wp-editor-container { width: 100% !important; }<\/style>\n<div id=\"wp-excerpt-editor-container\" class=\"wp-editor-container\"><textarea class=\"wp-editor-area\" rows=\"5\" autocomplete=\"off\" cols=\"40\" name=\"excerpt\" id=\"excerpt\">&lt;p&gt;Traditional bowl for preparing matcha tea with spout&lt;\/p&gt;\n&lt;p&gt;As this is a handcrafted product, dimension may vary slightly&lt;\/p&gt;\n&lt;p&gt;Dishwasher safe&lt;\/p&gt;<\/textarea><\/div>\n<\/div>\n\n","protected":false},"featured_media":128723,"template":"","meta":{"_acf_changed":true,"inline_featured_image":false},"product_brand":[],"product_cat":[427,428,429,1095,531],"product_tag":[],"class_list":{"0":"post-128706","1":"product","2":"type-product","3":"status-publish","4":"has-post-thumbnail","6":"product_cat-accessories-en","7":"product_cat-matcha-accessories","8":"product_cat-matcha-bowls","9":"product_cat-ceramics","10":"product_cat-other-presents","12":"first","13":"instock","14":"purchasable","15":"product-type-simple"},"acf":[],"yoast_head":"<!-- This site is optimized with the Yoast SEO plugin v27.0 - https:\/\/yoast.com\/product\/yoast-seo-wordpress\/ -->\n<title>Botan matcha bowl with a spout - MoyaMatcha<\/title>\n<meta name=\"description\" content=\"Matcha bowl with a spout\u2014perfect for preparing matcha. Inspired by a Japanese legend, it blends tradition with functionality. Check it out!\" \/>\n<meta name=\"robots\" content=\"index, follow, max-snippet:-1, max-image-preview:large, max-video-preview:-1\" \/>\n<link rel=\"canonical\" href=\"https:\/\/moyamatcha.com\/en\/produkt\/botan-matcha-bowl-with-a-spout\/\" \/>\n<meta property=\"og:locale\" content=\"en_US\" \/>\n<meta property=\"og:type\" content=\"article\" \/>\n<meta property=\"og:title\" content=\"Botan matcha bowl with a spout - MoyaMatcha\" \/>\n<meta property=\"og:description\" content=\"Matcha bowl with a spout\u2014perfect for preparing matcha. Inspired by a Japanese legend, it blends tradition with functionality. Check it out!\" \/>\n<meta property=\"og:url\" content=\"https:\/\/moyamatcha.com\/en\/produkt\/botan-matcha-bowl-with-a-spout\/\" \/>\n<meta property=\"og:site_name\" content=\"MoyaMatcha\" \/>\n<meta property=\"article:publisher\" content=\"https:\/\/www.facebook.com\/moyamatcha\" \/>\n<meta property=\"article:modified_time\" content=\"2026-04-11T13:43:39+00:00\" \/>\n<meta property=\"og:image\" content=\"https:\/\/moyamatcha.com\/wp-content\/uploads\/2025\/04\/Czarka-do-matchy-matchwan-Botan-z-dzbiobkiem.png\" \/>\n\t<meta property=\"og:image:width\" content=\"810\" \/>\n\t<meta property=\"og:image:height\" content=\"1210\" \/>\n\t<meta property=\"og:image:type\" content=\"image\/png\" \/>\n<meta name=\"twitter:card\" content=\"summary_large_image\" \/>\n<meta name=\"twitter:label1\" content=\"Est. reading time\" \/>\n\t<meta name=\"twitter:data1\" content=\"4 minutes\" \/>\n<script type=\"application\/ld+json\" class=\"yoast-schema-graph\">{\"@context\":\"https:\/\/schema.org\",\"@graph\":[{\"@type\":\"WebPage\",\"@id\":\"https:\/\/moyamatcha.com\/en\/produkt\/botan-matcha-bowl-with-a-spout\/\",\"url\":\"https:\/\/moyamatcha.com\/en\/produkt\/botan-matcha-bowl-with-a-spout\/\",\"name\":\"Botan matcha bowl with a spout - MoyaMatcha\",\"isPartOf\":{\"@id\":\"https:\/\/moyamatcha.com\/en\/#website\"},\"primaryImageOfPage\":{\"@id\":\"https:\/\/moyamatcha.com\/en\/produkt\/botan-matcha-bowl-with-a-spout\/#primaryimage\"},\"image\":{\"@id\":\"https:\/\/moyamatcha.com\/en\/produkt\/botan-matcha-bowl-with-a-spout\/#primaryimage\"},\"thumbnailUrl\":\"https:\/\/moyamatcha.com\/wp-content\/uploads\/2025\/04\/Czarka-do-matchy-matchwan-Botan-z-dzbiobkiem.png\",\"datePublished\":\"2025-04-14T11:20:13+00:00\",\"dateModified\":\"2026-04-11T13:43:39+00:00\",\"description\":\"Matcha bowl with a spout\u2014perfect for preparing matcha. Inspired by a Japanese legend, it blends tradition with functionality. Check it out!\",\"breadcrumb\":{\"@id\":\"https:\/\/moyamatcha.com\/en\/produkt\/botan-matcha-bowl-with-a-spout\/#breadcrumb\"},\"inLanguage\":\"en-US\",\"potentialAction\":[{\"@type\":\"ReadAction\",\"target\":[\"https:\/\/moyamatcha.com\/en\/produkt\/botan-matcha-bowl-with-a-spout\/\"]}]},{\"@type\":\"ImageObject\",\"inLanguage\":\"en-US\",\"@id\":\"https:\/\/moyamatcha.com\/en\/produkt\/botan-matcha-bowl-with-a-spout\/#primaryimage\",\"url\":\"https:\/\/moyamatcha.com\/wp-content\/uploads\/2025\/04\/Czarka-do-matchy-matchwan-Botan-z-dzbiobkiem.png\",\"contentUrl\":\"https:\/\/moyamatcha.com\/wp-content\/uploads\/2025\/04\/Czarka-do-matchy-matchwan-Botan-z-dzbiobkiem.png\",\"width\":810,\"height\":1210,\"caption\":\"Matchawan Botan czarka do matchy z dzi\u00f3bkiem\"},{\"@type\":\"BreadcrumbList\",\"@id\":\"https:\/\/moyamatcha.com\/en\/produkt\/botan-matcha-bowl-with-a-spout\/#breadcrumb\",\"itemListElement\":[{\"@type\":\"ListItem\",\"position\":1,\"name\":\"Home\",\"item\":\"https:\/\/moyamatcha.com\/en\/\"},{\"@type\":\"ListItem\",\"position\":2,\"name\":\"Shop\",\"item\":\"https:\/\/moyamatcha.com\/sklep\/\"},{\"@type\":\"ListItem\",\"position\":3,\"name\":\"Accessories\",\"item\":\"https:\/\/moyamatcha.com\/en\/product-category\/accessories-en\/\"},{\"@type\":\"ListItem\",\"position\":4,\"name\":\"Matcha accessories\",\"item\":\"https:\/\/moyamatcha.com\/en\/product-category\/accessories-en\/matcha-accessories\/\"},{\"@type\":\"ListItem\",\"position\":5,\"name\":\"Matcha bowls\",\"item\":\"https:\/\/moyamatcha.com\/en\/product-category\/accessories-en\/matcha-accessories\/matcha-bowls\/\"},{\"@type\":\"ListItem\",\"position\":6,\"name\":\"Botan matcha bowl with a spout\"}]},{\"@type\":\"WebSite\",\"@id\":\"https:\/\/moyamatcha.com\/en\/#website\",\"url\":\"https:\/\/moyamatcha.com\/en\/\",\"name\":\"MoyaMatcha.com\",\"description\":\"\",\"publisher\":{\"@id\":\"https:\/\/moyamatcha.com\/en\/#organization\"},\"alternateName\":\"Moya Matcha\",\"potentialAction\":[{\"@type\":\"SearchAction\",\"target\":{\"@type\":\"EntryPoint\",\"urlTemplate\":\"https:\/\/moyamatcha.com\/en\/?s={search_term_string}\"},\"query-input\":{\"@type\":\"PropertyValueSpecification\",\"valueRequired\":true,\"valueName\":\"search_term_string\"}}],\"inLanguage\":\"en-US\"},{\"@type\":\"Organization\",\"@id\":\"https:\/\/moyamatcha.com\/en\/#organization\",\"name\":\"MoyaMatcha.com\",\"alternateName\":\"Moya Matcha Polska\",\"url\":\"https:\/\/moyamatcha.com\/en\/\",\"logo\":{\"@type\":\"ImageObject\",\"inLanguage\":\"en-US\",\"@id\":\"https:\/\/moyamatcha.com\/en\/#\/schema\/logo\/image\/\",\"url\":\"https:\/\/moyamatcha.com\/wp-content\/uploads\/2024\/11\/moya-300x297-1.png\",\"contentUrl\":\"https:\/\/moyamatcha.com\/wp-content\/uploads\/2024\/11\/moya-300x297-1.png\",\"width\":300,\"height\":297,\"caption\":\"MoyaMatcha.com\"},\"image\":{\"@id\":\"https:\/\/moyamatcha.com\/en\/#\/schema\/logo\/image\/\"},\"sameAs\":[\"https:\/\/www.facebook.com\/moyamatcha\"]}]}<\/script>\n<!-- \/ Yoast SEO plugin. -->","yoast_head_json":{"title":"Botan matcha bowl with a spout - MoyaMatcha","description":"Matcha bowl with a spout\u2014perfect for preparing matcha. Inspired by a Japanese legend, it blends tradition with functionality. Check it out!","robots":{"index":"index","follow":"follow","max-snippet":"max-snippet:-1","max-image-preview":"max-image-preview:large","max-video-preview":"max-video-preview:-1"},"canonical":"https:\/\/moyamatcha.com\/en\/produkt\/botan-matcha-bowl-with-a-spout\/","og_locale":"en_US","og_type":"article","og_title":"Botan matcha bowl with a spout - MoyaMatcha","og_description":"Matcha bowl with a spout\u2014perfect for preparing matcha. Inspired by a Japanese legend, it blends tradition with functionality. Check it out!","og_url":"https:\/\/moyamatcha.com\/en\/produkt\/botan-matcha-bowl-with-a-spout\/","og_site_name":"MoyaMatcha","article_publisher":"https:\/\/www.facebook.com\/moyamatcha","article_modified_time":"2026-04-11T13:43:39+00:00","og_image":[{"width":810,"height":1210,"url":"https:\/\/moyamatcha.com\/wp-content\/uploads\/2025\/04\/Czarka-do-matchy-matchwan-Botan-z-dzbiobkiem.png","type":"image\/png"}],"twitter_card":"summary_large_image","twitter_misc":{"Est. reading time":"4 minutes"},"schema":{"@context":"https:\/\/schema.org","@graph":[{"@type":"WebPage","@id":"https:\/\/moyamatcha.com\/en\/produkt\/botan-matcha-bowl-with-a-spout\/","url":"https:\/\/moyamatcha.com\/en\/produkt\/botan-matcha-bowl-with-a-spout\/","name":"Botan matcha bowl with a spout - MoyaMatcha","isPartOf":{"@id":"https:\/\/moyamatcha.com\/en\/#website"},"primaryImageOfPage":{"@id":"https:\/\/moyamatcha.com\/en\/produkt\/botan-matcha-bowl-with-a-spout\/#primaryimage"},"image":{"@id":"https:\/\/moyamatcha.com\/en\/produkt\/botan-matcha-bowl-with-a-spout\/#primaryimage"},"thumbnailUrl":"https:\/\/moyamatcha.com\/wp-content\/uploads\/2025\/04\/Czarka-do-matchy-matchwan-Botan-z-dzbiobkiem.png","datePublished":"2025-04-14T11:20:13+00:00","dateModified":"2026-04-11T13:43:39+00:00","description":"Matcha bowl with a spout\u2014perfect for preparing matcha. Inspired by a Japanese legend, it blends tradition with functionality. Check it out!","breadcrumb":{"@id":"https:\/\/moyamatcha.com\/en\/produkt\/botan-matcha-bowl-with-a-spout\/#breadcrumb"},"inLanguage":"en-US","potentialAction":[{"@type":"ReadAction","target":["https:\/\/moyamatcha.com\/en\/produkt\/botan-matcha-bowl-with-a-spout\/"]}]},{"@type":"ImageObject","inLanguage":"en-US","@id":"https:\/\/moyamatcha.com\/en\/produkt\/botan-matcha-bowl-with-a-spout\/#primaryimage","url":"https:\/\/moyamatcha.com\/wp-content\/uploads\/2025\/04\/Czarka-do-matchy-matchwan-Botan-z-dzbiobkiem.png","contentUrl":"https:\/\/moyamatcha.com\/wp-content\/uploads\/2025\/04\/Czarka-do-matchy-matchwan-Botan-z-dzbiobkiem.png","width":810,"height":1210,"caption":"Matchawan Botan czarka do matchy z dzi\u00f3bkiem"},{"@type":"BreadcrumbList","@id":"https:\/\/moyamatcha.com\/en\/produkt\/botan-matcha-bowl-with-a-spout\/#breadcrumb","itemListElement":[{"@type":"ListItem","position":1,"name":"Home","item":"https:\/\/moyamatcha.com\/en\/"},{"@type":"ListItem","position":2,"name":"Shop","item":"https:\/\/moyamatcha.com\/sklep\/"},{"@type":"ListItem","position":3,"name":"Accessories","item":"https:\/\/moyamatcha.com\/en\/product-category\/accessories-en\/"},{"@type":"ListItem","position":4,"name":"Matcha accessories","item":"https:\/\/moyamatcha.com\/en\/product-category\/accessories-en\/matcha-accessories\/"},{"@type":"ListItem","position":5,"name":"Matcha bowls","item":"https:\/\/moyamatcha.com\/en\/product-category\/accessories-en\/matcha-accessories\/matcha-bowls\/"},{"@type":"ListItem","position":6,"name":"Botan matcha bowl with a spout"}]},{"@type":"WebSite","@id":"https:\/\/moyamatcha.com\/en\/#website","url":"https:\/\/moyamatcha.com\/en\/","name":"MoyaMatcha.com","description":"","publisher":{"@id":"https:\/\/moyamatcha.com\/en\/#organization"},"alternateName":"Moya Matcha","potentialAction":[{"@type":"SearchAction","target":{"@type":"EntryPoint","urlTemplate":"https:\/\/moyamatcha.com\/en\/?s={search_term_string}"},"query-input":{"@type":"PropertyValueSpecification","valueRequired":true,"valueName":"search_term_string"}}],"inLanguage":"en-US"},{"@type":"Organization","@id":"https:\/\/moyamatcha.com\/en\/#organization","name":"MoyaMatcha.com","alternateName":"Moya Matcha Polska","url":"https:\/\/moyamatcha.com\/en\/","logo":{"@type":"ImageObject","inLanguage":"en-US","@id":"https:\/\/moyamatcha.com\/en\/#\/schema\/logo\/image\/","url":"https:\/\/moyamatcha.com\/wp-content\/uploads\/2024\/11\/moya-300x297-1.png","contentUrl":"https:\/\/moyamatcha.com\/wp-content\/uploads\/2024\/11\/moya-300x297-1.png","width":300,"height":297,"caption":"MoyaMatcha.com"},"image":{"@id":"https:\/\/moyamatcha.com\/en\/#\/schema\/logo\/image\/"},"sameAs":["https:\/\/www.facebook.com\/moyamatcha"]}]}},"_links":{"self":[{"href":"https:\/\/moyamatcha.com\/en\/wp-json\/wp\/v2\/product\/128706","targetHints":{"allow":["GET"]}}],"collection":[{"href":"https:\/\/moyamatcha.com\/en\/wp-json\/wp\/v2\/product"}],"about":[{"href":"https:\/\/moyamatcha.com\/en\/wp-json\/wp\/v2\/types\/product"}],"wp:featuredmedia":[{"embeddable":true,"href":"https:\/\/moyamatcha.com\/en\/wp-json\/wp\/v2\/media\/128723"}],"wp:attachment":[{"href":"https:\/\/moyamatcha.com\/en\/wp-json\/wp\/v2\/media?parent=128706"}],"wp:term":[{"taxonomy":"product_brand","embeddable":true,"href":"https:\/\/moyamatcha.com\/en\/wp-json\/wp\/v2\/product_brand?post=128706"},{"taxonomy":"product_cat","embeddable":true,"href":"https:\/\/moyamatcha.com\/en\/wp-json\/wp\/v2\/product_cat?post=128706"},{"taxonomy":"product_tag","embeddable":true,"href":"https:\/\/moyamatcha.com\/en\/wp-json\/wp\/v2\/product_tag?post=128706"}],"curies":[{"name":"wp","href":"https:\/\/api.w.org\/{rel}","templated":true}]}}