{"id":151294,"date":"2024-08-18T00:33:19","date_gmt":"2024-08-17T22:33:19","guid":{"rendered":"https:\/\/moyamatcha.com\/produkt\/moya-leaf-green-tea-set\/"},"modified":"2026-04-22T14:15:32","modified_gmt":"2026-04-22T12:15:32","slug":"moya-leaf-green-tea-set","status":"publish","type":"product","link":"https:\/\/moyamatcha.com\/en\/produkt\/moya-leaf-green-tea-set\/","title":{"rendered":"Moya Leaf Green Tea Set"},"content":{"rendered":"\n<section class=\"wp-block-group alignfull patternImgText has-light-moss-green-3-background-color has-background is-layout-constrained wp-block-group-is-layout-constrained\">\n<div class=\"wp-block-columns alignfull is-layout-flex wp-container-core-columns-is-layout-c5fdfbfa wp-block-columns-is-layout-flex\" style=\"margin-top:0;margin-right:0;margin-bottom:0;margin-left:0\">\n<div class=\"wp-block-column patternImgText__img is-layout-flow wp-block-column-is-layout-flow\" style=\"flex-basis:50%\">\n<figure class=\"wp-block-image size-full\"><img loading=\"lazy\" decoding=\"async\" width=\"1366\" height=\"2048\" src=\"https:\/\/moyamatcha.com\/wp-content\/uploads\/2024\/08\/moya-genmaicha-japonska-herbata-lisciasta-puszka-susz-napar.jpg\" alt=\"\" class=\"wp-image-16333\" srcset=\"https:\/\/moyamatcha.com\/wp-content\/uploads\/2024\/08\/moya-genmaicha-japonska-herbata-lisciasta-puszka-susz-napar.jpg 1366w, https:\/\/moyamatcha.com\/wp-content\/uploads\/2024\/08\/moya-genmaicha-japonska-herbata-lisciasta-puszka-susz-napar-200x300.jpg 200w, https:\/\/moyamatcha.com\/wp-content\/uploads\/2024\/08\/moya-genmaicha-japonska-herbata-lisciasta-puszka-susz-napar-768x1151.jpg 768w, https:\/\/moyamatcha.com\/wp-content\/uploads\/2024\/08\/moya-genmaicha-japonska-herbata-lisciasta-puszka-susz-napar-683x1024.jpg 683w, https:\/\/moyamatcha.com\/wp-content\/uploads\/2024\/08\/moya-genmaicha-japonska-herbata-lisciasta-puszka-susz-napar-1025x1536.jpg 1025w, https:\/\/moyamatcha.com\/wp-content\/uploads\/2024\/08\/moya-genmaicha-japonska-herbata-lisciasta-puszka-susz-napar-1224x1835.jpg 1224w, https:\/\/moyamatcha.com\/wp-content\/uploads\/2024\/08\/moya-genmaicha-japonska-herbata-lisciasta-puszka-susz-napar-912x1367.jpg 912w, https:\/\/moyamatcha.com\/wp-content\/uploads\/2024\/08\/moya-genmaicha-japonska-herbata-lisciasta-puszka-susz-napar-850x1274.jpg 850w, https:\/\/moyamatcha.com\/wp-content\/uploads\/2024\/08\/moya-genmaicha-japonska-herbata-lisciasta-puszka-susz-napar-600x900.jpg 600w, https:\/\/moyamatcha.com\/wp-content\/uploads\/2024\/08\/moya-genmaicha-japonska-herbata-lisciasta-puszka-susz-napar-480x720.jpg 480w, https:\/\/moyamatcha.com\/wp-content\/uploads\/2024\/08\/moya-genmaicha-japonska-herbata-lisciasta-puszka-susz-napar-372x558.jpg 372w, https:\/\/moyamatcha.com\/wp-content\/uploads\/2024\/08\/moya-genmaicha-japonska-herbata-lisciasta-puszka-susz-napar-260x390.jpg 260w, https:\/\/moyamatcha.com\/wp-content\/uploads\/2024\/08\/moya-genmaicha-japonska-herbata-lisciasta-puszka-susz-napar-120x180.jpg 120w, https:\/\/moyamatcha.com\/wp-content\/uploads\/2024\/08\/moya-genmaicha-japonska-herbata-lisciasta-puszka-susz-napar-90x135.jpg 90w, https:\/\/moyamatcha.com\/wp-content\/uploads\/2024\/08\/moya-genmaicha-japonska-herbata-lisciasta-puszka-susz-napar-40x60.jpg 40w\" sizes=\"auto, (max-width: 1366px) 100vw, 1366px\" \/><\/figure>\n<\/div>\n\n\n\n<div class=\"wp-block-column patternImgText__text is-layout-flow wp-block-column-is-layout-flow\" style=\"flex-basis:50%\">\n<div class=\"wp-block-group is-vertical is-content-justification-left is-layout-flex wp-container-core-group-is-layout-dd225191 wp-block-group-is-layout-flex\">\n<h2 class=\"wp-block-heading\">Organic Moya Genmaicha<\/h2>\n\n\n\n<p>Genmaicha is a sweet, slightly nutty, aromatic, rusty coloured tea. Its flavour \u2013 the one we know from sushi bars and Japanese restaurants \u2013 is exceptionally memorable. Legend has it that a servant to the Hakone shogun accidentally served his master a tea with some stolen grains of rice that he had in his pocket. This mistake cost him his life, but the shogun liked the taste so much that he decided to include it in his daily diet. This is how genmaicha, today known also as \u201epopcorn tea\u201d, came about. It was once considered to be a drink of the lower classes, as people used to add cheap rice grains to increase the volume of pure sencha. Moya Genmaicha is organically cultivated on the island of Kyushu.<br\/><br\/>Genmaicha tea contains medium levels of caffeine. It helps the digestive system, so it is traditionally served with meals. During long periods of fasting, Buddhist monks often support themselves with just genmaicha. Like other Japanese green teas, genmaicha is a rich source of catechins and antioxidants. Drinking genmaicha helps in slowing down the ageing processes, getting rid of toxins, reducing bad cholesterol, reducing sugar levels and improving dental health. Genmaicha is recommended in prevention of various diseases as its leaves contain easily absorbable vitamin C, beta carotene, folic acid, potassium, calcium and phosphorus.         <\/p>\n\n\n\n<p>Indgredients: 50% organic Japanese green tea sencha, 50% organic roasted brown rice<\/p>\n\n\n\n<p>Ilo\u015b\u0107 herbaty: 2-3 g na 150 ml<br\/>Czas parzenia: 2-3 min<br\/>Ilo\u015b\u0107 zaparze\u0144: 3<br\/>Temperatura parzenia: 70-80\u00b0C<\/p>\n<\/div>\n<\/div>\n<\/div>\n<\/section>\n\n<section class=\"wp-block-group alignfull patternTextImg is-layout-constrained wp-block-group-is-layout-constrained\">\n<div class=\"wp-block-columns alignfull is-layout-flex wp-container-core-columns-is-layout-c5fdfbfa wp-block-columns-is-layout-flex\" style=\"margin-top:0;margin-right:0;margin-bottom:0;margin-left:0\">\n<div class=\"wp-block-column patternTextImg__text is-layout-flow wp-block-column-is-layout-flow\" style=\"flex-basis:50%\">\n<div class=\"wp-block-group is-vertical is-content-justification-left is-layout-flex wp-container-core-group-is-layout-dd225191 wp-block-group-is-layout-flex\">\n<h2 class=\"wp-block-heading\">Organic Moya Sencha no. 21 21<\/h2>\n\n\n\n<p>Sweet and invigorating organic green tea with a grassy and slightly salty flavour. It is the most popular tea in Japan and a perfect gentle introduction to the joys of green teas. When infused, Sencha No. 21 gives a full-bodied flavour and a greenish golden colour. Sencha makes a perfect morning tea.      <\/p>\n\n\n\n<p>Sencha is recommended as a morning drink, since its early-picked leaves have an extremely high level of stimulating caffeine and sencha is known to speed up metabolism. Just like other Japanese green teas, it is not only a rich source of catechins but also one of most powerful natural antioxidants. Drinking sencha helps in slowing down the ageing processes, getting rid of toxins, reducing bad cholesterol, keeping sugar levels in check and improving dental health. Its leaves contain easily absorbable vitamin C, beta carotene, folic acid, potassium, calcium and phosphorus. Just like matcha tea, sencha is a well-known mood-booster.   <\/p>\n\n\n\n<p>Ingredients: 100% organic Japanese green tea sencha<\/p>\n\n\n\n<p>Ilo\u015b\u0107 herbaty: 2-3 g na 200 ml<br\/>Czas parzenia: 2 min<br\/>Ilo\u015b\u0107 zaparze\u0144: 3<br\/>Temperatura parzenia: 70-80\u00b0C<\/p>\n<\/div>\n<\/div>\n\n\n\n<div class=\"wp-block-column patternTextImg__img is-layout-flow wp-block-column-is-layout-flow\" style=\"flex-basis:50%\">\n<figure class=\"wp-block-image size-full\"><img loading=\"lazy\" decoding=\"async\" width=\"1366\" height=\"2048\" src=\"https:\/\/moyamatcha.com\/wp-content\/uploads\/2024\/08\/moya-kubek-josei-czajnik-sencha.jpg\" alt=\"\" class=\"wp-image-15483\" srcset=\"https:\/\/moyamatcha.com\/wp-content\/uploads\/2024\/08\/moya-kubek-josei-czajnik-sencha.jpg 1366w, https:\/\/moyamatcha.com\/wp-content\/uploads\/2024\/08\/moya-kubek-josei-czajnik-sencha-200x300.jpg 200w, https:\/\/moyamatcha.com\/wp-content\/uploads\/2024\/08\/moya-kubek-josei-czajnik-sencha-768x1151.jpg 768w, https:\/\/moyamatcha.com\/wp-content\/uploads\/2024\/08\/moya-kubek-josei-czajnik-sencha-683x1024.jpg 683w, https:\/\/moyamatcha.com\/wp-content\/uploads\/2024\/08\/moya-kubek-josei-czajnik-sencha-1025x1536.jpg 1025w, https:\/\/moyamatcha.com\/wp-content\/uploads\/2024\/08\/moya-kubek-josei-czajnik-sencha-1224x1835.jpg 1224w, https:\/\/moyamatcha.com\/wp-content\/uploads\/2024\/08\/moya-kubek-josei-czajnik-sencha-912x1367.jpg 912w, https:\/\/moyamatcha.com\/wp-content\/uploads\/2024\/08\/moya-kubek-josei-czajnik-sencha-850x1274.jpg 850w, https:\/\/moyamatcha.com\/wp-content\/uploads\/2024\/08\/moya-kubek-josei-czajnik-sencha-600x900.jpg 600w, https:\/\/moyamatcha.com\/wp-content\/uploads\/2024\/08\/moya-kubek-josei-czajnik-sencha-480x720.jpg 480w, https:\/\/moyamatcha.com\/wp-content\/uploads\/2024\/08\/moya-kubek-josei-czajnik-sencha-372x558.jpg 372w, https:\/\/moyamatcha.com\/wp-content\/uploads\/2024\/08\/moya-kubek-josei-czajnik-sencha-260x390.jpg 260w, https:\/\/moyamatcha.com\/wp-content\/uploads\/2024\/08\/moya-kubek-josei-czajnik-sencha-120x180.jpg 120w, https:\/\/moyamatcha.com\/wp-content\/uploads\/2024\/08\/moya-kubek-josei-czajnik-sencha-90x135.jpg 90w, https:\/\/moyamatcha.com\/wp-content\/uploads\/2024\/08\/moya-kubek-josei-czajnik-sencha-40x60.jpg 40w\" sizes=\"auto, (max-width: 1366px) 100vw, 1366px\" \/><\/figure>\n<\/div>\n<\/div>\n<\/section>\n\n<section class=\"wp-block-group patternTextImg has-light-moss-green-3-background-color has-background is-layout-constrained wp-block-group-is-layout-constrained\">\n<div class=\"wp-block-columns alignfull is-layout-flex wp-container-core-columns-is-layout-c5fdfbfa wp-block-columns-is-layout-flex\" style=\"margin-top:0;margin-right:0;margin-bottom:0;margin-left:0\">\n<div class=\"wp-block-column patternTextImg__img is-layout-flow wp-block-column-is-layout-flow\" style=\"flex-basis:50%\">\n<figure class=\"wp-block-image size-full\"><img loading=\"lazy\" decoding=\"async\" width=\"1366\" height=\"2048\" src=\"https:\/\/moyamatcha.com\/wp-content\/uploads\/2024\/08\/moya-hojicha-japonska-herbata-lisciasta-susz-napar-puszka.jpg\" alt=\"\" class=\"wp-image-16363\" srcset=\"https:\/\/moyamatcha.com\/wp-content\/uploads\/2024\/08\/moya-hojicha-japonska-herbata-lisciasta-susz-napar-puszka.jpg 1366w, https:\/\/moyamatcha.com\/wp-content\/uploads\/2024\/08\/moya-hojicha-japonska-herbata-lisciasta-susz-napar-puszka-200x300.jpg 200w, https:\/\/moyamatcha.com\/wp-content\/uploads\/2024\/08\/moya-hojicha-japonska-herbata-lisciasta-susz-napar-puszka-768x1151.jpg 768w, https:\/\/moyamatcha.com\/wp-content\/uploads\/2024\/08\/moya-hojicha-japonska-herbata-lisciasta-susz-napar-puszka-683x1024.jpg 683w, https:\/\/moyamatcha.com\/wp-content\/uploads\/2024\/08\/moya-hojicha-japonska-herbata-lisciasta-susz-napar-puszka-1025x1536.jpg 1025w, https:\/\/moyamatcha.com\/wp-content\/uploads\/2024\/08\/moya-hojicha-japonska-herbata-lisciasta-susz-napar-puszka-1224x1835.jpg 1224w, https:\/\/moyamatcha.com\/wp-content\/uploads\/2024\/08\/moya-hojicha-japonska-herbata-lisciasta-susz-napar-puszka-912x1367.jpg 912w, https:\/\/moyamatcha.com\/wp-content\/uploads\/2024\/08\/moya-hojicha-japonska-herbata-lisciasta-susz-napar-puszka-850x1274.jpg 850w, https:\/\/moyamatcha.com\/wp-content\/uploads\/2024\/08\/moya-hojicha-japonska-herbata-lisciasta-susz-napar-puszka-600x900.jpg 600w, https:\/\/moyamatcha.com\/wp-content\/uploads\/2024\/08\/moya-hojicha-japonska-herbata-lisciasta-susz-napar-puszka-480x720.jpg 480w, https:\/\/moyamatcha.com\/wp-content\/uploads\/2024\/08\/moya-hojicha-japonska-herbata-lisciasta-susz-napar-puszka-372x558.jpg 372w, https:\/\/moyamatcha.com\/wp-content\/uploads\/2024\/08\/moya-hojicha-japonska-herbata-lisciasta-susz-napar-puszka-260x390.jpg 260w, https:\/\/moyamatcha.com\/wp-content\/uploads\/2024\/08\/moya-hojicha-japonska-herbata-lisciasta-susz-napar-puszka-120x180.jpg 120w, https:\/\/moyamatcha.com\/wp-content\/uploads\/2024\/08\/moya-hojicha-japonska-herbata-lisciasta-susz-napar-puszka-90x135.jpg 90w, https:\/\/moyamatcha.com\/wp-content\/uploads\/2024\/08\/moya-hojicha-japonska-herbata-lisciasta-susz-napar-puszka-40x60.jpg 40w\" sizes=\"auto, (max-width: 1366px) 100vw, 1366px\" \/><\/figure>\n<\/div>\n\n\n\n<div class=\"wp-block-column patternTextImg__text is-layout-flow wp-block-column-is-layout-flow\" style=\"flex-basis:50%\">\n<div class=\"wp-block-group is-vertical is-content-justification-left is-layout-flex wp-container-core-group-is-layout-dd225191 wp-block-group-is-layout-flex\">\n<h2 class=\"wp-block-heading\">Organic Moya Hojicha<\/h2>\n\n\n\n<p>A Japanese invention, hojicha is made by roasting sencha green tea leaves. When grilled, the tea leaves take on a crimson brown colour and a unique woody aroma. The roasting process lowers hojicha\u2019s caffeine content which makes it one of the preferred teas in the macrobiotic diet and a perfect evening tea.   <\/p>\n\n\n\n<p>Due to its unique production process, hojicha is a tea that has exceptionally low caffeine content as it is reduced during the roasting process. Pregnant women, children and elderly in Japan often drink hojicha and it\u2019s a common evening tea. Hojicha is valued for its extraordinary flavour and aroma, and it also has many properties that are beneficial to our health. Just like other Japanese green teas, hojicha is a rich source of catechins and antioxidants. Drinking hojicha is good for the digestion, and it also delays the ageing processes, helps to get rid of toxins, reduces bad cholesterol and keeps the sugar levels normal. Its leaves contain easily absorbable vitamin C, beta-carotene, folic acid, potassium, calcium and phosphorus.    <\/p>\n\n\n\n<p>Ingredients: 100% organic Japanese green tea hojicha<\/p>\n\n\n\n<p>Ilo\u015b\u0107 herbaty: 2-3 g na 200 ml<br\/>Czas parzenia: 1-3 min.<br\/>Ilo\u015b\u0107 zaparze\u0144: 3<br\/>Temperatura parzenia: 75-90\u00b0C<\/p>\n<\/div>\n<\/div>\n<\/div>\n<\/section>\n","protected":false},"excerpt":{"rendered":"<div id=\"wp-excerpt-wrap\" class=\"wp-core-ui wp-editor-wrap tmce-active\"><link rel='stylesheet' id='dashicons-css' href='https:\/\/moyamatcha.com\/wp-includes\/css\/dashicons.min.css' type='text\/css' media='all' \/>\n<link rel='stylesheet' id='editor-buttons-css' href='https:\/\/moyamatcha.com\/wp-includes\/css\/editor.min.css' type='text\/css' media='all' \/>\n<style>.wp-editor-container { width: 100% !important; }<\/style>\n<div id=\"wp-excerpt-editor-container\" class=\"wp-editor-container\"><textarea class=\"wp-editor-area\" rows=\"5\" autocomplete=\"off\" cols=\"40\" name=\"excerpt\" id=\"excerpt\">&lt;p&gt;Carefully selected composition of the highest quality Japanese teas in an elegant black package. Each of the loose-leaf teas in the set is unique in taste and together they reflect the diversity of the world of Japanese tea. This is a perfect gift for both Japan and green tea enthusiasts as well as those who are yet to discover this world.  &lt;\/p&gt;<\/textarea><\/div>\n<\/div>\n\n","protected":false},"featured_media":87371,"template":"","meta":{"_acf_changed":false,"inline_featured_image":false},"product_brand":[],"product_cat":[1061,1094,532,540,1068],"product_tag":[],"class_list":{"0":"post-151294","1":"product","2":"type-product","3":"status-publish","4":"has-post-thumbnail","6":"product_cat-leaf-tea-sets","7":"product_cat-bestsellers","8":"product_cat-presents","9":"product_cat-gift-sets","10":"product_cat-main-page","12":"first","13":"instock","14":"purchasable","15":"product-type-simple"},"acf":[],"yoast_head":"<!-- This site is optimized with the Yoast SEO plugin v27.0 - https:\/\/yoast.com\/product\/yoast-seo-wordpress\/ -->\n<title>Moya Leaf Green Tea Set - MoyaMatcha<\/title>\n<meta name=\"description\" content=\"Carefully selected composition of the highest quality Japanese teas in an elegant black package. Each of the loose-leaf teas in the set is unique in taste and together they reflect the diversity of the world of Japanese tea. This is a perfect gift for both Japan and green tea enthusiasts as well as those who are yet to discover this world.\" \/>\n<meta name=\"robots\" content=\"index, follow, max-snippet:-1, max-image-preview:large, max-video-preview:-1\" \/>\n<link rel=\"canonical\" href=\"https:\/\/moyamatcha.com\/en\/produkt\/moya-leaf-green-tea-set\/\" \/>\n<meta property=\"og:locale\" content=\"en_US\" \/>\n<meta property=\"og:type\" content=\"article\" \/>\n<meta property=\"og:title\" content=\"Moya Leaf Green Tea Set - MoyaMatcha\" \/>\n<meta property=\"og:description\" content=\"Carefully selected composition of the highest quality Japanese teas in an elegant black package. Each of the loose-leaf teas in the set is unique in taste and together they reflect the diversity of the world of Japanese tea. This is a perfect gift for both Japan and green tea enthusiasts as well as those who are yet to discover this world.\" \/>\n<meta property=\"og:url\" content=\"https:\/\/moyamatcha.com\/en\/produkt\/moya-leaf-green-tea-set\/\" \/>\n<meta property=\"og:site_name\" content=\"MoyaMatcha\" \/>\n<meta property=\"article:publisher\" content=\"https:\/\/www.facebook.com\/moyamatcha\" \/>\n<meta property=\"article:modified_time\" content=\"2026-04-22T12:15:32+00:00\" \/>\n<meta property=\"og:image\" content=\"https:\/\/moyamatcha.com\/wp-content\/uploads\/2024\/08\/zestaw-prezentowy-herbata-lisciasta-moya.png\" \/>\n\t<meta property=\"og:image:width\" content=\"810\" \/>\n\t<meta property=\"og:image:height\" content=\"1213\" \/>\n\t<meta property=\"og:image:type\" content=\"image\/png\" \/>\n<meta name=\"twitter:card\" content=\"summary_large_image\" \/>\n<meta name=\"twitter:label1\" content=\"Est. reading time\" \/>\n\t<meta name=\"twitter:data1\" content=\"3 minutes\" \/>\n<script type=\"application\/ld+json\" class=\"yoast-schema-graph\">{\"@context\":\"https:\/\/schema.org\",\"@graph\":[{\"@type\":\"WebPage\",\"@id\":\"https:\/\/moyamatcha.com\/en\/produkt\/moya-leaf-green-tea-set\/\",\"url\":\"https:\/\/moyamatcha.com\/en\/produkt\/moya-leaf-green-tea-set\/\",\"name\":\"Moya Leaf Green Tea Set - MoyaMatcha\",\"isPartOf\":{\"@id\":\"https:\/\/moyamatcha.com\/en\/#website\"},\"primaryImageOfPage\":{\"@id\":\"https:\/\/moyamatcha.com\/en\/produkt\/moya-leaf-green-tea-set\/#primaryimage\"},\"image\":{\"@id\":\"https:\/\/moyamatcha.com\/en\/produkt\/moya-leaf-green-tea-set\/#primaryimage\"},\"thumbnailUrl\":\"https:\/\/moyamatcha.com\/wp-content\/uploads\/2024\/08\/zestaw-prezentowy-herbata-lisciasta-moya.png\",\"datePublished\":\"2024-08-17T22:33:19+00:00\",\"dateModified\":\"2026-04-22T12:15:32+00:00\",\"description\":\"Carefully selected composition of the highest quality Japanese teas in an elegant black package. Each of the loose-leaf teas in the set is unique in taste and together they reflect the diversity of the world of Japanese tea. This is a perfect gift for both Japan and green tea enthusiasts as well as those who are yet to discover this world.\",\"breadcrumb\":{\"@id\":\"https:\/\/moyamatcha.com\/en\/produkt\/moya-leaf-green-tea-set\/#breadcrumb\"},\"inLanguage\":\"en-US\",\"potentialAction\":[{\"@type\":\"ReadAction\",\"target\":[\"https:\/\/moyamatcha.com\/en\/produkt\/moya-leaf-green-tea-set\/\"]}]},{\"@type\":\"ImageObject\",\"inLanguage\":\"en-US\",\"@id\":\"https:\/\/moyamatcha.com\/en\/produkt\/moya-leaf-green-tea-set\/#primaryimage\",\"url\":\"https:\/\/moyamatcha.com\/wp-content\/uploads\/2024\/08\/zestaw-prezentowy-herbata-lisciasta-moya.png\",\"contentUrl\":\"https:\/\/moyamatcha.com\/wp-content\/uploads\/2024\/08\/zestaw-prezentowy-herbata-lisciasta-moya.png\",\"width\":810,\"height\":1213},{\"@type\":\"BreadcrumbList\",\"@id\":\"https:\/\/moyamatcha.com\/en\/produkt\/moya-leaf-green-tea-set\/#breadcrumb\",\"itemListElement\":[{\"@type\":\"ListItem\",\"position\":1,\"name\":\"Home\",\"item\":\"https:\/\/moyamatcha.com\/en\/\"},{\"@type\":\"ListItem\",\"position\":2,\"name\":\"Shop\",\"item\":\"https:\/\/moyamatcha.com\/sklep\/\"},{\"@type\":\"ListItem\",\"position\":3,\"name\":\"Presents\",\"item\":\"https:\/\/moyamatcha.com\/en\/product-category\/presents\/\"},{\"@type\":\"ListItem\",\"position\":4,\"name\":\"Moya Leaf Green Tea Set\"}]},{\"@type\":\"WebSite\",\"@id\":\"https:\/\/moyamatcha.com\/en\/#website\",\"url\":\"https:\/\/moyamatcha.com\/en\/\",\"name\":\"MoyaMatcha.com\",\"description\":\"\",\"publisher\":{\"@id\":\"https:\/\/moyamatcha.com\/en\/#organization\"},\"alternateName\":\"Moya Matcha\",\"potentialAction\":[{\"@type\":\"SearchAction\",\"target\":{\"@type\":\"EntryPoint\",\"urlTemplate\":\"https:\/\/moyamatcha.com\/en\/?s={search_term_string}\"},\"query-input\":{\"@type\":\"PropertyValueSpecification\",\"valueRequired\":true,\"valueName\":\"search_term_string\"}}],\"inLanguage\":\"en-US\"},{\"@type\":\"Organization\",\"@id\":\"https:\/\/moyamatcha.com\/en\/#organization\",\"name\":\"MoyaMatcha.com\",\"alternateName\":\"Moya Matcha Polska\",\"url\":\"https:\/\/moyamatcha.com\/en\/\",\"logo\":{\"@type\":\"ImageObject\",\"inLanguage\":\"en-US\",\"@id\":\"https:\/\/moyamatcha.com\/en\/#\/schema\/logo\/image\/\",\"url\":\"https:\/\/moyamatcha.com\/wp-content\/uploads\/2024\/11\/moya-300x297-1.png\",\"contentUrl\":\"https:\/\/moyamatcha.com\/wp-content\/uploads\/2024\/11\/moya-300x297-1.png\",\"width\":300,\"height\":297,\"caption\":\"MoyaMatcha.com\"},\"image\":{\"@id\":\"https:\/\/moyamatcha.com\/en\/#\/schema\/logo\/image\/\"},\"sameAs\":[\"https:\/\/www.facebook.com\/moyamatcha\"]}]}<\/script>\n<!-- \/ Yoast SEO plugin. -->","yoast_head_json":{"title":"Moya Leaf Green Tea Set - MoyaMatcha","description":"Carefully selected composition of the highest quality Japanese teas in an elegant black package. Each of the loose-leaf teas in the set is unique in taste and together they reflect the diversity of the world of Japanese tea. This is a perfect gift for both Japan and green tea enthusiasts as well as those who are yet to discover this world.","robots":{"index":"index","follow":"follow","max-snippet":"max-snippet:-1","max-image-preview":"max-image-preview:large","max-video-preview":"max-video-preview:-1"},"canonical":"https:\/\/moyamatcha.com\/en\/produkt\/moya-leaf-green-tea-set\/","og_locale":"en_US","og_type":"article","og_title":"Moya Leaf Green Tea Set - MoyaMatcha","og_description":"Carefully selected composition of the highest quality Japanese teas in an elegant black package. Each of the loose-leaf teas in the set is unique in taste and together they reflect the diversity of the world of Japanese tea. This is a perfect gift for both Japan and green tea enthusiasts as well as those who are yet to discover this world.","og_url":"https:\/\/moyamatcha.com\/en\/produkt\/moya-leaf-green-tea-set\/","og_site_name":"MoyaMatcha","article_publisher":"https:\/\/www.facebook.com\/moyamatcha","article_modified_time":"2026-04-22T12:15:32+00:00","og_image":[{"width":810,"height":1213,"url":"https:\/\/moyamatcha.com\/wp-content\/uploads\/2024\/08\/zestaw-prezentowy-herbata-lisciasta-moya.png","type":"image\/png"}],"twitter_card":"summary_large_image","twitter_misc":{"Est. reading time":"3 minutes"},"schema":{"@context":"https:\/\/schema.org","@graph":[{"@type":"WebPage","@id":"https:\/\/moyamatcha.com\/en\/produkt\/moya-leaf-green-tea-set\/","url":"https:\/\/moyamatcha.com\/en\/produkt\/moya-leaf-green-tea-set\/","name":"Moya Leaf Green Tea Set - MoyaMatcha","isPartOf":{"@id":"https:\/\/moyamatcha.com\/en\/#website"},"primaryImageOfPage":{"@id":"https:\/\/moyamatcha.com\/en\/produkt\/moya-leaf-green-tea-set\/#primaryimage"},"image":{"@id":"https:\/\/moyamatcha.com\/en\/produkt\/moya-leaf-green-tea-set\/#primaryimage"},"thumbnailUrl":"https:\/\/moyamatcha.com\/wp-content\/uploads\/2024\/08\/zestaw-prezentowy-herbata-lisciasta-moya.png","datePublished":"2024-08-17T22:33:19+00:00","dateModified":"2026-04-22T12:15:32+00:00","description":"Carefully selected composition of the highest quality Japanese teas in an elegant black package. Each of the loose-leaf teas in the set is unique in taste and together they reflect the diversity of the world of Japanese tea. This is a perfect gift for both Japan and green tea enthusiasts as well as those who are yet to discover this world.","breadcrumb":{"@id":"https:\/\/moyamatcha.com\/en\/produkt\/moya-leaf-green-tea-set\/#breadcrumb"},"inLanguage":"en-US","potentialAction":[{"@type":"ReadAction","target":["https:\/\/moyamatcha.com\/en\/produkt\/moya-leaf-green-tea-set\/"]}]},{"@type":"ImageObject","inLanguage":"en-US","@id":"https:\/\/moyamatcha.com\/en\/produkt\/moya-leaf-green-tea-set\/#primaryimage","url":"https:\/\/moyamatcha.com\/wp-content\/uploads\/2024\/08\/zestaw-prezentowy-herbata-lisciasta-moya.png","contentUrl":"https:\/\/moyamatcha.com\/wp-content\/uploads\/2024\/08\/zestaw-prezentowy-herbata-lisciasta-moya.png","width":810,"height":1213},{"@type":"BreadcrumbList","@id":"https:\/\/moyamatcha.com\/en\/produkt\/moya-leaf-green-tea-set\/#breadcrumb","itemListElement":[{"@type":"ListItem","position":1,"name":"Home","item":"https:\/\/moyamatcha.com\/en\/"},{"@type":"ListItem","position":2,"name":"Shop","item":"https:\/\/moyamatcha.com\/sklep\/"},{"@type":"ListItem","position":3,"name":"Presents","item":"https:\/\/moyamatcha.com\/en\/product-category\/presents\/"},{"@type":"ListItem","position":4,"name":"Moya Leaf Green Tea Set"}]},{"@type":"WebSite","@id":"https:\/\/moyamatcha.com\/en\/#website","url":"https:\/\/moyamatcha.com\/en\/","name":"MoyaMatcha.com","description":"","publisher":{"@id":"https:\/\/moyamatcha.com\/en\/#organization"},"alternateName":"Moya Matcha","potentialAction":[{"@type":"SearchAction","target":{"@type":"EntryPoint","urlTemplate":"https:\/\/moyamatcha.com\/en\/?s={search_term_string}"},"query-input":{"@type":"PropertyValueSpecification","valueRequired":true,"valueName":"search_term_string"}}],"inLanguage":"en-US"},{"@type":"Organization","@id":"https:\/\/moyamatcha.com\/en\/#organization","name":"MoyaMatcha.com","alternateName":"Moya Matcha Polska","url":"https:\/\/moyamatcha.com\/en\/","logo":{"@type":"ImageObject","inLanguage":"en-US","@id":"https:\/\/moyamatcha.com\/en\/#\/schema\/logo\/image\/","url":"https:\/\/moyamatcha.com\/wp-content\/uploads\/2024\/11\/moya-300x297-1.png","contentUrl":"https:\/\/moyamatcha.com\/wp-content\/uploads\/2024\/11\/moya-300x297-1.png","width":300,"height":297,"caption":"MoyaMatcha.com"},"image":{"@id":"https:\/\/moyamatcha.com\/en\/#\/schema\/logo\/image\/"},"sameAs":["https:\/\/www.facebook.com\/moyamatcha"]}]}},"_links":{"self":[{"href":"https:\/\/moyamatcha.com\/en\/wp-json\/wp\/v2\/product\/151294","targetHints":{"allow":["GET"]}}],"collection":[{"href":"https:\/\/moyamatcha.com\/en\/wp-json\/wp\/v2\/product"}],"about":[{"href":"https:\/\/moyamatcha.com\/en\/wp-json\/wp\/v2\/types\/product"}],"wp:featuredmedia":[{"embeddable":true,"href":"https:\/\/moyamatcha.com\/en\/wp-json\/wp\/v2\/media\/87371"}],"wp:attachment":[{"href":"https:\/\/moyamatcha.com\/en\/wp-json\/wp\/v2\/media?parent=151294"}],"wp:term":[{"taxonomy":"product_brand","embeddable":true,"href":"https:\/\/moyamatcha.com\/en\/wp-json\/wp\/v2\/product_brand?post=151294"},{"taxonomy":"product_cat","embeddable":true,"href":"https:\/\/moyamatcha.com\/en\/wp-json\/wp\/v2\/product_cat?post=151294"},{"taxonomy":"product_tag","embeddable":true,"href":"https:\/\/moyamatcha.com\/en\/wp-json\/wp\/v2\/product_tag?post=151294"}],"curies":[{"name":"wp","href":"https:\/\/api.w.org\/{rel}","templated":true}]}}