{"id":171702,"date":"2025-06-18T12:23:23","date_gmt":"2025-06-18T10:23:23","guid":{"rendered":"https:\/\/moyamatcha.com\/?post_type=product&#038;p=171702"},"modified":"2026-04-09T14:33:23","modified_gmt":"2026-04-09T12:33:23","slug":"cold-brew-bottle-750ml","status":"publish","type":"product","link":"https:\/\/moyamatcha.com\/en\/produkt\/cold-brew-bottle-750ml\/","title":{"rendered":"Cold Brew Bottle \u2013 750 ml"},"content":{"rendered":"\n<section class=\"wp-block-group alignfull patternImgText has-light-moss-green-3-background-color has-background is-layout-constrained wp-block-group-is-layout-constrained\">\n<div class=\"wp-block-columns alignfull is-layout-flex wp-container-core-columns-is-layout-c5fdfbfa wp-block-columns-is-layout-flex\" style=\"margin-top:0;margin-right:0;margin-bottom:0;margin-left:0\">\n<div class=\"wp-block-column patternImgText__img is-layout-flow wp-block-column-is-layout-flow\" style=\"flex-basis:50%\">\n<figure class=\"wp-block-image size-full\"><img loading=\"lazy\" decoding=\"async\" width=\"1707\" height=\"2560\" src=\"https:\/\/moyamatcha.com\/wp-content\/uploads\/2025\/06\/cold-brew-butelka-nalewanie-scaled.jpg\" alt=\"butelka-do-cold-brew\" class=\"wp-image-171722\" srcset=\"https:\/\/moyamatcha.com\/wp-content\/uploads\/2025\/06\/cold-brew-butelka-nalewanie-scaled.jpg 1707w, https:\/\/moyamatcha.com\/wp-content\/uploads\/2025\/06\/cold-brew-butelka-nalewanie-200x300.jpg 200w, https:\/\/moyamatcha.com\/wp-content\/uploads\/2025\/06\/cold-brew-butelka-nalewanie-683x1024.jpg 683w, https:\/\/moyamatcha.com\/wp-content\/uploads\/2025\/06\/cold-brew-butelka-nalewanie-768x1152.jpg 768w, https:\/\/moyamatcha.com\/wp-content\/uploads\/2025\/06\/cold-brew-butelka-nalewanie-1024x1536.jpg 1024w, https:\/\/moyamatcha.com\/wp-content\/uploads\/2025\/06\/cold-brew-butelka-nalewanie-1365x2048.jpg 1365w, https:\/\/moyamatcha.com\/wp-content\/uploads\/2025\/06\/cold-brew-butelka-nalewanie-1920x2880.jpg 1920w, https:\/\/moyamatcha.com\/wp-content\/uploads\/2025\/06\/cold-brew-butelka-nalewanie-1224x1836.jpg 1224w, https:\/\/moyamatcha.com\/wp-content\/uploads\/2025\/06\/cold-brew-butelka-nalewanie-912x1368.jpg 912w, https:\/\/moyamatcha.com\/wp-content\/uploads\/2025\/06\/cold-brew-butelka-nalewanie-850x1275.jpg 850w, https:\/\/moyamatcha.com\/wp-content\/uploads\/2025\/06\/cold-brew-butelka-nalewanie-600x900.jpg 600w, https:\/\/moyamatcha.com\/wp-content\/uploads\/2025\/06\/cold-brew-butelka-nalewanie-480x720.jpg 480w, https:\/\/moyamatcha.com\/wp-content\/uploads\/2025\/06\/cold-brew-butelka-nalewanie-372x558.jpg 372w, https:\/\/moyamatcha.com\/wp-content\/uploads\/2025\/06\/cold-brew-butelka-nalewanie-260x390.jpg 260w, https:\/\/moyamatcha.com\/wp-content\/uploads\/2025\/06\/cold-brew-butelka-nalewanie-120x180.jpg 120w, https:\/\/moyamatcha.com\/wp-content\/uploads\/2025\/06\/cold-brew-butelka-nalewanie-90x135.jpg 90w, https:\/\/moyamatcha.com\/wp-content\/uploads\/2025\/06\/cold-brew-butelka-nalewanie-40x60.jpg 40w\" sizes=\"auto, (max-width: 1707px) 100vw, 1707px\" \/><\/figure>\n<\/div>\n\n\n\n<div class=\"wp-block-column patternImgText__text is-layout-flow wp-block-column-is-layout-flow\" style=\"flex-basis:50%\">\n<div class=\"wp-block-group is-vertical is-content-justification-left is-layout-flex wp-container-core-group-is-layout-dd225191 wp-block-group-is-layout-flex\">\n<h2 class=\"wp-block-heading\">Butelka do Cold Brew<\/h2>\n\n\n\n<p>Du\u017ca butelka do cold brew (750 ml) to doskona\u0142y wyb\u00f3r dla tych, kt\u00f3rzy chc\u0105 przygotowa\u0107 wi\u0119ksz\u0105 ilo\u015b\u0107 herbaty na ch\u0142odne orze\u017awienie w upalne dni np. na ogrodzie do dzielenia si\u0119 z bliskimi. Wykonana z \u017caroodpornego szk\u0142a, \u0142\u0105czy estetyczny wygl\u0105d z funkcjonalno\u015bci\u0105 i trwa\u0142o\u015bci\u0105. Klasyczny kszta\u0142t oraz silikonowa g\u00f3rna cz\u0119\u015b\u0107 dodaj\u0105 jej elegancji i nowoczesno\u015bci.<\/p>\n\n\n\n<p>Przygotowanie naparu jest wyj\u0105tkowo proste \u2013 wystarczy wsypa\u0107 dowoln\u0105 herbat\u0119 li\u015bciast\u0105, zala\u0107 zimn\u0105 wod\u0105 i odstawi\u0107 do lod\u00f3wki na noc (7\u201312 godzin). Nap\u00f3j uzyskany w ten spos\u00f3b jest \u0142agodny, smaczny i wolny od goryczy. Dzi\u0119ki filtrowi wbudowanemu w g\u00f3rn\u0105 cz\u0119\u015b\u0107, li\u015bcie herbaty pozostaj\u0105 w \u015brodku, a Ty mo\u017cesz od razu delektowa\u0107 si\u0119 klarownym naparem. Butelka doskonale sprawdza si\u0119 tak\u017ce do przygotowywania wody z owocami. Mo\u017cna j\u0105 my\u0107 w zmywarce, a czyszczenie jest szybkie i bezproblemowe.<\/p>\n\n\n\n<p>Sprawd\u017a te\u017c mniejsz\u0105 wersj\u0119 butelki dost\u0119pn\u0105 <a href=\"https:\/\/moyamatcha.com\/en\/produkt\/cold-brew-bottle-350ml\/\">na naszej stronie.<\/a><\/p>\n<\/div>\n<\/div>\n<\/div>\n<\/section>\n","protected":false},"excerpt":{"rendered":"<div id=\"wp-excerpt-wrap\" class=\"wp-core-ui wp-editor-wrap tmce-active\"><link rel='stylesheet' id='dashicons-css' href='https:\/\/moyamatcha.com\/wp-includes\/css\/dashicons.min.css' type='text\/css' media='all' \/>\n<link rel='stylesheet' id='editor-buttons-css' href='https:\/\/moyamatcha.com\/wp-includes\/css\/editor.min.css' type='text\/css' media='all' \/>\n<style>.wp-editor-container { width: 100% !important; }<\/style>\n<div id=\"wp-excerpt-editor-container\" class=\"wp-editor-container\"><textarea class=\"wp-editor-area\" rows=\"5\" autocomplete=\"off\" cols=\"40\" name=\"excerpt\" id=\"excerpt\">&lt;p&gt;The glass bottle for cold brew is a functional cold tea infuser that we have introduced to our range to allow for easy preparation of classic cold brew at home.&lt;\/p&gt;<\/textarea><\/div>\n<\/div>\n\n","protected":false},"featured_media":171839,"template":"","meta":{"_acf_changed":true,"inline_featured_image":false},"product_brand":[],"product_cat":[427,528,1091],"product_tag":[],"class_list":{"0":"post-171702","1":"product","2":"type-product","3":"status-publish","4":"has-post-thumbnail","6":"product_cat-accessories-en","7":"product_cat-leaf-tea-accessories","8":"product_cat-other-tea-accessories","10":"first","11":"instock","12":"purchasable","13":"product-type-simple"},"acf":[],"yoast_head":"<!-- This site is optimized with the Yoast SEO plugin v27.0 - https:\/\/yoast.com\/product\/yoast-seo-wordpress\/ -->\n<title>Cold Brew Bottle \u2013 750 ml - MoyaMatcha<\/title>\n<meta name=\"description\" content=\"The glass bottle for cold brew is a functional cold tea infuser that we have introduced to our range to allow for easy preparation of classic cold brew at home.\" \/>\n<meta name=\"robots\" content=\"index, follow, max-snippet:-1, max-image-preview:large, max-video-preview:-1\" \/>\n<link rel=\"canonical\" href=\"https:\/\/moyamatcha.com\/en\/produkt\/cold-brew-bottle-750ml\/\" \/>\n<meta property=\"og:locale\" content=\"en_US\" \/>\n<meta property=\"og:type\" content=\"article\" \/>\n<meta property=\"og:title\" content=\"Cold Brew Bottle \u2013 750 ml - MoyaMatcha\" \/>\n<meta property=\"og:description\" content=\"The glass bottle for cold brew is a functional cold tea infuser that we have introduced to our range to allow for easy preparation of classic cold brew at home.\" \/>\n<meta property=\"og:url\" content=\"https:\/\/moyamatcha.com\/en\/produkt\/cold-brew-bottle-750ml\/\" \/>\n<meta property=\"og:site_name\" content=\"MoyaMatcha\" \/>\n<meta property=\"article:publisher\" content=\"https:\/\/www.facebook.com\/moyamatcha\" \/>\n<meta property=\"article:modified_time\" content=\"2026-04-09T12:33:23+00:00\" \/>\n<meta property=\"og:image\" content=\"https:\/\/moyamatcha.com\/wp-content\/uploads\/2025\/06\/cold-brew-butelka.png\" \/>\n\t<meta property=\"og:image:width\" content=\"810\" \/>\n\t<meta property=\"og:image:height\" content=\"1211\" \/>\n\t<meta property=\"og:image:type\" content=\"image\/png\" \/>\n<meta name=\"twitter:card\" content=\"summary_large_image\" \/>\n<meta name=\"twitter:label1\" content=\"Est. reading time\" \/>\n\t<meta name=\"twitter:data1\" content=\"2 minutes\" \/>\n<script type=\"application\/ld+json\" class=\"yoast-schema-graph\">{\"@context\":\"https:\/\/schema.org\",\"@graph\":[{\"@type\":\"WebPage\",\"@id\":\"https:\/\/moyamatcha.com\/en\/produkt\/cold-brew-bottle-750ml\/\",\"url\":\"https:\/\/moyamatcha.com\/en\/produkt\/cold-brew-bottle-750ml\/\",\"name\":\"Cold Brew Bottle \u2013 750 ml - MoyaMatcha\",\"isPartOf\":{\"@id\":\"https:\/\/moyamatcha.com\/en\/#website\"},\"primaryImageOfPage\":{\"@id\":\"https:\/\/moyamatcha.com\/en\/produkt\/cold-brew-bottle-750ml\/#primaryimage\"},\"image\":{\"@id\":\"https:\/\/moyamatcha.com\/en\/produkt\/cold-brew-bottle-750ml\/#primaryimage\"},\"thumbnailUrl\":\"https:\/\/moyamatcha.com\/wp-content\/uploads\/2025\/06\/cold-brew-butelka.png\",\"datePublished\":\"2025-06-18T10:23:23+00:00\",\"dateModified\":\"2026-04-09T12:33:23+00:00\",\"description\":\"The glass bottle for cold brew is a functional cold tea infuser that we have introduced to our range to allow for easy preparation of classic cold brew at home.\",\"breadcrumb\":{\"@id\":\"https:\/\/moyamatcha.com\/en\/produkt\/cold-brew-bottle-750ml\/#breadcrumb\"},\"inLanguage\":\"en-US\",\"potentialAction\":[{\"@type\":\"ReadAction\",\"target\":[\"https:\/\/moyamatcha.com\/en\/produkt\/cold-brew-bottle-750ml\/\"]}]},{\"@type\":\"ImageObject\",\"inLanguage\":\"en-US\",\"@id\":\"https:\/\/moyamatcha.com\/en\/produkt\/cold-brew-bottle-750ml\/#primaryimage\",\"url\":\"https:\/\/moyamatcha.com\/wp-content\/uploads\/2025\/06\/cold-brew-butelka.png\",\"contentUrl\":\"https:\/\/moyamatcha.com\/wp-content\/uploads\/2025\/06\/cold-brew-butelka.png\",\"width\":810,\"height\":1211},{\"@type\":\"BreadcrumbList\",\"@id\":\"https:\/\/moyamatcha.com\/en\/produkt\/cold-brew-bottle-750ml\/#breadcrumb\",\"itemListElement\":[{\"@type\":\"ListItem\",\"position\":1,\"name\":\"Home\",\"item\":\"https:\/\/moyamatcha.com\/en\/\"},{\"@type\":\"ListItem\",\"position\":2,\"name\":\"Shop\",\"item\":\"https:\/\/moyamatcha.com\/sklep\/\"},{\"@type\":\"ListItem\",\"position\":3,\"name\":\"Accessories\",\"item\":\"https:\/\/moyamatcha.com\/en\/product-category\/accessories-en\/\"},{\"@type\":\"ListItem\",\"position\":4,\"name\":\"Cold Brew Bottle \u2013 750 ml\"}]},{\"@type\":\"WebSite\",\"@id\":\"https:\/\/moyamatcha.com\/en\/#website\",\"url\":\"https:\/\/moyamatcha.com\/en\/\",\"name\":\"MoyaMatcha.com\",\"description\":\"\",\"publisher\":{\"@id\":\"https:\/\/moyamatcha.com\/en\/#organization\"},\"alternateName\":\"Moya Matcha\",\"potentialAction\":[{\"@type\":\"SearchAction\",\"target\":{\"@type\":\"EntryPoint\",\"urlTemplate\":\"https:\/\/moyamatcha.com\/en\/?s={search_term_string}\"},\"query-input\":{\"@type\":\"PropertyValueSpecification\",\"valueRequired\":true,\"valueName\":\"search_term_string\"}}],\"inLanguage\":\"en-US\"},{\"@type\":\"Organization\",\"@id\":\"https:\/\/moyamatcha.com\/en\/#organization\",\"name\":\"MoyaMatcha.com\",\"alternateName\":\"Moya Matcha Polska\",\"url\":\"https:\/\/moyamatcha.com\/en\/\",\"logo\":{\"@type\":\"ImageObject\",\"inLanguage\":\"en-US\",\"@id\":\"https:\/\/moyamatcha.com\/en\/#\/schema\/logo\/image\/\",\"url\":\"https:\/\/moyamatcha.com\/wp-content\/uploads\/2024\/11\/moya-300x297-1.png\",\"contentUrl\":\"https:\/\/moyamatcha.com\/wp-content\/uploads\/2024\/11\/moya-300x297-1.png\",\"width\":300,\"height\":297,\"caption\":\"MoyaMatcha.com\"},\"image\":{\"@id\":\"https:\/\/moyamatcha.com\/en\/#\/schema\/logo\/image\/\"},\"sameAs\":[\"https:\/\/www.facebook.com\/moyamatcha\"]}]}<\/script>\n<!-- \/ Yoast SEO plugin. -->","yoast_head_json":{"title":"Cold Brew Bottle \u2013 750 ml - MoyaMatcha","description":"The glass bottle for cold brew is a functional cold tea infuser that we have introduced to our range to allow for easy preparation of classic cold brew at home.","robots":{"index":"index","follow":"follow","max-snippet":"max-snippet:-1","max-image-preview":"max-image-preview:large","max-video-preview":"max-video-preview:-1"},"canonical":"https:\/\/moyamatcha.com\/en\/produkt\/cold-brew-bottle-750ml\/","og_locale":"en_US","og_type":"article","og_title":"Cold Brew Bottle \u2013 750 ml - MoyaMatcha","og_description":"The glass bottle for cold brew is a functional cold tea infuser that we have introduced to our range to allow for easy preparation of classic cold brew at home.","og_url":"https:\/\/moyamatcha.com\/en\/produkt\/cold-brew-bottle-750ml\/","og_site_name":"MoyaMatcha","article_publisher":"https:\/\/www.facebook.com\/moyamatcha","article_modified_time":"2026-04-09T12:33:23+00:00","og_image":[{"width":810,"height":1211,"url":"https:\/\/moyamatcha.com\/wp-content\/uploads\/2025\/06\/cold-brew-butelka.png","type":"image\/png"}],"twitter_card":"summary_large_image","twitter_misc":{"Est. reading time":"2 minutes"},"schema":{"@context":"https:\/\/schema.org","@graph":[{"@type":"WebPage","@id":"https:\/\/moyamatcha.com\/en\/produkt\/cold-brew-bottle-750ml\/","url":"https:\/\/moyamatcha.com\/en\/produkt\/cold-brew-bottle-750ml\/","name":"Cold Brew Bottle \u2013 750 ml - MoyaMatcha","isPartOf":{"@id":"https:\/\/moyamatcha.com\/en\/#website"},"primaryImageOfPage":{"@id":"https:\/\/moyamatcha.com\/en\/produkt\/cold-brew-bottle-750ml\/#primaryimage"},"image":{"@id":"https:\/\/moyamatcha.com\/en\/produkt\/cold-brew-bottle-750ml\/#primaryimage"},"thumbnailUrl":"https:\/\/moyamatcha.com\/wp-content\/uploads\/2025\/06\/cold-brew-butelka.png","datePublished":"2025-06-18T10:23:23+00:00","dateModified":"2026-04-09T12:33:23+00:00","description":"The glass bottle for cold brew is a functional cold tea infuser that we have introduced to our range to allow for easy preparation of classic cold brew at home.","breadcrumb":{"@id":"https:\/\/moyamatcha.com\/en\/produkt\/cold-brew-bottle-750ml\/#breadcrumb"},"inLanguage":"en-US","potentialAction":[{"@type":"ReadAction","target":["https:\/\/moyamatcha.com\/en\/produkt\/cold-brew-bottle-750ml\/"]}]},{"@type":"ImageObject","inLanguage":"en-US","@id":"https:\/\/moyamatcha.com\/en\/produkt\/cold-brew-bottle-750ml\/#primaryimage","url":"https:\/\/moyamatcha.com\/wp-content\/uploads\/2025\/06\/cold-brew-butelka.png","contentUrl":"https:\/\/moyamatcha.com\/wp-content\/uploads\/2025\/06\/cold-brew-butelka.png","width":810,"height":1211},{"@type":"BreadcrumbList","@id":"https:\/\/moyamatcha.com\/en\/produkt\/cold-brew-bottle-750ml\/#breadcrumb","itemListElement":[{"@type":"ListItem","position":1,"name":"Home","item":"https:\/\/moyamatcha.com\/en\/"},{"@type":"ListItem","position":2,"name":"Shop","item":"https:\/\/moyamatcha.com\/sklep\/"},{"@type":"ListItem","position":3,"name":"Accessories","item":"https:\/\/moyamatcha.com\/en\/product-category\/accessories-en\/"},{"@type":"ListItem","position":4,"name":"Cold Brew Bottle \u2013 750 ml"}]},{"@type":"WebSite","@id":"https:\/\/moyamatcha.com\/en\/#website","url":"https:\/\/moyamatcha.com\/en\/","name":"MoyaMatcha.com","description":"","publisher":{"@id":"https:\/\/moyamatcha.com\/en\/#organization"},"alternateName":"Moya Matcha","potentialAction":[{"@type":"SearchAction","target":{"@type":"EntryPoint","urlTemplate":"https:\/\/moyamatcha.com\/en\/?s={search_term_string}"},"query-input":{"@type":"PropertyValueSpecification","valueRequired":true,"valueName":"search_term_string"}}],"inLanguage":"en-US"},{"@type":"Organization","@id":"https:\/\/moyamatcha.com\/en\/#organization","name":"MoyaMatcha.com","alternateName":"Moya Matcha Polska","url":"https:\/\/moyamatcha.com\/en\/","logo":{"@type":"ImageObject","inLanguage":"en-US","@id":"https:\/\/moyamatcha.com\/en\/#\/schema\/logo\/image\/","url":"https:\/\/moyamatcha.com\/wp-content\/uploads\/2024\/11\/moya-300x297-1.png","contentUrl":"https:\/\/moyamatcha.com\/wp-content\/uploads\/2024\/11\/moya-300x297-1.png","width":300,"height":297,"caption":"MoyaMatcha.com"},"image":{"@id":"https:\/\/moyamatcha.com\/en\/#\/schema\/logo\/image\/"},"sameAs":["https:\/\/www.facebook.com\/moyamatcha"]}]}},"_links":{"self":[{"href":"https:\/\/moyamatcha.com\/en\/wp-json\/wp\/v2\/product\/171702","targetHints":{"allow":["GET"]}}],"collection":[{"href":"https:\/\/moyamatcha.com\/en\/wp-json\/wp\/v2\/product"}],"about":[{"href":"https:\/\/moyamatcha.com\/en\/wp-json\/wp\/v2\/types\/product"}],"wp:featuredmedia":[{"embeddable":true,"href":"https:\/\/moyamatcha.com\/en\/wp-json\/wp\/v2\/media\/171839"}],"wp:attachment":[{"href":"https:\/\/moyamatcha.com\/en\/wp-json\/wp\/v2\/media?parent=171702"}],"wp:term":[{"taxonomy":"product_brand","embeddable":true,"href":"https:\/\/moyamatcha.com\/en\/wp-json\/wp\/v2\/product_brand?post=171702"},{"taxonomy":"product_cat","embeddable":true,"href":"https:\/\/moyamatcha.com\/en\/wp-json\/wp\/v2\/product_cat?post=171702"},{"taxonomy":"product_tag","embeddable":true,"href":"https:\/\/moyamatcha.com\/en\/wp-json\/wp\/v2\/product_tag?post=171702"}],"curies":[{"name":"wp","href":"https:\/\/api.w.org\/{rel}","templated":true}]}}