{"id":3968,"date":"2024-08-18T01:00:11","date_gmt":"2024-08-17T23:00:11","guid":{"rendered":"https:\/\/moyamatcha.wldevs-stagging.pl\/?post_type=product&#038;p=3968"},"modified":"2026-04-30T07:40:21","modified_gmt":"2026-04-30T05:40:21","slug":"dark-bamboo-whisk-chasen","status":"publish","type":"product","link":"https:\/\/moyamatcha.com\/en\/produkt\/dark-bamboo-whisk-chasen\/","title":{"rendered":"Chasen &#8211; dark bamboo matcha whisk"},"content":{"rendered":"\n<section class=\"wp-block-group alignfull patternImgText has-light-moss-green-3-background-color has-background is-layout-constrained wp-block-group-is-layout-constrained\">\n<div class=\"wp-block-columns alignfull is-layout-flex wp-container-core-columns-is-layout-c5fdfbfa wp-block-columns-is-layout-flex\" style=\"margin-top:0;margin-right:0;margin-bottom:0;margin-left:0\">\n<div class=\"wp-block-column patternImgText__img is-layout-flow wp-block-column-is-layout-flow\" style=\"flex-basis:50%\">\n<figure class=\"wp-block-image size-full\"><img loading=\"lazy\" decoding=\"async\" width=\"1707\" height=\"2560\" src=\"https:\/\/moyamatcha.com\/wp-content\/uploads\/2024\/09\/bambusowe-akcesoria-do-przygotowywania-herbaty-matcha-podstawka-pod-chasen-naoshi-moya-scaled.jpg\" alt=\"Chasen - bambusowa miote&#x142;ka do matchy z ciemnego bambusa\" class=\"wp-image-7427\" srcset=\"https:\/\/moyamatcha.com\/wp-content\/uploads\/2024\/09\/bambusowe-akcesoria-do-przygotowywania-herbaty-matcha-podstawka-pod-chasen-naoshi-moya-scaled.jpg 1707w, https:\/\/moyamatcha.com\/wp-content\/uploads\/2024\/09\/bambusowe-akcesoria-do-przygotowywania-herbaty-matcha-podstawka-pod-chasen-naoshi-moya-600x900.jpg 600w, https:\/\/moyamatcha.com\/wp-content\/uploads\/2024\/09\/bambusowe-akcesoria-do-przygotowywania-herbaty-matcha-podstawka-pod-chasen-naoshi-moya-1365x2048.jpg 1365w, https:\/\/moyamatcha.com\/wp-content\/uploads\/2024\/09\/bambusowe-akcesoria-do-przygotowywania-herbaty-matcha-podstawka-pod-chasen-naoshi-moya-200x300.jpg 200w, https:\/\/moyamatcha.com\/wp-content\/uploads\/2024\/09\/bambusowe-akcesoria-do-przygotowywania-herbaty-matcha-podstawka-pod-chasen-naoshi-moya-768x1152.jpg 768w, https:\/\/moyamatcha.com\/wp-content\/uploads\/2024\/09\/bambusowe-akcesoria-do-przygotowywania-herbaty-matcha-podstawka-pod-chasen-naoshi-moya-683x1024.jpg 683w, https:\/\/moyamatcha.com\/wp-content\/uploads\/2024\/09\/bambusowe-akcesoria-do-przygotowywania-herbaty-matcha-podstawka-pod-chasen-naoshi-moya-1024x1536.jpg 1024w, https:\/\/moyamatcha.com\/wp-content\/uploads\/2024\/09\/bambusowe-akcesoria-do-przygotowywania-herbaty-matcha-podstawka-pod-chasen-naoshi-moya-1920x2880.jpg 1920w, https:\/\/moyamatcha.com\/wp-content\/uploads\/2024\/09\/bambusowe-akcesoria-do-przygotowywania-herbaty-matcha-podstawka-pod-chasen-naoshi-moya-1224x1836.jpg 1224w, https:\/\/moyamatcha.com\/wp-content\/uploads\/2024\/09\/bambusowe-akcesoria-do-przygotowywania-herbaty-matcha-podstawka-pod-chasen-naoshi-moya-912x1368.jpg 912w, https:\/\/moyamatcha.com\/wp-content\/uploads\/2024\/09\/bambusowe-akcesoria-do-przygotowywania-herbaty-matcha-podstawka-pod-chasen-naoshi-moya-850x1275.jpg 850w, https:\/\/moyamatcha.com\/wp-content\/uploads\/2024\/09\/bambusowe-akcesoria-do-przygotowywania-herbaty-matcha-podstawka-pod-chasen-naoshi-moya-480x720.jpg 480w, https:\/\/moyamatcha.com\/wp-content\/uploads\/2024\/09\/bambusowe-akcesoria-do-przygotowywania-herbaty-matcha-podstawka-pod-chasen-naoshi-moya-372x558.jpg 372w, https:\/\/moyamatcha.com\/wp-content\/uploads\/2024\/09\/bambusowe-akcesoria-do-przygotowywania-herbaty-matcha-podstawka-pod-chasen-naoshi-moya-260x390.jpg 260w, https:\/\/moyamatcha.com\/wp-content\/uploads\/2024\/09\/bambusowe-akcesoria-do-przygotowywania-herbaty-matcha-podstawka-pod-chasen-naoshi-moya-120x180.jpg 120w, https:\/\/moyamatcha.com\/wp-content\/uploads\/2024\/09\/bambusowe-akcesoria-do-przygotowywania-herbaty-matcha-podstawka-pod-chasen-naoshi-moya-90x135.jpg 90w, https:\/\/moyamatcha.com\/wp-content\/uploads\/2024\/09\/bambusowe-akcesoria-do-przygotowywania-herbaty-matcha-podstawka-pod-chasen-naoshi-moya-40x60.jpg 40w\" sizes=\"auto, (max-width: 1707px) 100vw, 1707px\" \/><\/figure>\n<\/div>\n\n\n\n<div class=\"wp-block-column patternImgText__text is-layout-flow wp-block-column-is-layout-flow\" style=\"flex-basis:50%\">\n<div class=\"wp-block-group is-vertical is-content-justification-left is-layout-flex wp-container-core-group-is-layout-dd225191 wp-block-group-is-layout-flex\">\n<h2 class=\"wp-block-heading\"><strong>Chasen bambusowa miote\u0142ka matchy<\/strong><\/h2>\n\n\n\n<p>Tradycyjna miote\u0142ka u\u017cywana podczas japo\u0144skiej ceremonii herbacianej, do spieniania herbaty matcha. Miote\u0142ka zwana tak\u017ce p\u0119dzelkiem jest wykonana r\u0119cznie z jednego kawa\u0142ka ciemnej odmiany bambusa. Precyzyjne naci\u0119cia tworz\u0105 elastyczne w\u0105sy, kt\u00f3re w dolnej cz\u0119\u015bci s\u0105 delikatnie wygi\u0119te a u g\u00f3ry zebrane razem i zako\u0144czone specjaln\u0105 drewnian\u0105 r\u0105czk\u0105. Chasen najlepiej sprawdzi si\u0119 z czark\u0105 do przygotowywania i picia matchy. Pionowe \u015bcianki czarki i szerokie dno pozwalaj\u0105 \u0142atwo i wygodnie \u201eutrzepa\u0107\u201d match\u0119 w wodzie i szybko uzyska\u0107 warstw\u0119 pianki powierzchni. Nale\u017cy pami\u0119ta\u0107, \u017ce temperatura wody, w kt\u00f3rej przygotowywane jest matcha nie powinna przekracza\u0107 80\u00b0C.<\/p>\n\n\n\n<p>Przechowywanie chasenu na specjalnej podstawce pomaga zapewni\u0107 mu d\u0142u\u017csze \u017cycie i zachowa\u0107 odpowiedni kszta\u0142t. Nie nale\u017cy natomiast zamyka\u0107 chasenu w plastikowym opakowaniu ani w \u017cadnym innym szczelnym pojemniku, mo\u017ce to spowodowa\u0107 niezamierzone pojawienie si\u0119 ple\u015bni na bambusowym trzonku.<\/p>\n\n\n\n<p>Nie nale\u017cy my\u0107 w zmywarce<\/p>\n<\/div>\n<\/div>\n<\/div>\n<\/section>\n\n<section class=\"wp-block-group alignfull patternTextImg is-layout-constrained wp-block-group-is-layout-constrained\">\n<div class=\"wp-block-columns alignfull is-layout-flex wp-container-core-columns-is-layout-c5fdfbfa wp-block-columns-is-layout-flex\" style=\"margin-top:0;margin-right:0;margin-bottom:0;margin-left:0\">\n<div class=\"wp-block-column patternTextImg__text is-layout-flow wp-block-column-is-layout-flow\" style=\"flex-basis:50%\">\n<div class=\"wp-block-group is-vertical is-content-justification-left is-layout-flex wp-container-core-group-is-layout-dd225191 wp-block-group-is-layout-flex\">\n<h2 class=\"wp-block-heading\">Wskaz\u00f3wki do przygotowania matchy:<\/h2>\n\n\n\n<p>Ubijanie matchy najlepiej zacz\u0105\u0107 powoli, delikatnie szoruj\u0105c w\u0105sami chasenu po dnie czarki, pozwala to dobrze zmiesza\u0107 ca\u0142\u0105 match\u0119 z wod\u0105. Potem przenosimy chasen wy\u017cej, bli\u017cej powierzchni i zaczynamy bardziej energiczne ruchy przypominaj\u0105ce liter\u0119 W lub M przez ok. 10-20 sek. Warto pami\u0119ta\u0107 \u017ceby w trakcie mieszania pracowa\u0107 samym nadgarstkiem a nie ca\u0142\u0105 r\u0119k\u0105, kt\u00f3ra szybciej si\u0119 m\u0119czy. Na powierzchni powinien szybko pojawi\u0107 si\u0119 cienki ko\u017cuszek piany. Idealne spienienie herbaty jest w\u0142a\u015bnie mo\u017cliwe dzi\u0119ki du\u017cej liczbie elastycznych bambusowych w\u0105s\u00f3w. Czym wi\u0119cej w\u0105s\u00f3w w chasenie tym \u0142atwiej uzyskamy tzw. \u201ejaspisowy mus\u201d czyli idealn\u0105 warstw\u0119 pianki. Dla uzyskania najlepszego efektu miote\u0142k\u0119 powinno si\u0119 zmoczy\u0107 w gor\u0105cej wodzie przed u\u017cyciem i op\u0142uka\u0107 po wykorzystaniu. Chasen kurczy si\u0119 przy wysychaniu, staje si\u0119 wtedy kruchy i podatny na uszkodzenia dlatego warto przechowywa\u0107 go na specjalnej podstawce podstawce naoshi.<\/p>\n\n\n\n<p>Obejrzyj jak w tradycyjny spos\u00f3b przygotowuje herbat\u0119 matcha za\u0142o\u017cycielka Moya Matcha, <strong><span style=\"color: #008000\"><a style=\"color: #008000\" href=\"https:\/\/moyamatcha.com\/japonska-zielona-herbata-moya-matcha\/przygotowanie-matchy\/\">Hitomi Saito &#8211; film<\/a><\/span><\/strong><\/p>\n<\/div>\n<\/div>\n\n\n\n<div class=\"wp-block-column patternTextImg__img is-layout-flow wp-block-column-is-layout-flow\" style=\"flex-basis:50%\">\n<figure class=\"wp-block-image size-full\"><img loading=\"lazy\" decoding=\"async\" width=\"1707\" height=\"2560\" src=\"https:\/\/moyamatcha.com\/wp-content\/uploads\/2024\/09\/bambusowe-akcesoria-do-przygotowywania-herbaty-matcha-podstawka-pod-chasen-naoshi-chashaku-moya-scaled.jpg\" alt=\"Chashaku - &#x142;y&#x17C;eczka do matchy, Chasen - bambusowa miote&#x142;ka do matchy z ciemnego bambusa\" class=\"wp-image-7421\" srcset=\"https:\/\/moyamatcha.com\/wp-content\/uploads\/2024\/09\/bambusowe-akcesoria-do-przygotowywania-herbaty-matcha-podstawka-pod-chasen-naoshi-chashaku-moya-scaled.jpg 1707w, https:\/\/moyamatcha.com\/wp-content\/uploads\/2024\/09\/bambusowe-akcesoria-do-przygotowywania-herbaty-matcha-podstawka-pod-chasen-naoshi-chashaku-moya-600x900.jpg 600w, https:\/\/moyamatcha.com\/wp-content\/uploads\/2024\/09\/bambusowe-akcesoria-do-przygotowywania-herbaty-matcha-podstawka-pod-chasen-naoshi-chashaku-moya-1365x2048.jpg 1365w, https:\/\/moyamatcha.com\/wp-content\/uploads\/2024\/09\/bambusowe-akcesoria-do-przygotowywania-herbaty-matcha-podstawka-pod-chasen-naoshi-chashaku-moya-200x300.jpg 200w, https:\/\/moyamatcha.com\/wp-content\/uploads\/2024\/09\/bambusowe-akcesoria-do-przygotowywania-herbaty-matcha-podstawka-pod-chasen-naoshi-chashaku-moya-768x1152.jpg 768w, https:\/\/moyamatcha.com\/wp-content\/uploads\/2024\/09\/bambusowe-akcesoria-do-przygotowywania-herbaty-matcha-podstawka-pod-chasen-naoshi-chashaku-moya-683x1024.jpg 683w, https:\/\/moyamatcha.com\/wp-content\/uploads\/2024\/09\/bambusowe-akcesoria-do-przygotowywania-herbaty-matcha-podstawka-pod-chasen-naoshi-chashaku-moya-1024x1536.jpg 1024w, https:\/\/moyamatcha.com\/wp-content\/uploads\/2024\/09\/bambusowe-akcesoria-do-przygotowywania-herbaty-matcha-podstawka-pod-chasen-naoshi-chashaku-moya-1920x2880.jpg 1920w, https:\/\/moyamatcha.com\/wp-content\/uploads\/2024\/09\/bambusowe-akcesoria-do-przygotowywania-herbaty-matcha-podstawka-pod-chasen-naoshi-chashaku-moya-1224x1836.jpg 1224w, https:\/\/moyamatcha.com\/wp-content\/uploads\/2024\/09\/bambusowe-akcesoria-do-przygotowywania-herbaty-matcha-podstawka-pod-chasen-naoshi-chashaku-moya-912x1368.jpg 912w, https:\/\/moyamatcha.com\/wp-content\/uploads\/2024\/09\/bambusowe-akcesoria-do-przygotowywania-herbaty-matcha-podstawka-pod-chasen-naoshi-chashaku-moya-850x1275.jpg 850w, https:\/\/moyamatcha.com\/wp-content\/uploads\/2024\/09\/bambusowe-akcesoria-do-przygotowywania-herbaty-matcha-podstawka-pod-chasen-naoshi-chashaku-moya-480x720.jpg 480w, https:\/\/moyamatcha.com\/wp-content\/uploads\/2024\/09\/bambusowe-akcesoria-do-przygotowywania-herbaty-matcha-podstawka-pod-chasen-naoshi-chashaku-moya-372x558.jpg 372w, https:\/\/moyamatcha.com\/wp-content\/uploads\/2024\/09\/bambusowe-akcesoria-do-przygotowywania-herbaty-matcha-podstawka-pod-chasen-naoshi-chashaku-moya-260x390.jpg 260w, https:\/\/moyamatcha.com\/wp-content\/uploads\/2024\/09\/bambusowe-akcesoria-do-przygotowywania-herbaty-matcha-podstawka-pod-chasen-naoshi-chashaku-moya-120x180.jpg 120w, https:\/\/moyamatcha.com\/wp-content\/uploads\/2024\/09\/bambusowe-akcesoria-do-przygotowywania-herbaty-matcha-podstawka-pod-chasen-naoshi-chashaku-moya-90x135.jpg 90w, https:\/\/moyamatcha.com\/wp-content\/uploads\/2024\/09\/bambusowe-akcesoria-do-przygotowywania-herbaty-matcha-podstawka-pod-chasen-naoshi-chashaku-moya-40x60.jpg 40w\" sizes=\"auto, (max-width: 1707px) 100vw, 1707px\" \/><\/figure>\n<\/div>\n<\/div>\n<\/section>\n","protected":false},"excerpt":{"rendered":"<div id=\"wp-excerpt-wrap\" class=\"wp-core-ui wp-editor-wrap tmce-active\"><link rel='stylesheet' id='dashicons-css' href='https:\/\/moyamatcha.com\/wp-includes\/css\/dashicons.min.css' type='text\/css' media='all' \/>\n<link rel='stylesheet' id='editor-buttons-css' href='https:\/\/moyamatcha.com\/wp-includes\/css\/editor.min.css' type='text\/css' media='all' \/>\n<style>.wp-editor-container { width: 100% !important; }<\/style>\n<div id=\"wp-excerpt-editor-container\" class=\"wp-editor-container\"><textarea class=\"wp-editor-area\" rows=\"5\" autocomplete=\"off\" cols=\"40\" name=\"excerpt\" id=\"excerpt\">&lt;p&gt;Traditional bamboo whisk for matcha preparation&lt;\/p&gt;\r\n&lt;p&gt;After use best to dry on dedicated chasen holder (sold seperately). Do not place a wet chasen in the cardboard container or any other closed container&lt;\/p&gt;<\/textarea><\/div>\n<\/div>\n\n","protected":false},"featured_media":85345,"template":"","meta":{"_acf_changed":false,"inline_featured_image":false},"product_brand":[],"product_cat":[427,428,1086,1094],"product_tag":[],"class_list":{"0":"post-3968","1":"product","2":"type-product","3":"status-publish","4":"has-post-thumbnail","6":"product_cat-accessories-en","7":"product_cat-matcha-accessories","8":"product_cat-chasen","9":"product_cat-bestsellers","11":"first","12":"instock","13":"purchasable","14":"product-type-simple"},"acf":[],"yoast_head":"<!-- This site is optimized with the Yoast SEO plugin v27.0 - https:\/\/yoast.com\/product\/yoast-seo-wordpress\/ -->\n<title>Chasen - dark bamboo matcha whisk - MoyaMatcha<\/title>\n<meta name=\"description\" content=\"Traditional bamboo whisk for matcha preparation After use best to dry on dedicated chasen holder (sold seperately). Do not place a wet chasen in the cardboard container or any other closed container\" \/>\n<meta name=\"robots\" content=\"index, follow, max-snippet:-1, max-image-preview:large, max-video-preview:-1\" \/>\n<link rel=\"canonical\" href=\"https:\/\/moyamatcha.com\/en\/produkt\/dark-bamboo-whisk-chasen\/\" \/>\n<meta property=\"og:locale\" content=\"en_US\" \/>\n<meta property=\"og:type\" content=\"article\" \/>\n<meta property=\"og:title\" content=\"Chasen - dark bamboo matcha whisk - MoyaMatcha\" \/>\n<meta property=\"og:description\" content=\"Traditional bamboo whisk for matcha preparation After use best to dry on dedicated chasen holder (sold seperately). Do not place a wet chasen in the cardboard container or any other closed container\" \/>\n<meta property=\"og:url\" content=\"https:\/\/moyamatcha.com\/en\/produkt\/dark-bamboo-whisk-chasen\/\" \/>\n<meta property=\"og:site_name\" content=\"MoyaMatcha\" \/>\n<meta property=\"article:publisher\" content=\"https:\/\/www.facebook.com\/moyamatcha\" \/>\n<meta property=\"article:modified_time\" content=\"2026-04-30T05:40:21+00:00\" \/>\n<meta property=\"og:image\" content=\"https:\/\/moyamatcha.com\/wp-content\/uploads\/2024\/08\/moya-matcha-ciemny-chasen-do-matchy.png\" \/>\n\t<meta property=\"og:image:width\" content=\"540\" \/>\n\t<meta property=\"og:image:height\" content=\"809\" \/>\n\t<meta property=\"og:image:type\" content=\"image\/png\" \/>\n<meta name=\"twitter:card\" content=\"summary_large_image\" \/>\n<meta name=\"twitter:label1\" content=\"Est. reading time\" \/>\n\t<meta name=\"twitter:data1\" content=\"3 minutes\" \/>\n<script type=\"application\/ld+json\" class=\"yoast-schema-graph\">{\"@context\":\"https:\/\/schema.org\",\"@graph\":[{\"@type\":\"WebPage\",\"@id\":\"https:\/\/moyamatcha.com\/en\/produkt\/dark-bamboo-whisk-chasen\/\",\"url\":\"https:\/\/moyamatcha.com\/en\/produkt\/dark-bamboo-whisk-chasen\/\",\"name\":\"Chasen - dark bamboo matcha whisk - MoyaMatcha\",\"isPartOf\":{\"@id\":\"https:\/\/moyamatcha.com\/en\/#website\"},\"primaryImageOfPage\":{\"@id\":\"https:\/\/moyamatcha.com\/en\/produkt\/dark-bamboo-whisk-chasen\/#primaryimage\"},\"image\":{\"@id\":\"https:\/\/moyamatcha.com\/en\/produkt\/dark-bamboo-whisk-chasen\/#primaryimage\"},\"thumbnailUrl\":\"https:\/\/moyamatcha.com\/wp-content\/uploads\/2024\/08\/moya-matcha-ciemny-chasen-do-matchy.png\",\"datePublished\":\"2024-08-17T23:00:11+00:00\",\"dateModified\":\"2026-04-30T05:40:21+00:00\",\"description\":\"Traditional bamboo whisk for matcha preparation After use best to dry on dedicated chasen holder (sold seperately). Do not place a wet chasen in the cardboard container or any other closed container\",\"breadcrumb\":{\"@id\":\"https:\/\/moyamatcha.com\/en\/produkt\/dark-bamboo-whisk-chasen\/#breadcrumb\"},\"inLanguage\":\"en-US\",\"potentialAction\":[{\"@type\":\"ReadAction\",\"target\":[\"https:\/\/moyamatcha.com\/en\/produkt\/dark-bamboo-whisk-chasen\/\"]}]},{\"@type\":\"ImageObject\",\"inLanguage\":\"en-US\",\"@id\":\"https:\/\/moyamatcha.com\/en\/produkt\/dark-bamboo-whisk-chasen\/#primaryimage\",\"url\":\"https:\/\/moyamatcha.com\/wp-content\/uploads\/2024\/08\/moya-matcha-ciemny-chasen-do-matchy.png\",\"contentUrl\":\"https:\/\/moyamatcha.com\/wp-content\/uploads\/2024\/08\/moya-matcha-ciemny-chasen-do-matchy.png\",\"width\":540,\"height\":809,\"caption\":\"Chasen - bambusowa miote\u0142ka do matchy z ciemnego bambusa\"},{\"@type\":\"BreadcrumbList\",\"@id\":\"https:\/\/moyamatcha.com\/en\/produkt\/dark-bamboo-whisk-chasen\/#breadcrumb\",\"itemListElement\":[{\"@type\":\"ListItem\",\"position\":1,\"name\":\"Home\",\"item\":\"https:\/\/moyamatcha.com\/en\/\"},{\"@type\":\"ListItem\",\"position\":2,\"name\":\"Shop\",\"item\":\"https:\/\/moyamatcha.com\/sklep\/\"},{\"@type\":\"ListItem\",\"position\":3,\"name\":\"Accessories\",\"item\":\"https:\/\/moyamatcha.com\/en\/product-category\/accessories-en\/\"},{\"@type\":\"ListItem\",\"position\":4,\"name\":\"Chasen &#8211; dark bamboo matcha whisk\"}]},{\"@type\":\"WebSite\",\"@id\":\"https:\/\/moyamatcha.com\/en\/#website\",\"url\":\"https:\/\/moyamatcha.com\/en\/\",\"name\":\"MoyaMatcha.com\",\"description\":\"\",\"publisher\":{\"@id\":\"https:\/\/moyamatcha.com\/en\/#organization\"},\"alternateName\":\"Moya Matcha\",\"potentialAction\":[{\"@type\":\"SearchAction\",\"target\":{\"@type\":\"EntryPoint\",\"urlTemplate\":\"https:\/\/moyamatcha.com\/en\/?s={search_term_string}\"},\"query-input\":{\"@type\":\"PropertyValueSpecification\",\"valueRequired\":true,\"valueName\":\"search_term_string\"}}],\"inLanguage\":\"en-US\"},{\"@type\":\"Organization\",\"@id\":\"https:\/\/moyamatcha.com\/en\/#organization\",\"name\":\"MoyaMatcha.com\",\"alternateName\":\"Moya Matcha Polska\",\"url\":\"https:\/\/moyamatcha.com\/en\/\",\"logo\":{\"@type\":\"ImageObject\",\"inLanguage\":\"en-US\",\"@id\":\"https:\/\/moyamatcha.com\/en\/#\/schema\/logo\/image\/\",\"url\":\"https:\/\/moyamatcha.com\/wp-content\/uploads\/2024\/11\/moya-300x297-1.png\",\"contentUrl\":\"https:\/\/moyamatcha.com\/wp-content\/uploads\/2024\/11\/moya-300x297-1.png\",\"width\":300,\"height\":297,\"caption\":\"MoyaMatcha.com\"},\"image\":{\"@id\":\"https:\/\/moyamatcha.com\/en\/#\/schema\/logo\/image\/\"},\"sameAs\":[\"https:\/\/www.facebook.com\/moyamatcha\"]}]}<\/script>\n<!-- \/ Yoast SEO plugin. -->","yoast_head_json":{"title":"Chasen - dark bamboo matcha whisk - MoyaMatcha","description":"Traditional bamboo whisk for matcha preparation After use best to dry on dedicated chasen holder (sold seperately). Do not place a wet chasen in the cardboard container or any other closed container","robots":{"index":"index","follow":"follow","max-snippet":"max-snippet:-1","max-image-preview":"max-image-preview:large","max-video-preview":"max-video-preview:-1"},"canonical":"https:\/\/moyamatcha.com\/en\/produkt\/dark-bamboo-whisk-chasen\/","og_locale":"en_US","og_type":"article","og_title":"Chasen - dark bamboo matcha whisk - MoyaMatcha","og_description":"Traditional bamboo whisk for matcha preparation After use best to dry on dedicated chasen holder (sold seperately). Do not place a wet chasen in the cardboard container or any other closed container","og_url":"https:\/\/moyamatcha.com\/en\/produkt\/dark-bamboo-whisk-chasen\/","og_site_name":"MoyaMatcha","article_publisher":"https:\/\/www.facebook.com\/moyamatcha","article_modified_time":"2026-04-30T05:40:21+00:00","og_image":[{"width":540,"height":809,"url":"https:\/\/moyamatcha.com\/wp-content\/uploads\/2024\/08\/moya-matcha-ciemny-chasen-do-matchy.png","type":"image\/png"}],"twitter_card":"summary_large_image","twitter_misc":{"Est. reading time":"3 minutes"},"schema":{"@context":"https:\/\/schema.org","@graph":[{"@type":"WebPage","@id":"https:\/\/moyamatcha.com\/en\/produkt\/dark-bamboo-whisk-chasen\/","url":"https:\/\/moyamatcha.com\/en\/produkt\/dark-bamboo-whisk-chasen\/","name":"Chasen - dark bamboo matcha whisk - MoyaMatcha","isPartOf":{"@id":"https:\/\/moyamatcha.com\/en\/#website"},"primaryImageOfPage":{"@id":"https:\/\/moyamatcha.com\/en\/produkt\/dark-bamboo-whisk-chasen\/#primaryimage"},"image":{"@id":"https:\/\/moyamatcha.com\/en\/produkt\/dark-bamboo-whisk-chasen\/#primaryimage"},"thumbnailUrl":"https:\/\/moyamatcha.com\/wp-content\/uploads\/2024\/08\/moya-matcha-ciemny-chasen-do-matchy.png","datePublished":"2024-08-17T23:00:11+00:00","dateModified":"2026-04-30T05:40:21+00:00","description":"Traditional bamboo whisk for matcha preparation After use best to dry on dedicated chasen holder (sold seperately). Do not place a wet chasen in the cardboard container or any other closed container","breadcrumb":{"@id":"https:\/\/moyamatcha.com\/en\/produkt\/dark-bamboo-whisk-chasen\/#breadcrumb"},"inLanguage":"en-US","potentialAction":[{"@type":"ReadAction","target":["https:\/\/moyamatcha.com\/en\/produkt\/dark-bamboo-whisk-chasen\/"]}]},{"@type":"ImageObject","inLanguage":"en-US","@id":"https:\/\/moyamatcha.com\/en\/produkt\/dark-bamboo-whisk-chasen\/#primaryimage","url":"https:\/\/moyamatcha.com\/wp-content\/uploads\/2024\/08\/moya-matcha-ciemny-chasen-do-matchy.png","contentUrl":"https:\/\/moyamatcha.com\/wp-content\/uploads\/2024\/08\/moya-matcha-ciemny-chasen-do-matchy.png","width":540,"height":809,"caption":"Chasen - bambusowa miote\u0142ka do matchy z ciemnego bambusa"},{"@type":"BreadcrumbList","@id":"https:\/\/moyamatcha.com\/en\/produkt\/dark-bamboo-whisk-chasen\/#breadcrumb","itemListElement":[{"@type":"ListItem","position":1,"name":"Home","item":"https:\/\/moyamatcha.com\/en\/"},{"@type":"ListItem","position":2,"name":"Shop","item":"https:\/\/moyamatcha.com\/sklep\/"},{"@type":"ListItem","position":3,"name":"Accessories","item":"https:\/\/moyamatcha.com\/en\/product-category\/accessories-en\/"},{"@type":"ListItem","position":4,"name":"Chasen &#8211; dark bamboo matcha whisk"}]},{"@type":"WebSite","@id":"https:\/\/moyamatcha.com\/en\/#website","url":"https:\/\/moyamatcha.com\/en\/","name":"MoyaMatcha.com","description":"","publisher":{"@id":"https:\/\/moyamatcha.com\/en\/#organization"},"alternateName":"Moya Matcha","potentialAction":[{"@type":"SearchAction","target":{"@type":"EntryPoint","urlTemplate":"https:\/\/moyamatcha.com\/en\/?s={search_term_string}"},"query-input":{"@type":"PropertyValueSpecification","valueRequired":true,"valueName":"search_term_string"}}],"inLanguage":"en-US"},{"@type":"Organization","@id":"https:\/\/moyamatcha.com\/en\/#organization","name":"MoyaMatcha.com","alternateName":"Moya Matcha Polska","url":"https:\/\/moyamatcha.com\/en\/","logo":{"@type":"ImageObject","inLanguage":"en-US","@id":"https:\/\/moyamatcha.com\/en\/#\/schema\/logo\/image\/","url":"https:\/\/moyamatcha.com\/wp-content\/uploads\/2024\/11\/moya-300x297-1.png","contentUrl":"https:\/\/moyamatcha.com\/wp-content\/uploads\/2024\/11\/moya-300x297-1.png","width":300,"height":297,"caption":"MoyaMatcha.com"},"image":{"@id":"https:\/\/moyamatcha.com\/en\/#\/schema\/logo\/image\/"},"sameAs":["https:\/\/www.facebook.com\/moyamatcha"]}]}},"_links":{"self":[{"href":"https:\/\/moyamatcha.com\/en\/wp-json\/wp\/v2\/product\/3968","targetHints":{"allow":["GET"]}}],"collection":[{"href":"https:\/\/moyamatcha.com\/en\/wp-json\/wp\/v2\/product"}],"about":[{"href":"https:\/\/moyamatcha.com\/en\/wp-json\/wp\/v2\/types\/product"}],"wp:featuredmedia":[{"embeddable":true,"href":"https:\/\/moyamatcha.com\/en\/wp-json\/wp\/v2\/media\/85345"}],"wp:attachment":[{"href":"https:\/\/moyamatcha.com\/en\/wp-json\/wp\/v2\/media?parent=3968"}],"wp:term":[{"taxonomy":"product_brand","embeddable":true,"href":"https:\/\/moyamatcha.com\/en\/wp-json\/wp\/v2\/product_brand?post=3968"},{"taxonomy":"product_cat","embeddable":true,"href":"https:\/\/moyamatcha.com\/en\/wp-json\/wp\/v2\/product_cat?post=3968"},{"taxonomy":"product_tag","embeddable":true,"href":"https:\/\/moyamatcha.com\/en\/wp-json\/wp\/v2\/product_tag?post=3968"}],"curies":[{"name":"wp","href":"https:\/\/api.w.org\/{rel}","templated":true}]}}