{"id":3974,"date":"2024-08-18T01:00:11","date_gmt":"2024-08-17T23:00:11","guid":{"rendered":"https:\/\/moyamatcha.wldevs-stagging.pl\/?post_type=product&#038;p=3974"},"modified":"2026-04-04T17:13:46","modified_gmt":"2026-04-04T15:13:46","slug":"dark-bamboo-spoon-chashaku","status":"publish","type":"product","link":"https:\/\/moyamatcha.com\/en\/produkt\/dark-bamboo-spoon-chashaku\/","title":{"rendered":"Chashaku &#8211; dark bamboo spoon"},"content":{"rendered":"\n<section class=\"wp-block-group alignfull patternImgText has-light-moss-green-3-background-color has-background is-layout-constrained wp-block-group-is-layout-constrained\">\n<div class=\"wp-block-columns alignfull is-layout-flex wp-container-core-columns-is-layout-c5fdfbfa wp-block-columns-is-layout-flex\" style=\"margin-top:0;margin-right:0;margin-bottom:0;margin-left:0\">\n<div class=\"wp-block-column patternImgText__img is-layout-flow wp-block-column-is-layout-flow\" style=\"flex-basis:50%\">\n<figure class=\"wp-block-image size-full\"><img loading=\"lazy\" decoding=\"async\" width=\"1366\" height=\"2048\" src=\"https:\/\/moyamatcha.com\/wp-content\/uploads\/2024\/08\/moya-chashaku-drewniana-lyzeczka-do-matchy-matcha-tradycyjna.jpg\" alt=\"Chashaku - &#x142;y&#x17C;eczka do matchy\" class=\"wp-image-18952\" srcset=\"https:\/\/moyamatcha.com\/wp-content\/uploads\/2024\/08\/moya-chashaku-drewniana-lyzeczka-do-matchy-matcha-tradycyjna.jpg 1366w, https:\/\/moyamatcha.com\/wp-content\/uploads\/2024\/08\/moya-chashaku-drewniana-lyzeczka-do-matchy-matcha-tradycyjna-200x300.jpg 200w, https:\/\/moyamatcha.com\/wp-content\/uploads\/2024\/08\/moya-chashaku-drewniana-lyzeczka-do-matchy-matcha-tradycyjna-768x1151.jpg 768w, https:\/\/moyamatcha.com\/wp-content\/uploads\/2024\/08\/moya-chashaku-drewniana-lyzeczka-do-matchy-matcha-tradycyjna-683x1024.jpg 683w, https:\/\/moyamatcha.com\/wp-content\/uploads\/2024\/08\/moya-chashaku-drewniana-lyzeczka-do-matchy-matcha-tradycyjna-1025x1536.jpg 1025w, https:\/\/moyamatcha.com\/wp-content\/uploads\/2024\/08\/moya-chashaku-drewniana-lyzeczka-do-matchy-matcha-tradycyjna-1224x1835.jpg 1224w, https:\/\/moyamatcha.com\/wp-content\/uploads\/2024\/08\/moya-chashaku-drewniana-lyzeczka-do-matchy-matcha-tradycyjna-912x1367.jpg 912w, https:\/\/moyamatcha.com\/wp-content\/uploads\/2024\/08\/moya-chashaku-drewniana-lyzeczka-do-matchy-matcha-tradycyjna-850x1274.jpg 850w, https:\/\/moyamatcha.com\/wp-content\/uploads\/2024\/08\/moya-chashaku-drewniana-lyzeczka-do-matchy-matcha-tradycyjna-600x900.jpg 600w, https:\/\/moyamatcha.com\/wp-content\/uploads\/2024\/08\/moya-chashaku-drewniana-lyzeczka-do-matchy-matcha-tradycyjna-480x720.jpg 480w, https:\/\/moyamatcha.com\/wp-content\/uploads\/2024\/08\/moya-chashaku-drewniana-lyzeczka-do-matchy-matcha-tradycyjna-372x558.jpg 372w, https:\/\/moyamatcha.com\/wp-content\/uploads\/2024\/08\/moya-chashaku-drewniana-lyzeczka-do-matchy-matcha-tradycyjna-260x390.jpg 260w, https:\/\/moyamatcha.com\/wp-content\/uploads\/2024\/08\/moya-chashaku-drewniana-lyzeczka-do-matchy-matcha-tradycyjna-120x180.jpg 120w, https:\/\/moyamatcha.com\/wp-content\/uploads\/2024\/08\/moya-chashaku-drewniana-lyzeczka-do-matchy-matcha-tradycyjna-90x135.jpg 90w, https:\/\/moyamatcha.com\/wp-content\/uploads\/2024\/08\/moya-chashaku-drewniana-lyzeczka-do-matchy-matcha-tradycyjna-40x60.jpg 40w\" sizes=\"auto, (max-width: 1366px) 100vw, 1366px\" \/><\/figure>\n<\/div>\n\n\n\n<div class=\"wp-block-column patternImgText__text is-layout-flow wp-block-column-is-layout-flow\" style=\"flex-basis:50%\">\n<div class=\"wp-block-group is-vertical is-content-justification-left is-layout-flex wp-container-core-group-is-layout-dd225191 wp-block-group-is-layout-flex\">\n<h2 class=\"wp-block-heading\"><strong>Chashaku bambusowa \u0142y\u017ceczka do matchy<\/strong><\/h2>\n\n\n\n<p>Chashaku to bambusowa \u0142y\u017ceczka, kt\u00f3ra s\u0142u\u017cy do nak\u0142adania matchy. Wykorzystuje si\u0119 j\u0105 podczas tradycyjnej japo\u0144skiej ceremonii herbacianej. Pozwala nam precyzyjnie nabra\u0107 potrzebn\u0105 ilo\u015b\u0107 matchy. Herbat\u0119 matcha przygotowuje si\u0119 inaczej ni\u017c inne rodzaje herbaty, a u\u017cywanie \u0142y\u017ceczki chashaku jest niezb\u0119dnym elementem japo\u0144skiego rytua\u0142u parzenia herbaty i jednocze\u015bnie przybli\u017ca nas do tradycyjnej ceremonii.<\/p>\n\n\n\n<p>Nie nale\u017cy my\u0107 w zmywarce<\/p>\n<\/div>\n<\/div>\n<\/div>\n<\/section>\n\n<section class=\"wp-block-group alignfull patternTextImg is-layout-constrained wp-block-group-is-layout-constrained\">\n<div class=\"wp-block-columns alignfull is-layout-flex wp-container-core-columns-is-layout-c5fdfbfa wp-block-columns-is-layout-flex\" style=\"margin-top:0;margin-right:0;margin-bottom:0;margin-left:0\">\n<div class=\"wp-block-column patternTextImg__text is-layout-flow wp-block-column-is-layout-flow\" style=\"flex-basis:50%\">\n<div class=\"wp-block-group is-vertical is-content-justification-left is-layout-flex wp-container-core-group-is-layout-dd225191 wp-block-group-is-layout-flex\">\n<p>Chashaku jest tradycyjnym elementem do serwowania matchy i integraln\u0105 cz\u0119\u015bci\u0105 ceremonii herbacianej. Zakrzywiona cz\u0119\u015b\u0107 \u0142y\u017cki s\u0142u\u017cy do nabierania niewielkiej porcji herbaty i umieszczania jej w czarce (matchawanie). Nast\u0119pnie match\u0119 ubija si\u0119 z odrobin\u0105 wody <span lang=\"pl\">przy pomocy chasenu, tak by uzyska\u0107 jednolit\u0105 konsystencj\u0119 i delikatn\u0105 piank\u0119 na powierzchni. Ilo\u015b\u0107 sypanej matchy zale\u017cy od indywidualnych preferencji,<\/span> <span lang=\"pl\">jednak tradycyjnie, przygotowuj\u0105c ma\u0142o intensywn\u0105 herbat\u0119 \u201eusucha\u201d, u\u017cywa si\u0119 jednej \u0142y\u017ceczki chashaku oraz oko\u0142o 75\u2013100 ml gor\u0105cej wody. Ta proporcja jest idealna do tworzenia idealnej pienistej tekstury na powierzchni matchy. Koicha, czyli g\u0119sta herbata, jest przygotowywana przy u\u017cyciu znacznie wi\u0119kszej porcji matchy. W 150 ml wody rozrabiamy 4-6 \u0142y\u017ceczek chashaku. Taka matcha ma znacznie g\u0119stsz\u0105 konsystencj\u0119 i s\u0142odszy smak. Trzepanie jest trudniejsze i ta metoda nie wytwarza charakterystycznej piany. Koicha podawana jest prawie wy\u0142\u0105cznie w trakcie japo\u0144skiej ceremonii parzenia herbaty.<\/span><\/p>\n\n\n\n<p>Obejrzyj jak w tradycyjny spos\u00f3b przygotowuje herbat\u0119 matcha za\u0142o\u017cycielka Moya Matcha, <strong><span style=\"color: #008000\"><a style=\"color: #008000\" href=\"https:\/\/moyamatcha.com\/japonska-zielona-herbata-moya-matcha\/przygotowanie-matchy\/\">Hitomi Saito &#8211; film<\/a><\/span><\/strong><\/p>\n<\/div>\n<\/div>\n\n\n\n<div class=\"wp-block-column patternTextImg__img is-layout-flow wp-block-column-is-layout-flow\" style=\"flex-basis:50%\">\n<figure class=\"wp-block-image size-full\"><img loading=\"lazy\" decoding=\"async\" width=\"1707\" height=\"2560\" src=\"https:\/\/moyamatcha.com\/wp-content\/uploads\/2024\/09\/bambusowe-akcesoria-do-przygotowywania-herbaty-matcha-podstawka-pod-chasen-naoshi-chashaku-moya-scaled.jpg\" alt=\"Chashaku - &#x142;y&#x17C;eczka do matchy\" class=\"wp-image-7421\" srcset=\"https:\/\/moyamatcha.com\/wp-content\/uploads\/2024\/09\/bambusowe-akcesoria-do-przygotowywania-herbaty-matcha-podstawka-pod-chasen-naoshi-chashaku-moya-scaled.jpg 1707w, https:\/\/moyamatcha.com\/wp-content\/uploads\/2024\/09\/bambusowe-akcesoria-do-przygotowywania-herbaty-matcha-podstawka-pod-chasen-naoshi-chashaku-moya-1365x2048.jpg 1365w, https:\/\/moyamatcha.com\/wp-content\/uploads\/2024\/09\/bambusowe-akcesoria-do-przygotowywania-herbaty-matcha-podstawka-pod-chasen-naoshi-chashaku-moya-200x300.jpg 200w, https:\/\/moyamatcha.com\/wp-content\/uploads\/2024\/09\/bambusowe-akcesoria-do-przygotowywania-herbaty-matcha-podstawka-pod-chasen-naoshi-chashaku-moya-768x1152.jpg 768w, https:\/\/moyamatcha.com\/wp-content\/uploads\/2024\/09\/bambusowe-akcesoria-do-przygotowywania-herbaty-matcha-podstawka-pod-chasen-naoshi-chashaku-moya-683x1024.jpg 683w, https:\/\/moyamatcha.com\/wp-content\/uploads\/2024\/09\/bambusowe-akcesoria-do-przygotowywania-herbaty-matcha-podstawka-pod-chasen-naoshi-chashaku-moya-1024x1536.jpg 1024w, https:\/\/moyamatcha.com\/wp-content\/uploads\/2024\/09\/bambusowe-akcesoria-do-przygotowywania-herbaty-matcha-podstawka-pod-chasen-naoshi-chashaku-moya-1920x2880.jpg 1920w, https:\/\/moyamatcha.com\/wp-content\/uploads\/2024\/09\/bambusowe-akcesoria-do-przygotowywania-herbaty-matcha-podstawka-pod-chasen-naoshi-chashaku-moya-1224x1836.jpg 1224w, https:\/\/moyamatcha.com\/wp-content\/uploads\/2024\/09\/bambusowe-akcesoria-do-przygotowywania-herbaty-matcha-podstawka-pod-chasen-naoshi-chashaku-moya-912x1368.jpg 912w, https:\/\/moyamatcha.com\/wp-content\/uploads\/2024\/09\/bambusowe-akcesoria-do-przygotowywania-herbaty-matcha-podstawka-pod-chasen-naoshi-chashaku-moya-850x1275.jpg 850w, https:\/\/moyamatcha.com\/wp-content\/uploads\/2024\/09\/bambusowe-akcesoria-do-przygotowywania-herbaty-matcha-podstawka-pod-chasen-naoshi-chashaku-moya-600x900.jpg 600w, https:\/\/moyamatcha.com\/wp-content\/uploads\/2024\/09\/bambusowe-akcesoria-do-przygotowywania-herbaty-matcha-podstawka-pod-chasen-naoshi-chashaku-moya-480x720.jpg 480w, https:\/\/moyamatcha.com\/wp-content\/uploads\/2024\/09\/bambusowe-akcesoria-do-przygotowywania-herbaty-matcha-podstawka-pod-chasen-naoshi-chashaku-moya-372x558.jpg 372w, https:\/\/moyamatcha.com\/wp-content\/uploads\/2024\/09\/bambusowe-akcesoria-do-przygotowywania-herbaty-matcha-podstawka-pod-chasen-naoshi-chashaku-moya-260x390.jpg 260w, https:\/\/moyamatcha.com\/wp-content\/uploads\/2024\/09\/bambusowe-akcesoria-do-przygotowywania-herbaty-matcha-podstawka-pod-chasen-naoshi-chashaku-moya-120x180.jpg 120w, https:\/\/moyamatcha.com\/wp-content\/uploads\/2024\/09\/bambusowe-akcesoria-do-przygotowywania-herbaty-matcha-podstawka-pod-chasen-naoshi-chashaku-moya-90x135.jpg 90w, https:\/\/moyamatcha.com\/wp-content\/uploads\/2024\/09\/bambusowe-akcesoria-do-przygotowywania-herbaty-matcha-podstawka-pod-chasen-naoshi-chashaku-moya-40x60.jpg 40w\" sizes=\"auto, (max-width: 1707px) 100vw, 1707px\" \/><\/figure>\n<\/div>\n<\/div>\n<\/section>\n","protected":false},"excerpt":{"rendered":"<div id=\"wp-excerpt-wrap\" class=\"wp-core-ui wp-editor-wrap tmce-active\"><link rel='stylesheet' id='dashicons-css' href='https:\/\/moyamatcha.com\/wp-includes\/css\/dashicons.min.css' type='text\/css' media='all' \/>\n<link rel='stylesheet' id='editor-buttons-css' href='https:\/\/moyamatcha.com\/wp-includes\/css\/editor.min.css' type='text\/css' media='all' \/>\n<style>.wp-editor-container { width: 100% !important; }<\/style>\n<div id=\"wp-excerpt-editor-container\" class=\"wp-editor-container\"><textarea class=\"wp-editor-area\" rows=\"5\" autocomplete=\"off\" cols=\"40\" name=\"excerpt\" id=\"excerpt\">&lt;p&gt;Traditional bamboo spoon for matcha preparation&lt;\/p&gt;<\/textarea><\/div>\n<\/div>\n\n","protected":false},"featured_media":85400,"template":"","meta":{"_acf_changed":false,"inline_featured_image":false},"product_brand":[],"product_cat":[427,1087,428],"product_tag":[],"class_list":{"0":"post-3974","1":"product","2":"type-product","3":"status-publish","4":"has-post-thumbnail","6":"product_cat-accessories-en","7":"product_cat-chashaku","8":"product_cat-matcha-accessories","10":"first","11":"instock","12":"purchasable","13":"product-type-simple"},"acf":[],"yoast_head":"<!-- This site is optimized with the Yoast SEO plugin v27.0 - https:\/\/yoast.com\/product\/yoast-seo-wordpress\/ -->\n<title>Chashaku - dark bamboo spoon - MoyaMatcha<\/title>\n<meta name=\"description\" content=\"Traditional bamboo spoon for matcha preparation\" \/>\n<meta name=\"robots\" content=\"index, follow, max-snippet:-1, max-image-preview:large, max-video-preview:-1\" \/>\n<link rel=\"canonical\" href=\"https:\/\/moyamatcha.com\/en\/produkt\/dark-bamboo-spoon-chashaku\/\" \/>\n<meta property=\"og:locale\" content=\"en_US\" \/>\n<meta property=\"og:type\" content=\"article\" \/>\n<meta property=\"og:title\" content=\"Chashaku - dark bamboo spoon - MoyaMatcha\" \/>\n<meta property=\"og:description\" content=\"Traditional bamboo spoon for matcha preparation\" \/>\n<meta property=\"og:url\" content=\"https:\/\/moyamatcha.com\/en\/produkt\/dark-bamboo-spoon-chashaku\/\" \/>\n<meta property=\"og:site_name\" content=\"MoyaMatcha\" \/>\n<meta property=\"article:publisher\" content=\"https:\/\/www.facebook.com\/moyamatcha\" \/>\n<meta property=\"article:modified_time\" content=\"2026-04-04T15:13:46+00:00\" \/>\n<meta property=\"og:image\" content=\"https:\/\/moyamatcha.com\/wp-content\/uploads\/2024\/08\/chashaku-ciemne-lyzeczka-do-matchy-moya.png\" \/>\n\t<meta property=\"og:image:width\" content=\"540\" \/>\n\t<meta property=\"og:image:height\" content=\"809\" \/>\n\t<meta property=\"og:image:type\" content=\"image\/png\" \/>\n<meta name=\"twitter:card\" content=\"summary_large_image\" \/>\n<meta name=\"twitter:label1\" content=\"Est. reading time\" \/>\n\t<meta name=\"twitter:data1\" content=\"2 minutes\" \/>\n<script type=\"application\/ld+json\" class=\"yoast-schema-graph\">{\"@context\":\"https:\/\/schema.org\",\"@graph\":[{\"@type\":\"WebPage\",\"@id\":\"https:\/\/moyamatcha.com\/en\/produkt\/dark-bamboo-spoon-chashaku\/\",\"url\":\"https:\/\/moyamatcha.com\/en\/produkt\/dark-bamboo-spoon-chashaku\/\",\"name\":\"Chashaku - dark bamboo spoon - MoyaMatcha\",\"isPartOf\":{\"@id\":\"https:\/\/moyamatcha.com\/en\/#website\"},\"primaryImageOfPage\":{\"@id\":\"https:\/\/moyamatcha.com\/en\/produkt\/dark-bamboo-spoon-chashaku\/#primaryimage\"},\"image\":{\"@id\":\"https:\/\/moyamatcha.com\/en\/produkt\/dark-bamboo-spoon-chashaku\/#primaryimage\"},\"thumbnailUrl\":\"https:\/\/moyamatcha.com\/wp-content\/uploads\/2024\/08\/chashaku-ciemne-lyzeczka-do-matchy-moya.png\",\"datePublished\":\"2024-08-17T23:00:11+00:00\",\"dateModified\":\"2026-04-04T15:13:46+00:00\",\"description\":\"Traditional bamboo spoon for matcha preparation\",\"breadcrumb\":{\"@id\":\"https:\/\/moyamatcha.com\/en\/produkt\/dark-bamboo-spoon-chashaku\/#breadcrumb\"},\"inLanguage\":\"en-US\",\"potentialAction\":[{\"@type\":\"ReadAction\",\"target\":[\"https:\/\/moyamatcha.com\/en\/produkt\/dark-bamboo-spoon-chashaku\/\"]}]},{\"@type\":\"ImageObject\",\"inLanguage\":\"en-US\",\"@id\":\"https:\/\/moyamatcha.com\/en\/produkt\/dark-bamboo-spoon-chashaku\/#primaryimage\",\"url\":\"https:\/\/moyamatcha.com\/wp-content\/uploads\/2024\/08\/chashaku-ciemne-lyzeczka-do-matchy-moya.png\",\"contentUrl\":\"https:\/\/moyamatcha.com\/wp-content\/uploads\/2024\/08\/chashaku-ciemne-lyzeczka-do-matchy-moya.png\",\"width\":540,\"height\":809,\"caption\":\"\u0141y\u017ceczka do matchy\"},{\"@type\":\"BreadcrumbList\",\"@id\":\"https:\/\/moyamatcha.com\/en\/produkt\/dark-bamboo-spoon-chashaku\/#breadcrumb\",\"itemListElement\":[{\"@type\":\"ListItem\",\"position\":1,\"name\":\"Home\",\"item\":\"https:\/\/moyamatcha.com\/en\/\"},{\"@type\":\"ListItem\",\"position\":2,\"name\":\"Shop\",\"item\":\"https:\/\/moyamatcha.com\/sklep\/\"},{\"@type\":\"ListItem\",\"position\":3,\"name\":\"Accessories\",\"item\":\"https:\/\/moyamatcha.com\/en\/product-category\/accessories-en\/\"},{\"@type\":\"ListItem\",\"position\":4,\"name\":\"Chashaku &#8211; dark bamboo spoon\"}]},{\"@type\":\"WebSite\",\"@id\":\"https:\/\/moyamatcha.com\/en\/#website\",\"url\":\"https:\/\/moyamatcha.com\/en\/\",\"name\":\"MoyaMatcha.com\",\"description\":\"\",\"publisher\":{\"@id\":\"https:\/\/moyamatcha.com\/en\/#organization\"},\"alternateName\":\"Moya Matcha\",\"potentialAction\":[{\"@type\":\"SearchAction\",\"target\":{\"@type\":\"EntryPoint\",\"urlTemplate\":\"https:\/\/moyamatcha.com\/en\/?s={search_term_string}\"},\"query-input\":{\"@type\":\"PropertyValueSpecification\",\"valueRequired\":true,\"valueName\":\"search_term_string\"}}],\"inLanguage\":\"en-US\"},{\"@type\":\"Organization\",\"@id\":\"https:\/\/moyamatcha.com\/en\/#organization\",\"name\":\"MoyaMatcha.com\",\"alternateName\":\"Moya Matcha Polska\",\"url\":\"https:\/\/moyamatcha.com\/en\/\",\"logo\":{\"@type\":\"ImageObject\",\"inLanguage\":\"en-US\",\"@id\":\"https:\/\/moyamatcha.com\/en\/#\/schema\/logo\/image\/\",\"url\":\"https:\/\/moyamatcha.com\/wp-content\/uploads\/2024\/11\/moya-300x297-1.png\",\"contentUrl\":\"https:\/\/moyamatcha.com\/wp-content\/uploads\/2024\/11\/moya-300x297-1.png\",\"width\":300,\"height\":297,\"caption\":\"MoyaMatcha.com\"},\"image\":{\"@id\":\"https:\/\/moyamatcha.com\/en\/#\/schema\/logo\/image\/\"},\"sameAs\":[\"https:\/\/www.facebook.com\/moyamatcha\"]}]}<\/script>\n<!-- \/ Yoast SEO plugin. -->","yoast_head_json":{"title":"Chashaku - dark bamboo spoon - MoyaMatcha","description":"Traditional bamboo spoon for matcha preparation","robots":{"index":"index","follow":"follow","max-snippet":"max-snippet:-1","max-image-preview":"max-image-preview:large","max-video-preview":"max-video-preview:-1"},"canonical":"https:\/\/moyamatcha.com\/en\/produkt\/dark-bamboo-spoon-chashaku\/","og_locale":"en_US","og_type":"article","og_title":"Chashaku - dark bamboo spoon - MoyaMatcha","og_description":"Traditional bamboo spoon for matcha preparation","og_url":"https:\/\/moyamatcha.com\/en\/produkt\/dark-bamboo-spoon-chashaku\/","og_site_name":"MoyaMatcha","article_publisher":"https:\/\/www.facebook.com\/moyamatcha","article_modified_time":"2026-04-04T15:13:46+00:00","og_image":[{"width":540,"height":809,"url":"https:\/\/moyamatcha.com\/wp-content\/uploads\/2024\/08\/chashaku-ciemne-lyzeczka-do-matchy-moya.png","type":"image\/png"}],"twitter_card":"summary_large_image","twitter_misc":{"Est. reading time":"2 minutes"},"schema":{"@context":"https:\/\/schema.org","@graph":[{"@type":"WebPage","@id":"https:\/\/moyamatcha.com\/en\/produkt\/dark-bamboo-spoon-chashaku\/","url":"https:\/\/moyamatcha.com\/en\/produkt\/dark-bamboo-spoon-chashaku\/","name":"Chashaku - dark bamboo spoon - MoyaMatcha","isPartOf":{"@id":"https:\/\/moyamatcha.com\/en\/#website"},"primaryImageOfPage":{"@id":"https:\/\/moyamatcha.com\/en\/produkt\/dark-bamboo-spoon-chashaku\/#primaryimage"},"image":{"@id":"https:\/\/moyamatcha.com\/en\/produkt\/dark-bamboo-spoon-chashaku\/#primaryimage"},"thumbnailUrl":"https:\/\/moyamatcha.com\/wp-content\/uploads\/2024\/08\/chashaku-ciemne-lyzeczka-do-matchy-moya.png","datePublished":"2024-08-17T23:00:11+00:00","dateModified":"2026-04-04T15:13:46+00:00","description":"Traditional bamboo spoon for matcha preparation","breadcrumb":{"@id":"https:\/\/moyamatcha.com\/en\/produkt\/dark-bamboo-spoon-chashaku\/#breadcrumb"},"inLanguage":"en-US","potentialAction":[{"@type":"ReadAction","target":["https:\/\/moyamatcha.com\/en\/produkt\/dark-bamboo-spoon-chashaku\/"]}]},{"@type":"ImageObject","inLanguage":"en-US","@id":"https:\/\/moyamatcha.com\/en\/produkt\/dark-bamboo-spoon-chashaku\/#primaryimage","url":"https:\/\/moyamatcha.com\/wp-content\/uploads\/2024\/08\/chashaku-ciemne-lyzeczka-do-matchy-moya.png","contentUrl":"https:\/\/moyamatcha.com\/wp-content\/uploads\/2024\/08\/chashaku-ciemne-lyzeczka-do-matchy-moya.png","width":540,"height":809,"caption":"\u0141y\u017ceczka do matchy"},{"@type":"BreadcrumbList","@id":"https:\/\/moyamatcha.com\/en\/produkt\/dark-bamboo-spoon-chashaku\/#breadcrumb","itemListElement":[{"@type":"ListItem","position":1,"name":"Home","item":"https:\/\/moyamatcha.com\/en\/"},{"@type":"ListItem","position":2,"name":"Shop","item":"https:\/\/moyamatcha.com\/sklep\/"},{"@type":"ListItem","position":3,"name":"Accessories","item":"https:\/\/moyamatcha.com\/en\/product-category\/accessories-en\/"},{"@type":"ListItem","position":4,"name":"Chashaku &#8211; dark bamboo spoon"}]},{"@type":"WebSite","@id":"https:\/\/moyamatcha.com\/en\/#website","url":"https:\/\/moyamatcha.com\/en\/","name":"MoyaMatcha.com","description":"","publisher":{"@id":"https:\/\/moyamatcha.com\/en\/#organization"},"alternateName":"Moya Matcha","potentialAction":[{"@type":"SearchAction","target":{"@type":"EntryPoint","urlTemplate":"https:\/\/moyamatcha.com\/en\/?s={search_term_string}"},"query-input":{"@type":"PropertyValueSpecification","valueRequired":true,"valueName":"search_term_string"}}],"inLanguage":"en-US"},{"@type":"Organization","@id":"https:\/\/moyamatcha.com\/en\/#organization","name":"MoyaMatcha.com","alternateName":"Moya Matcha Polska","url":"https:\/\/moyamatcha.com\/en\/","logo":{"@type":"ImageObject","inLanguage":"en-US","@id":"https:\/\/moyamatcha.com\/en\/#\/schema\/logo\/image\/","url":"https:\/\/moyamatcha.com\/wp-content\/uploads\/2024\/11\/moya-300x297-1.png","contentUrl":"https:\/\/moyamatcha.com\/wp-content\/uploads\/2024\/11\/moya-300x297-1.png","width":300,"height":297,"caption":"MoyaMatcha.com"},"image":{"@id":"https:\/\/moyamatcha.com\/en\/#\/schema\/logo\/image\/"},"sameAs":["https:\/\/www.facebook.com\/moyamatcha"]}]}},"_links":{"self":[{"href":"https:\/\/moyamatcha.com\/en\/wp-json\/wp\/v2\/product\/3974","targetHints":{"allow":["GET"]}}],"collection":[{"href":"https:\/\/moyamatcha.com\/en\/wp-json\/wp\/v2\/product"}],"about":[{"href":"https:\/\/moyamatcha.com\/en\/wp-json\/wp\/v2\/types\/product"}],"wp:featuredmedia":[{"embeddable":true,"href":"https:\/\/moyamatcha.com\/en\/wp-json\/wp\/v2\/media\/85400"}],"wp:attachment":[{"href":"https:\/\/moyamatcha.com\/en\/wp-json\/wp\/v2\/media?parent=3974"}],"wp:term":[{"taxonomy":"product_brand","embeddable":true,"href":"https:\/\/moyamatcha.com\/en\/wp-json\/wp\/v2\/product_brand?post=3974"},{"taxonomy":"product_cat","embeddable":true,"href":"https:\/\/moyamatcha.com\/en\/wp-json\/wp\/v2\/product_cat?post=3974"},{"taxonomy":"product_tag","embeddable":true,"href":"https:\/\/moyamatcha.com\/en\/wp-json\/wp\/v2\/product_tag?post=3974"}],"curies":[{"name":"wp","href":"https:\/\/api.w.org\/{rel}","templated":true}]}}