{"id":3975,"date":"2024-08-18T01:00:11","date_gmt":"2024-08-17T23:00:11","guid":{"rendered":"https:\/\/moyamatcha.wldevs-stagging.pl\/?post_type=product&#038;p=3975"},"modified":"2026-04-14T22:20:05","modified_gmt":"2026-04-14T20:20:05","slug":"matcha-whisk-holder","status":"publish","type":"product","link":"https:\/\/moyamatcha.com\/en\/produkt\/matcha-whisk-holder\/","title":{"rendered":"Matcha whisk holder"},"content":{"rendered":"\n<section class=\"wp-block-group alignfull patternImgText has-light-moss-green-3-background-color has-background is-layout-constrained wp-block-group-is-layout-constrained\">\n<div class=\"wp-block-columns alignfull is-layout-flex wp-container-core-columns-is-layout-c5fdfbfa wp-block-columns-is-layout-flex\" style=\"margin-top:0;margin-right:0;margin-bottom:0;margin-left:0\">\n<div class=\"wp-block-column patternImgText__img is-layout-flow wp-block-column-is-layout-flow\" style=\"flex-basis:50%\">\n<figure class=\"wp-block-image size-full\"><img loading=\"lazy\" decoding=\"async\" width=\"1366\" height=\"2048\" src=\"https:\/\/moyamatcha.com\/wp-content\/uploads\/2024\/08\/moya-matcha-codzienna-szklana-czarka-akcesoria.jpg\" alt=\"Podstawka pod chasen czarna\" class=\"wp-image-18976\" srcset=\"https:\/\/moyamatcha.com\/wp-content\/uploads\/2024\/08\/moya-matcha-codzienna-szklana-czarka-akcesoria.jpg 1366w, https:\/\/moyamatcha.com\/wp-content\/uploads\/2024\/08\/moya-matcha-codzienna-szklana-czarka-akcesoria-200x300.jpg 200w, https:\/\/moyamatcha.com\/wp-content\/uploads\/2024\/08\/moya-matcha-codzienna-szklana-czarka-akcesoria-768x1151.jpg 768w, https:\/\/moyamatcha.com\/wp-content\/uploads\/2024\/08\/moya-matcha-codzienna-szklana-czarka-akcesoria-683x1024.jpg 683w, https:\/\/moyamatcha.com\/wp-content\/uploads\/2024\/08\/moya-matcha-codzienna-szklana-czarka-akcesoria-1025x1536.jpg 1025w, https:\/\/moyamatcha.com\/wp-content\/uploads\/2024\/08\/moya-matcha-codzienna-szklana-czarka-akcesoria-1224x1835.jpg 1224w, https:\/\/moyamatcha.com\/wp-content\/uploads\/2024\/08\/moya-matcha-codzienna-szklana-czarka-akcesoria-912x1367.jpg 912w, https:\/\/moyamatcha.com\/wp-content\/uploads\/2024\/08\/moya-matcha-codzienna-szklana-czarka-akcesoria-850x1274.jpg 850w, https:\/\/moyamatcha.com\/wp-content\/uploads\/2024\/08\/moya-matcha-codzienna-szklana-czarka-akcesoria-600x900.jpg 600w, https:\/\/moyamatcha.com\/wp-content\/uploads\/2024\/08\/moya-matcha-codzienna-szklana-czarka-akcesoria-480x720.jpg 480w, https:\/\/moyamatcha.com\/wp-content\/uploads\/2024\/08\/moya-matcha-codzienna-szklana-czarka-akcesoria-372x558.jpg 372w, https:\/\/moyamatcha.com\/wp-content\/uploads\/2024\/08\/moya-matcha-codzienna-szklana-czarka-akcesoria-260x390.jpg 260w, https:\/\/moyamatcha.com\/wp-content\/uploads\/2024\/08\/moya-matcha-codzienna-szklana-czarka-akcesoria-120x180.jpg 120w, https:\/\/moyamatcha.com\/wp-content\/uploads\/2024\/08\/moya-matcha-codzienna-szklana-czarka-akcesoria-90x135.jpg 90w, https:\/\/moyamatcha.com\/wp-content\/uploads\/2024\/08\/moya-matcha-codzienna-szklana-czarka-akcesoria-40x60.jpg 40w\" sizes=\"auto, (max-width: 1366px) 100vw, 1366px\" \/><\/figure>\n<\/div>\n\n\n\n<div class=\"wp-block-column patternImgText__text is-layout-flow wp-block-column-is-layout-flow\" style=\"flex-basis:50%\">\n<div class=\"wp-block-group is-vertical is-content-justification-left is-layout-flex wp-container-core-group-is-layout-dd225191 wp-block-group-is-layout-flex\">\n<h2 class=\"wp-block-heading\"><strong>Porcelanowa podstawka pod chasen<\/strong><\/h2>\n\n\n\n<p>Podstawka pod chasen znana w Japonii jako naoshi to nieod\u0142\u0105czny element zestawu do przygotowywania matchy ka\u017cdego mi\u0142o\u015bnika tej herbaty. Wykonana z czarnej, l\u015bni\u0105cej porcelany podstawka pomo\u017ce utrzyma\u0107 delikatne w\u0105sy chasenu w idealnym kszta\u0142cie zapewniaj\u0105c mu wi\u0119ksz\u0105 trwa\u0142o\u015b\u0107 i d\u0142ugowieczno\u015b\u0107. Naoshi jest jednym z narz\u0119dzi u\u017cywanych od wielu wiek\u00f3w w tradycyjnej japo\u0144skiej ceremonii herbacianej. Dzisiaj coraz cz\u0119\u015bciej mo\u017cna go zobaczy\u0107 na wyposa\u017ceniu kuchennym u os\u00f3b ceni\u0105cych dobrze przygotowan\u0105 herbat\u0119 matcha. Chasen widoczny na zdj\u0119ciu sprzedawany jest osobno.<\/p>\n\n\n\n<p>Sprawd\u017a inne nasze<strong> <a href=\"https:\/\/moyamatcha.com\/kategoria-produktu\/akcesoria\/akcesoria-do-matchy\/naoshi\/\">podstawki<\/a> <\/strong>i <strong><a href=\"https:\/\/moyamatcha.com\/kategoria-produktu\/akcesoria\/akcesoria-do-matchy\/\">akcesoria do matchy.<\/a><\/strong><\/p>\n<\/div>\n<\/div>\n<\/div>\n<\/section>\n","protected":false},"excerpt":{"rendered":"<div id=\"wp-excerpt-wrap\" class=\"wp-core-ui wp-editor-wrap tmce-active\"><link rel='stylesheet' id='dashicons-css' href='https:\/\/moyamatcha.com\/wp-includes\/css\/dashicons.min.css' type='text\/css' media='all' \/>\n<link rel='stylesheet' id='editor-buttons-css' href='https:\/\/moyamatcha.com\/wp-includes\/css\/editor.min.css' type='text\/css' media='all' \/>\n<style>.wp-editor-container { width: 100% !important; }<\/style>\n<div id=\"wp-excerpt-editor-container\" class=\"wp-editor-container\"><textarea class=\"wp-editor-area\" rows=\"5\" autocomplete=\"off\" cols=\"40\" name=\"excerpt\" id=\"excerpt\">&lt;p&gt;Matcha whisk holder helps the bamboo whisk chasen dry faster and maintain its shape and durability&lt;\/p&gt;\r\n&lt;p&gt;Bamboo whisk sold separately&lt;\/p&gt;\r\n&lt;p&gt;Dishwasher safe&lt;\/p&gt;<\/textarea><\/div>\n<\/div>\n\n","protected":false},"featured_media":103586,"template":"","meta":{"_acf_changed":true,"inline_featured_image":false},"product_brand":[],"product_cat":[427,428,1089,1094],"product_tag":[],"class_list":{"0":"post-3975","1":"product","2":"type-product","3":"status-publish","4":"has-post-thumbnail","6":"product_cat-accessories-en","7":"product_cat-matcha-accessories","8":"product_cat-naoshi","9":"product_cat-bestsellers","11":"first","12":"instock","13":"purchasable","14":"product-type-simple"},"acf":[],"yoast_head":"<!-- This site is optimized with the Yoast SEO plugin v27.0 - https:\/\/yoast.com\/product\/yoast-seo-wordpress\/ -->\n<title>Matcha whisk holder - MoyaMatcha<\/title>\n<meta name=\"description\" content=\"Matcha whisk holder helps the bamboo whisk chasen dry faster and maintain its shape and durability Bamboo whisk sold separately Dishwasher safe\" \/>\n<meta name=\"robots\" content=\"index, follow, max-snippet:-1, max-image-preview:large, max-video-preview:-1\" \/>\n<link rel=\"canonical\" href=\"https:\/\/moyamatcha.com\/en\/produkt\/matcha-whisk-holder\/\" \/>\n<meta property=\"og:locale\" content=\"en_US\" \/>\n<meta property=\"og:type\" content=\"article\" \/>\n<meta property=\"og:title\" content=\"Matcha whisk holder - MoyaMatcha\" \/>\n<meta property=\"og:description\" content=\"Matcha whisk holder helps the bamboo whisk chasen dry faster and maintain its shape and durability Bamboo whisk sold separately Dishwasher safe\" \/>\n<meta property=\"og:url\" content=\"https:\/\/moyamatcha.com\/en\/produkt\/matcha-whisk-holder\/\" \/>\n<meta property=\"og:site_name\" content=\"MoyaMatcha\" \/>\n<meta property=\"article:publisher\" content=\"https:\/\/www.facebook.com\/moyamatcha\" \/>\n<meta property=\"article:modified_time\" content=\"2026-04-14T20:20:05+00:00\" \/>\n<meta property=\"og:image\" content=\"https:\/\/moyamatcha.com\/wp-content\/uploads\/2024\/08\/podstawka-pod-chasen-naoshi-moya-czarna.png\" \/>\n\t<meta property=\"og:image:width\" content=\"809\" \/>\n\t<meta property=\"og:image:height\" content=\"1210\" \/>\n\t<meta property=\"og:image:type\" content=\"image\/png\" \/>\n<meta name=\"twitter:card\" content=\"summary_large_image\" \/>\n<meta name=\"twitter:label1\" content=\"Est. reading time\" \/>\n\t<meta name=\"twitter:data1\" content=\"1 minute\" \/>\n<script type=\"application\/ld+json\" class=\"yoast-schema-graph\">{\"@context\":\"https:\/\/schema.org\",\"@graph\":[{\"@type\":\"WebPage\",\"@id\":\"https:\/\/moyamatcha.com\/en\/produkt\/matcha-whisk-holder\/\",\"url\":\"https:\/\/moyamatcha.com\/en\/produkt\/matcha-whisk-holder\/\",\"name\":\"Matcha whisk holder - MoyaMatcha\",\"isPartOf\":{\"@id\":\"https:\/\/moyamatcha.com\/en\/#website\"},\"primaryImageOfPage\":{\"@id\":\"https:\/\/moyamatcha.com\/en\/produkt\/matcha-whisk-holder\/#primaryimage\"},\"image\":{\"@id\":\"https:\/\/moyamatcha.com\/en\/produkt\/matcha-whisk-holder\/#primaryimage\"},\"thumbnailUrl\":\"https:\/\/moyamatcha.com\/wp-content\/uploads\/2024\/08\/podstawka-pod-chasen-naoshi-moya-czarna.png\",\"datePublished\":\"2024-08-17T23:00:11+00:00\",\"dateModified\":\"2026-04-14T20:20:05+00:00\",\"description\":\"Matcha whisk holder helps the bamboo whisk chasen dry faster and maintain its shape and durability Bamboo whisk sold separately Dishwasher safe\",\"breadcrumb\":{\"@id\":\"https:\/\/moyamatcha.com\/en\/produkt\/matcha-whisk-holder\/#breadcrumb\"},\"inLanguage\":\"en-US\",\"potentialAction\":[{\"@type\":\"ReadAction\",\"target\":[\"https:\/\/moyamatcha.com\/en\/produkt\/matcha-whisk-holder\/\"]}]},{\"@type\":\"ImageObject\",\"inLanguage\":\"en-US\",\"@id\":\"https:\/\/moyamatcha.com\/en\/produkt\/matcha-whisk-holder\/#primaryimage\",\"url\":\"https:\/\/moyamatcha.com\/wp-content\/uploads\/2024\/08\/podstawka-pod-chasen-naoshi-moya-czarna.png\",\"contentUrl\":\"https:\/\/moyamatcha.com\/wp-content\/uploads\/2024\/08\/podstawka-pod-chasen-naoshi-moya-czarna.png\",\"width\":809,\"height\":1210,\"caption\":\"Podstawka pod chasen czarna\"},{\"@type\":\"BreadcrumbList\",\"@id\":\"https:\/\/moyamatcha.com\/en\/produkt\/matcha-whisk-holder\/#breadcrumb\",\"itemListElement\":[{\"@type\":\"ListItem\",\"position\":1,\"name\":\"Home\",\"item\":\"https:\/\/moyamatcha.com\/en\/\"},{\"@type\":\"ListItem\",\"position\":2,\"name\":\"Shop\",\"item\":\"https:\/\/moyamatcha.com\/sklep\/\"},{\"@type\":\"ListItem\",\"position\":3,\"name\":\"Accessories\",\"item\":\"https:\/\/moyamatcha.com\/en\/product-category\/accessories-en\/\"},{\"@type\":\"ListItem\",\"position\":4,\"name\":\"Matcha accessories\",\"item\":\"https:\/\/moyamatcha.com\/en\/product-category\/accessories-en\/matcha-accessories\/\"},{\"@type\":\"ListItem\",\"position\":5,\"name\":\"Naoshi\",\"item\":\"https:\/\/moyamatcha.com\/en\/product-category\/accessories-en\/matcha-accessories\/naoshi\/\"},{\"@type\":\"ListItem\",\"position\":6,\"name\":\"Matcha whisk holder\"}]},{\"@type\":\"WebSite\",\"@id\":\"https:\/\/moyamatcha.com\/en\/#website\",\"url\":\"https:\/\/moyamatcha.com\/en\/\",\"name\":\"MoyaMatcha.com\",\"description\":\"\",\"publisher\":{\"@id\":\"https:\/\/moyamatcha.com\/en\/#organization\"},\"alternateName\":\"Moya Matcha\",\"potentialAction\":[{\"@type\":\"SearchAction\",\"target\":{\"@type\":\"EntryPoint\",\"urlTemplate\":\"https:\/\/moyamatcha.com\/en\/?s={search_term_string}\"},\"query-input\":{\"@type\":\"PropertyValueSpecification\",\"valueRequired\":true,\"valueName\":\"search_term_string\"}}],\"inLanguage\":\"en-US\"},{\"@type\":\"Organization\",\"@id\":\"https:\/\/moyamatcha.com\/en\/#organization\",\"name\":\"MoyaMatcha.com\",\"alternateName\":\"Moya Matcha Polska\",\"url\":\"https:\/\/moyamatcha.com\/en\/\",\"logo\":{\"@type\":\"ImageObject\",\"inLanguage\":\"en-US\",\"@id\":\"https:\/\/moyamatcha.com\/en\/#\/schema\/logo\/image\/\",\"url\":\"https:\/\/moyamatcha.com\/wp-content\/uploads\/2024\/11\/moya-300x297-1.png\",\"contentUrl\":\"https:\/\/moyamatcha.com\/wp-content\/uploads\/2024\/11\/moya-300x297-1.png\",\"width\":300,\"height\":297,\"caption\":\"MoyaMatcha.com\"},\"image\":{\"@id\":\"https:\/\/moyamatcha.com\/en\/#\/schema\/logo\/image\/\"},\"sameAs\":[\"https:\/\/www.facebook.com\/moyamatcha\"]}]}<\/script>\n<!-- \/ Yoast SEO plugin. -->","yoast_head_json":{"title":"Matcha whisk holder - MoyaMatcha","description":"Matcha whisk holder helps the bamboo whisk chasen dry faster and maintain its shape and durability Bamboo whisk sold separately Dishwasher safe","robots":{"index":"index","follow":"follow","max-snippet":"max-snippet:-1","max-image-preview":"max-image-preview:large","max-video-preview":"max-video-preview:-1"},"canonical":"https:\/\/moyamatcha.com\/en\/produkt\/matcha-whisk-holder\/","og_locale":"en_US","og_type":"article","og_title":"Matcha whisk holder - MoyaMatcha","og_description":"Matcha whisk holder helps the bamboo whisk chasen dry faster and maintain its shape and durability Bamboo whisk sold separately Dishwasher safe","og_url":"https:\/\/moyamatcha.com\/en\/produkt\/matcha-whisk-holder\/","og_site_name":"MoyaMatcha","article_publisher":"https:\/\/www.facebook.com\/moyamatcha","article_modified_time":"2026-04-14T20:20:05+00:00","og_image":[{"width":809,"height":1210,"url":"https:\/\/moyamatcha.com\/wp-content\/uploads\/2024\/08\/podstawka-pod-chasen-naoshi-moya-czarna.png","type":"image\/png"}],"twitter_card":"summary_large_image","twitter_misc":{"Est. reading time":"1 minute"},"schema":{"@context":"https:\/\/schema.org","@graph":[{"@type":"WebPage","@id":"https:\/\/moyamatcha.com\/en\/produkt\/matcha-whisk-holder\/","url":"https:\/\/moyamatcha.com\/en\/produkt\/matcha-whisk-holder\/","name":"Matcha whisk holder - MoyaMatcha","isPartOf":{"@id":"https:\/\/moyamatcha.com\/en\/#website"},"primaryImageOfPage":{"@id":"https:\/\/moyamatcha.com\/en\/produkt\/matcha-whisk-holder\/#primaryimage"},"image":{"@id":"https:\/\/moyamatcha.com\/en\/produkt\/matcha-whisk-holder\/#primaryimage"},"thumbnailUrl":"https:\/\/moyamatcha.com\/wp-content\/uploads\/2024\/08\/podstawka-pod-chasen-naoshi-moya-czarna.png","datePublished":"2024-08-17T23:00:11+00:00","dateModified":"2026-04-14T20:20:05+00:00","description":"Matcha whisk holder helps the bamboo whisk chasen dry faster and maintain its shape and durability Bamboo whisk sold separately Dishwasher safe","breadcrumb":{"@id":"https:\/\/moyamatcha.com\/en\/produkt\/matcha-whisk-holder\/#breadcrumb"},"inLanguage":"en-US","potentialAction":[{"@type":"ReadAction","target":["https:\/\/moyamatcha.com\/en\/produkt\/matcha-whisk-holder\/"]}]},{"@type":"ImageObject","inLanguage":"en-US","@id":"https:\/\/moyamatcha.com\/en\/produkt\/matcha-whisk-holder\/#primaryimage","url":"https:\/\/moyamatcha.com\/wp-content\/uploads\/2024\/08\/podstawka-pod-chasen-naoshi-moya-czarna.png","contentUrl":"https:\/\/moyamatcha.com\/wp-content\/uploads\/2024\/08\/podstawka-pod-chasen-naoshi-moya-czarna.png","width":809,"height":1210,"caption":"Podstawka pod chasen czarna"},{"@type":"BreadcrumbList","@id":"https:\/\/moyamatcha.com\/en\/produkt\/matcha-whisk-holder\/#breadcrumb","itemListElement":[{"@type":"ListItem","position":1,"name":"Home","item":"https:\/\/moyamatcha.com\/en\/"},{"@type":"ListItem","position":2,"name":"Shop","item":"https:\/\/moyamatcha.com\/sklep\/"},{"@type":"ListItem","position":3,"name":"Accessories","item":"https:\/\/moyamatcha.com\/en\/product-category\/accessories-en\/"},{"@type":"ListItem","position":4,"name":"Matcha accessories","item":"https:\/\/moyamatcha.com\/en\/product-category\/accessories-en\/matcha-accessories\/"},{"@type":"ListItem","position":5,"name":"Naoshi","item":"https:\/\/moyamatcha.com\/en\/product-category\/accessories-en\/matcha-accessories\/naoshi\/"},{"@type":"ListItem","position":6,"name":"Matcha whisk holder"}]},{"@type":"WebSite","@id":"https:\/\/moyamatcha.com\/en\/#website","url":"https:\/\/moyamatcha.com\/en\/","name":"MoyaMatcha.com","description":"","publisher":{"@id":"https:\/\/moyamatcha.com\/en\/#organization"},"alternateName":"Moya Matcha","potentialAction":[{"@type":"SearchAction","target":{"@type":"EntryPoint","urlTemplate":"https:\/\/moyamatcha.com\/en\/?s={search_term_string}"},"query-input":{"@type":"PropertyValueSpecification","valueRequired":true,"valueName":"search_term_string"}}],"inLanguage":"en-US"},{"@type":"Organization","@id":"https:\/\/moyamatcha.com\/en\/#organization","name":"MoyaMatcha.com","alternateName":"Moya Matcha Polska","url":"https:\/\/moyamatcha.com\/en\/","logo":{"@type":"ImageObject","inLanguage":"en-US","@id":"https:\/\/moyamatcha.com\/en\/#\/schema\/logo\/image\/","url":"https:\/\/moyamatcha.com\/wp-content\/uploads\/2024\/11\/moya-300x297-1.png","contentUrl":"https:\/\/moyamatcha.com\/wp-content\/uploads\/2024\/11\/moya-300x297-1.png","width":300,"height":297,"caption":"MoyaMatcha.com"},"image":{"@id":"https:\/\/moyamatcha.com\/en\/#\/schema\/logo\/image\/"},"sameAs":["https:\/\/www.facebook.com\/moyamatcha"]}]}},"_links":{"self":[{"href":"https:\/\/moyamatcha.com\/en\/wp-json\/wp\/v2\/product\/3975","targetHints":{"allow":["GET"]}}],"collection":[{"href":"https:\/\/moyamatcha.com\/en\/wp-json\/wp\/v2\/product"}],"about":[{"href":"https:\/\/moyamatcha.com\/en\/wp-json\/wp\/v2\/types\/product"}],"wp:featuredmedia":[{"embeddable":true,"href":"https:\/\/moyamatcha.com\/en\/wp-json\/wp\/v2\/media\/103586"}],"wp:attachment":[{"href":"https:\/\/moyamatcha.com\/en\/wp-json\/wp\/v2\/media?parent=3975"}],"wp:term":[{"taxonomy":"product_brand","embeddable":true,"href":"https:\/\/moyamatcha.com\/en\/wp-json\/wp\/v2\/product_brand?post=3975"},{"taxonomy":"product_cat","embeddable":true,"href":"https:\/\/moyamatcha.com\/en\/wp-json\/wp\/v2\/product_cat?post=3975"},{"taxonomy":"product_tag","embeddable":true,"href":"https:\/\/moyamatcha.com\/en\/wp-json\/wp\/v2\/product_tag?post=3975"}],"curies":[{"name":"wp","href":"https:\/\/api.w.org\/{rel}","templated":true}]}}