{"id":3999,"date":"2024-08-18T00:54:25","date_gmt":"2024-08-17T22:54:25","guid":{"rendered":"https:\/\/moyamatcha.wldevs-stagging.pl\/?post_type=product&#038;p=3999"},"modified":"2026-04-18T14:21:05","modified_gmt":"2026-04-18T12:21:05","slug":"collage-tea-cup","status":"publish","type":"product","link":"https:\/\/moyamatcha.com\/en\/produkt\/collage-tea-cup\/","title":{"rendered":"Collage tea cup"},"content":{"rendered":"\n<section class=\"wp-block-group alignfull patternImgText has-light-moss-green-3-background-color has-background is-layout-constrained wp-block-group-is-layout-constrained\">\n<div class=\"wp-block-columns alignfull is-layout-flex wp-container-core-columns-is-layout-c5fdfbfa wp-block-columns-is-layout-flex\" style=\"margin-top:0;margin-right:0;margin-bottom:0;margin-left:0\">\n<div class=\"wp-block-column patternImgText__img is-layout-flow wp-block-column-is-layout-flow\" style=\"flex-basis:50%\">\n<figure class=\"wp-block-image size-full\"><img decoding=\"async\" src=\"https:\/\/moyamatcha.com\/wp-content\/uploads\/2024\/08\/Collage-cup1-1.jpg\" alt=\"Parzenie herbaty\" class=\"wp-image-1297\"\/><\/figure>\n<\/div>\n\n\n\n<div class=\"wp-block-column patternImgText__text is-layout-flow wp-block-column-is-layout-flow\" style=\"flex-basis:50%\">\n<div class=\"wp-block-group is-vertical is-content-justification-left is-layout-flex wp-container-core-group-is-layout-dd225191 wp-block-group-is-layout-flex\">\n<h2 class=\"wp-block-heading\">Czarka do herbaty Collage<\/h2>\n\n\n\n<p>Serax to projekt zrzeszaj\u0105cy najbardziej utalentowanych artyst\u00f3w z ca\u0142ego \u015bwiata, specjalizuj\u0105cych si\u0119 w tworzeniu unikalnych przedmiot\u00f3w sztuki u\u017cytkowej. Belgijscy arty\u015bci Giel Dedeurwaerder &amp; Brent Neve w swoich poszukiwaniach balansu mi\u0119dzy funkcjonalno\u015bci\u0105, estetyk\u0105 i japo\u0144sk\u0105 tradycj\u0105 \u2013 stworzyli wyj\u0105tkowy zestaw Collage. Jak sami m\u00f3wi\u0105: \u201eUda\u0142o nam si\u0119 znale\u017a\u0107 z\u0142oty \u015brodek w proporcjach, tworzywach i kszta\u0142cie. To wszystko sprawia, \u017ce zestaw Collage, poza swoj\u0105 g\u0142\u00f3wn\u0105 funkcj\u0105 sprawdza si\u0119 r\u00f3wnie\u017c jako oryginalna dekoracja\u201d. Ich dzie\u0142o idealnie wpisuje si\u0119 w japo\u0144sk\u0105 ceremoni\u0119 herbacian\u0105.<\/p>\n<\/div>\n<\/div>\n<\/div>\n<\/section>\n\n<section class=\"wp-block-group alignfull patternTextImg is-layout-constrained wp-block-group-is-layout-constrained\">\n<div class=\"wp-block-columns alignfull is-layout-flex wp-container-core-columns-is-layout-c5fdfbfa wp-block-columns-is-layout-flex\" style=\"margin-top:0;margin-right:0;margin-bottom:0;margin-left:0\">\n<div class=\"wp-block-column patternTextImg__text is-layout-flow wp-block-column-is-layout-flow\" style=\"flex-basis:50%\">\n<div class=\"wp-block-group is-vertical is-content-justification-left is-layout-flex wp-container-core-group-is-layout-dd225191 wp-block-group-is-layout-flex\">\n<p>Czarki Collage to wsp\u00f3\u0142czesna wersja tradycyjnego, japo\u0144skiego r\u0119kodzie\u0142a. Belgijskim artystom Dedeurwaerder &amp; Neve uda\u0142o si\u0119 po\u0142\u0105czy\u0107 unikalny design, najwy\u017csz\u0105 jako\u015b\u0107 wykonania i funkcjonalno\u015b\u0107. Kszta\u0142t i proporcje naczy\u0144 zapewniaj\u0105 komfort u\u017cycia, a samym tw\u00f3rcom zapewni\u0142y nagrod\u0119 w presti\u017cowym konkursie designu u\u017cytkowego \u2013 Henry Van De Velde 2019. Kubki Collage wykonane s\u0105 ze szlachetnego drewna akacjowego, kt\u00f3rego ciep\u0142y, matowy kolor nadaje im wyj\u0105tkowy charakter. W trosce o zachowanie w\u0142a\u015bciwo\u015bci czarki Collage mo\u017cna zmywa\u0107 tylko r\u0119cznie, a przechowywanie w ciemnym i suchym miejscu zapewni trwa\u0142o\u015b\u0107 naturalnego koloru i kszta\u0142tu.<\/p>\n\n\n\n<p>Czarki Collage nale\u017cy my\u0107 r\u0119cznie.<\/p>\n<\/div>\n<\/div>\n\n\n\n<div class=\"wp-block-column patternTextImg__img is-layout-flow wp-block-column-is-layout-flow\" style=\"flex-basis:50%\">\n<figure class=\"wp-block-image size-full\"><img decoding=\"async\" src=\"https:\/\/moyamatcha.com\/wp-content\/uploads\/2024\/08\/collage-cup3.jpg\" alt=\"\" class=\"wp-image-1295\"\/><\/figure>\n<\/div>\n<\/div>\n<\/section>\n","protected":false},"excerpt":{"rendered":"<div id=\"wp-excerpt-wrap\" class=\"wp-core-ui wp-editor-wrap tmce-active\"><link rel='stylesheet' id='dashicons-css' href='https:\/\/moyamatcha.com\/wp-includes\/css\/dashicons.min.css' type='text\/css' media='all' \/>\n<link rel='stylesheet' id='editor-buttons-css' href='https:\/\/moyamatcha.com\/wp-includes\/css\/editor.min.css' type='text\/css' media='all' \/>\n<style>.wp-editor-container { width: 100% !important; }<\/style>\n<div id=\"wp-excerpt-editor-container\" class=\"wp-editor-container\"><textarea class=\"wp-editor-area\" rows=\"5\" autocomplete=\"off\" cols=\"40\" name=\"excerpt\" id=\"excerpt\">&lt;p&gt;Collage tea cup made of acacia fine wood&lt;\/p&gt;<\/textarea><\/div>\n<\/div>\n\n","protected":false},"featured_media":85856,"template":"","meta":{"_acf_changed":false,"inline_featured_image":false},"product_brand":[],"product_cat":[427,528,1092,532,531],"product_tag":[],"class_list":{"0":"post-3999","1":"product","2":"type-product","3":"status-publish","4":"has-post-thumbnail","6":"product_cat-accessories-en","7":"product_cat-leaf-tea-accessories","8":"product_cat-tea-mugs","9":"product_cat-presents","10":"product_cat-other-presents","12":"first","13":"instock","14":"purchasable","15":"product-type-simple"},"acf":[],"yoast_head":"<!-- This site is optimized with the Yoast SEO plugin v27.0 - https:\/\/yoast.com\/product\/yoast-seo-wordpress\/ -->\n<title>Czarka do herbaty li\u015bciastej Collage - MoyaMatcha<\/title>\n<meta name=\"description\" content=\"Collage tea cup made of acacia fine wood\" \/>\n<meta name=\"robots\" content=\"index, follow, max-snippet:-1, max-image-preview:large, max-video-preview:-1\" \/>\n<link rel=\"canonical\" href=\"https:\/\/moyamatcha.com\/en\/produkt\/collage-tea-cup\/\" \/>\n<meta property=\"og:locale\" content=\"en_US\" \/>\n<meta property=\"og:type\" content=\"article\" \/>\n<meta property=\"og:title\" content=\"Czarka do herbaty li\u015bciastej Collage - MoyaMatcha\" \/>\n<meta property=\"og:description\" content=\"Collage tea cup made of acacia fine wood\" \/>\n<meta property=\"og:url\" content=\"https:\/\/moyamatcha.com\/en\/produkt\/collage-tea-cup\/\" \/>\n<meta property=\"og:site_name\" content=\"MoyaMatcha\" \/>\n<meta property=\"article:publisher\" content=\"https:\/\/www.facebook.com\/moyamatcha\" \/>\n<meta property=\"article:modified_time\" content=\"2026-04-18T12:21:05+00:00\" \/>\n<meta property=\"og:image\" content=\"https:\/\/moyamatcha.com\/wp-content\/uploads\/2024\/08\/czarka-do-herbaty-collage.png\" \/>\n\t<meta property=\"og:image:width\" content=\"810\" \/>\n\t<meta property=\"og:image:height\" content=\"1213\" \/>\n\t<meta property=\"og:image:type\" content=\"image\/png\" \/>\n<meta name=\"twitter:card\" content=\"summary_large_image\" \/>\n<meta name=\"twitter:label1\" content=\"Est. reading time\" \/>\n\t<meta name=\"twitter:data1\" content=\"2 minutes\" \/>\n<script type=\"application\/ld+json\" class=\"yoast-schema-graph\">{\"@context\":\"https:\/\/schema.org\",\"@graph\":[{\"@type\":\"WebPage\",\"@id\":\"https:\/\/moyamatcha.com\/en\/produkt\/collage-tea-cup\/\",\"url\":\"https:\/\/moyamatcha.com\/en\/produkt\/collage-tea-cup\/\",\"name\":\"Czarka do herbaty li\u015bciastej Collage - MoyaMatcha\",\"isPartOf\":{\"@id\":\"https:\/\/moyamatcha.com\/en\/#website\"},\"primaryImageOfPage\":{\"@id\":\"https:\/\/moyamatcha.com\/en\/produkt\/collage-tea-cup\/#primaryimage\"},\"image\":{\"@id\":\"https:\/\/moyamatcha.com\/en\/produkt\/collage-tea-cup\/#primaryimage\"},\"thumbnailUrl\":\"https:\/\/moyamatcha.com\/wp-content\/uploads\/2024\/08\/czarka-do-herbaty-collage.png\",\"datePublished\":\"2024-08-17T22:54:25+00:00\",\"dateModified\":\"2026-04-18T12:21:05+00:00\",\"description\":\"Collage tea cup made of acacia fine wood\",\"breadcrumb\":{\"@id\":\"https:\/\/moyamatcha.com\/en\/produkt\/collage-tea-cup\/#breadcrumb\"},\"inLanguage\":\"en-US\",\"potentialAction\":[{\"@type\":\"ReadAction\",\"target\":[\"https:\/\/moyamatcha.com\/en\/produkt\/collage-tea-cup\/\"]}]},{\"@type\":\"ImageObject\",\"inLanguage\":\"en-US\",\"@id\":\"https:\/\/moyamatcha.com\/en\/produkt\/collage-tea-cup\/#primaryimage\",\"url\":\"https:\/\/moyamatcha.com\/wp-content\/uploads\/2024\/08\/czarka-do-herbaty-collage.png\",\"contentUrl\":\"https:\/\/moyamatcha.com\/wp-content\/uploads\/2024\/08\/czarka-do-herbaty-collage.png\",\"width\":810,\"height\":1213},{\"@type\":\"BreadcrumbList\",\"@id\":\"https:\/\/moyamatcha.com\/en\/produkt\/collage-tea-cup\/#breadcrumb\",\"itemListElement\":[{\"@type\":\"ListItem\",\"position\":1,\"name\":\"Home\",\"item\":\"https:\/\/moyamatcha.com\/en\/\"},{\"@type\":\"ListItem\",\"position\":2,\"name\":\"Shop\",\"item\":\"https:\/\/moyamatcha.com\/sklep\/\"},{\"@type\":\"ListItem\",\"position\":3,\"name\":\"Accessories\",\"item\":\"https:\/\/moyamatcha.com\/en\/product-category\/accessories-en\/\"},{\"@type\":\"ListItem\",\"position\":4,\"name\":\"Collage tea cup\"}]},{\"@type\":\"WebSite\",\"@id\":\"https:\/\/moyamatcha.com\/en\/#website\",\"url\":\"https:\/\/moyamatcha.com\/en\/\",\"name\":\"MoyaMatcha.com\",\"description\":\"\",\"publisher\":{\"@id\":\"https:\/\/moyamatcha.com\/en\/#organization\"},\"alternateName\":\"Moya Matcha\",\"potentialAction\":[{\"@type\":\"SearchAction\",\"target\":{\"@type\":\"EntryPoint\",\"urlTemplate\":\"https:\/\/moyamatcha.com\/en\/?s={search_term_string}\"},\"query-input\":{\"@type\":\"PropertyValueSpecification\",\"valueRequired\":true,\"valueName\":\"search_term_string\"}}],\"inLanguage\":\"en-US\"},{\"@type\":\"Organization\",\"@id\":\"https:\/\/moyamatcha.com\/en\/#organization\",\"name\":\"MoyaMatcha.com\",\"alternateName\":\"Moya Matcha Polska\",\"url\":\"https:\/\/moyamatcha.com\/en\/\",\"logo\":{\"@type\":\"ImageObject\",\"inLanguage\":\"en-US\",\"@id\":\"https:\/\/moyamatcha.com\/en\/#\/schema\/logo\/image\/\",\"url\":\"https:\/\/moyamatcha.com\/wp-content\/uploads\/2024\/11\/moya-300x297-1.png\",\"contentUrl\":\"https:\/\/moyamatcha.com\/wp-content\/uploads\/2024\/11\/moya-300x297-1.png\",\"width\":300,\"height\":297,\"caption\":\"MoyaMatcha.com\"},\"image\":{\"@id\":\"https:\/\/moyamatcha.com\/en\/#\/schema\/logo\/image\/\"},\"sameAs\":[\"https:\/\/www.facebook.com\/moyamatcha\"]}]}<\/script>\n<!-- \/ Yoast SEO plugin. -->","yoast_head_json":{"title":"Czarka do herbaty li\u015bciastej Collage - MoyaMatcha","description":"Collage tea cup made of acacia fine wood","robots":{"index":"index","follow":"follow","max-snippet":"max-snippet:-1","max-image-preview":"max-image-preview:large","max-video-preview":"max-video-preview:-1"},"canonical":"https:\/\/moyamatcha.com\/en\/produkt\/collage-tea-cup\/","og_locale":"en_US","og_type":"article","og_title":"Czarka do herbaty li\u015bciastej Collage - MoyaMatcha","og_description":"Collage tea cup made of acacia fine wood","og_url":"https:\/\/moyamatcha.com\/en\/produkt\/collage-tea-cup\/","og_site_name":"MoyaMatcha","article_publisher":"https:\/\/www.facebook.com\/moyamatcha","article_modified_time":"2026-04-18T12:21:05+00:00","og_image":[{"width":810,"height":1213,"url":"https:\/\/moyamatcha.com\/wp-content\/uploads\/2024\/08\/czarka-do-herbaty-collage.png","type":"image\/png"}],"twitter_card":"summary_large_image","twitter_misc":{"Est. reading time":"2 minutes"},"schema":{"@context":"https:\/\/schema.org","@graph":[{"@type":"WebPage","@id":"https:\/\/moyamatcha.com\/en\/produkt\/collage-tea-cup\/","url":"https:\/\/moyamatcha.com\/en\/produkt\/collage-tea-cup\/","name":"Czarka do herbaty li\u015bciastej Collage - MoyaMatcha","isPartOf":{"@id":"https:\/\/moyamatcha.com\/en\/#website"},"primaryImageOfPage":{"@id":"https:\/\/moyamatcha.com\/en\/produkt\/collage-tea-cup\/#primaryimage"},"image":{"@id":"https:\/\/moyamatcha.com\/en\/produkt\/collage-tea-cup\/#primaryimage"},"thumbnailUrl":"https:\/\/moyamatcha.com\/wp-content\/uploads\/2024\/08\/czarka-do-herbaty-collage.png","datePublished":"2024-08-17T22:54:25+00:00","dateModified":"2026-04-18T12:21:05+00:00","description":"Collage tea cup made of acacia fine wood","breadcrumb":{"@id":"https:\/\/moyamatcha.com\/en\/produkt\/collage-tea-cup\/#breadcrumb"},"inLanguage":"en-US","potentialAction":[{"@type":"ReadAction","target":["https:\/\/moyamatcha.com\/en\/produkt\/collage-tea-cup\/"]}]},{"@type":"ImageObject","inLanguage":"en-US","@id":"https:\/\/moyamatcha.com\/en\/produkt\/collage-tea-cup\/#primaryimage","url":"https:\/\/moyamatcha.com\/wp-content\/uploads\/2024\/08\/czarka-do-herbaty-collage.png","contentUrl":"https:\/\/moyamatcha.com\/wp-content\/uploads\/2024\/08\/czarka-do-herbaty-collage.png","width":810,"height":1213},{"@type":"BreadcrumbList","@id":"https:\/\/moyamatcha.com\/en\/produkt\/collage-tea-cup\/#breadcrumb","itemListElement":[{"@type":"ListItem","position":1,"name":"Home","item":"https:\/\/moyamatcha.com\/en\/"},{"@type":"ListItem","position":2,"name":"Shop","item":"https:\/\/moyamatcha.com\/sklep\/"},{"@type":"ListItem","position":3,"name":"Accessories","item":"https:\/\/moyamatcha.com\/en\/product-category\/accessories-en\/"},{"@type":"ListItem","position":4,"name":"Collage tea cup"}]},{"@type":"WebSite","@id":"https:\/\/moyamatcha.com\/en\/#website","url":"https:\/\/moyamatcha.com\/en\/","name":"MoyaMatcha.com","description":"","publisher":{"@id":"https:\/\/moyamatcha.com\/en\/#organization"},"alternateName":"Moya Matcha","potentialAction":[{"@type":"SearchAction","target":{"@type":"EntryPoint","urlTemplate":"https:\/\/moyamatcha.com\/en\/?s={search_term_string}"},"query-input":{"@type":"PropertyValueSpecification","valueRequired":true,"valueName":"search_term_string"}}],"inLanguage":"en-US"},{"@type":"Organization","@id":"https:\/\/moyamatcha.com\/en\/#organization","name":"MoyaMatcha.com","alternateName":"Moya Matcha Polska","url":"https:\/\/moyamatcha.com\/en\/","logo":{"@type":"ImageObject","inLanguage":"en-US","@id":"https:\/\/moyamatcha.com\/en\/#\/schema\/logo\/image\/","url":"https:\/\/moyamatcha.com\/wp-content\/uploads\/2024\/11\/moya-300x297-1.png","contentUrl":"https:\/\/moyamatcha.com\/wp-content\/uploads\/2024\/11\/moya-300x297-1.png","width":300,"height":297,"caption":"MoyaMatcha.com"},"image":{"@id":"https:\/\/moyamatcha.com\/en\/#\/schema\/logo\/image\/"},"sameAs":["https:\/\/www.facebook.com\/moyamatcha"]}]}},"_links":{"self":[{"href":"https:\/\/moyamatcha.com\/en\/wp-json\/wp\/v2\/product\/3999","targetHints":{"allow":["GET"]}}],"collection":[{"href":"https:\/\/moyamatcha.com\/en\/wp-json\/wp\/v2\/product"}],"about":[{"href":"https:\/\/moyamatcha.com\/en\/wp-json\/wp\/v2\/types\/product"}],"wp:featuredmedia":[{"embeddable":true,"href":"https:\/\/moyamatcha.com\/en\/wp-json\/wp\/v2\/media\/85856"}],"wp:attachment":[{"href":"https:\/\/moyamatcha.com\/en\/wp-json\/wp\/v2\/media?parent=3999"}],"wp:term":[{"taxonomy":"product_brand","embeddable":true,"href":"https:\/\/moyamatcha.com\/en\/wp-json\/wp\/v2\/product_brand?post=3999"},{"taxonomy":"product_cat","embeddable":true,"href":"https:\/\/moyamatcha.com\/en\/wp-json\/wp\/v2\/product_cat?post=3999"},{"taxonomy":"product_tag","embeddable":true,"href":"https:\/\/moyamatcha.com\/en\/wp-json\/wp\/v2\/product_tag?post=3999"}],"curies":[{"name":"wp","href":"https:\/\/api.w.org\/{rel}","templated":true}]}}