{"id":4377,"date":"2024-08-18T01:17:16","date_gmt":"2024-08-17T23:17:16","guid":{"rendered":"https:\/\/moyamatcha.wldevs-stagging.pl\/?post_type=product&#038;p=4377"},"modified":"2026-04-13T10:27:46","modified_gmt":"2026-04-13T08:27:46","slug":"kibi-japanese-teapot","status":"publish","type":"product","link":"https:\/\/moyamatcha.com\/en\/produkt\/kibi-japanese-teapot\/","title":{"rendered":"Kibi japanese teapot"},"content":{"rendered":"\n<section class=\"wp-block-group alignfull patternImgText has-light-moss-green-3-background-color has-background is-layout-constrained wp-block-group-is-layout-constrained\">\n<div class=\"wp-block-columns alignfull is-layout-flex wp-container-core-columns-is-layout-c5fdfbfa wp-block-columns-is-layout-flex\" style=\"margin-top:0;margin-right:0;margin-bottom:0;margin-left:0\">\n<div class=\"wp-block-column patternImgText__img is-layout-flow wp-block-column-is-layout-flow\" style=\"flex-basis:50%\">\n<figure class=\"wp-block-image size-full\"><img loading=\"lazy\" decoding=\"async\" width=\"1366\" height=\"2048\" src=\"https:\/\/moyamatcha.com\/wp-content\/uploads\/2024\/08\/moya-organiczna-zielona-herbata-lisciasta-genmaicha.jpg\" alt=\"\" class=\"wp-image-6747\" srcset=\"https:\/\/moyamatcha.com\/wp-content\/uploads\/2024\/08\/moya-organiczna-zielona-herbata-lisciasta-genmaicha.jpg 1366w, https:\/\/moyamatcha.com\/wp-content\/uploads\/2024\/08\/moya-organiczna-zielona-herbata-lisciasta-genmaicha-200x300.jpg 200w, https:\/\/moyamatcha.com\/wp-content\/uploads\/2024\/08\/moya-organiczna-zielona-herbata-lisciasta-genmaicha-768x1151.jpg 768w, https:\/\/moyamatcha.com\/wp-content\/uploads\/2024\/08\/moya-organiczna-zielona-herbata-lisciasta-genmaicha-683x1024.jpg 683w, https:\/\/moyamatcha.com\/wp-content\/uploads\/2024\/08\/moya-organiczna-zielona-herbata-lisciasta-genmaicha-1025x1536.jpg 1025w, https:\/\/moyamatcha.com\/wp-content\/uploads\/2024\/08\/moya-organiczna-zielona-herbata-lisciasta-genmaicha-1224x1835.jpg 1224w, https:\/\/moyamatcha.com\/wp-content\/uploads\/2024\/08\/moya-organiczna-zielona-herbata-lisciasta-genmaicha-912x1367.jpg 912w, https:\/\/moyamatcha.com\/wp-content\/uploads\/2024\/08\/moya-organiczna-zielona-herbata-lisciasta-genmaicha-850x1274.jpg 850w, https:\/\/moyamatcha.com\/wp-content\/uploads\/2024\/08\/moya-organiczna-zielona-herbata-lisciasta-genmaicha-600x900.jpg 600w, https:\/\/moyamatcha.com\/wp-content\/uploads\/2024\/08\/moya-organiczna-zielona-herbata-lisciasta-genmaicha-480x720.jpg 480w, https:\/\/moyamatcha.com\/wp-content\/uploads\/2024\/08\/moya-organiczna-zielona-herbata-lisciasta-genmaicha-372x558.jpg 372w, https:\/\/moyamatcha.com\/wp-content\/uploads\/2024\/08\/moya-organiczna-zielona-herbata-lisciasta-genmaicha-260x390.jpg 260w, https:\/\/moyamatcha.com\/wp-content\/uploads\/2024\/08\/moya-organiczna-zielona-herbata-lisciasta-genmaicha-120x180.jpg 120w, https:\/\/moyamatcha.com\/wp-content\/uploads\/2024\/08\/moya-organiczna-zielona-herbata-lisciasta-genmaicha-90x135.jpg 90w, https:\/\/moyamatcha.com\/wp-content\/uploads\/2024\/08\/moya-organiczna-zielona-herbata-lisciasta-genmaicha-40x60.jpg 40w\" sizes=\"auto, (max-width: 1366px) 100vw, 1366px\" \/><\/figure>\n<\/div>\n\n\n\n<div class=\"wp-block-column patternImgText__text is-layout-flow wp-block-column-is-layout-flow\" style=\"flex-basis:50%\">\n<div class=\"wp-block-group is-vertical is-content-justification-left is-layout-flex wp-container-core-group-is-layout-dd225191 wp-block-group-is-layout-flex\">\n<h2 class=\"wp-block-heading\">Japo\u0144ski czajnik do herbaty Kibi<\/h2>\n\n\n\n<p>Czajnik Kibi s\u0142u\u017cy do zaparzania herbat li\u015bciastych i zosta\u0142 wytworzony w zgodzie w japo\u0144sk\u0105 tradycj\u0105 herbacian\u0105. Dzi\u0119ki wygodnej r\u0105czce oraz metalowemu sitku w \u015brodku, mo\u017cna cieszy\u0107 si\u0119 naparem bez fus\u00f3w ze swojego ulubionego kubka. Naczynie zachwyca granatowym szkliwieniem, kt\u00f3re doskonale pasuje do rustykalnej, br\u0105zowej r\u0105czki. <\/p>\n\n\n\n<p>Czajnik zosta\u0142 wyprodukowany w Japonii na wyspie w Honsiu w mie\u015bcie Toki, s\u0142yn\u0105cym z wytwarzania ceramiki Mino. Na pocz\u0105tkowym etapie naczynie ukszta\u0142towano za pomoc\u0105 formy, by p\u00f3\u017aniej finalny kszta\u0142t i wzory wykona\u0107 r\u0119cznie. W\u0142a\u015bnie dzi\u0119ki tej technice, ka\u017cdy czajnik do herbaty Kibi jest unikalny.<\/p>\n<\/div>\n<\/div>\n<\/div>\n<\/section>\n","protected":false},"excerpt":{"rendered":"<div id=\"wp-excerpt-wrap\" class=\"wp-core-ui wp-editor-wrap tmce-active\"><link rel='stylesheet' id='dashicons-css' href='https:\/\/moyamatcha.com\/wp-includes\/css\/dashicons.min.css' type='text\/css' media='all' \/>\n<link rel='stylesheet' id='editor-buttons-css' href='https:\/\/moyamatcha.com\/wp-includes\/css\/editor.min.css' type='text\/css' media='all' \/>\n<style>.wp-editor-container { width: 100% !important; }<\/style>\n<div id=\"wp-excerpt-editor-container\" class=\"wp-editor-container\"><textarea class=\"wp-editor-area\" rows=\"5\" autocomplete=\"off\" cols=\"40\" name=\"excerpt\" id=\"excerpt\">&lt;p align=\"justify\"&gt;Traditional teapot for leaf green tea preparation&lt;\/p&gt;\r\n&lt;p align=\"justify\"&gt;dishwasher safe&lt;\/p&gt;<\/textarea><\/div>\n<\/div>\n\n","protected":false},"featured_media":85954,"template":"","meta":{"_acf_changed":true,"inline_featured_image":false},"product_brand":[],"product_cat":[427,528,1090,1095,532,531],"product_tag":[],"class_list":{"0":"post-4377","1":"product","2":"type-product","3":"status-publish","4":"has-post-thumbnail","6":"product_cat-accessories-en","7":"product_cat-leaf-tea-accessories","8":"product_cat-teapots","9":"product_cat-ceramics","10":"product_cat-presents","11":"product_cat-other-presents","13":"first","14":"instock","15":"purchasable","16":"product-type-simple"},"acf":[],"yoast_head":"<!-- This site is optimized with the Yoast SEO plugin v27.0 - https:\/\/yoast.com\/product\/yoast-seo-wordpress\/ -->\n<title>Kibi japanese teapot - MoyaMatcha<\/title>\n<meta name=\"description\" content=\"Traditional teapot for leaf green tea preparation dishwasher safe\" \/>\n<meta name=\"robots\" content=\"index, follow, max-snippet:-1, max-image-preview:large, max-video-preview:-1\" \/>\n<link rel=\"canonical\" href=\"https:\/\/moyamatcha.com\/en\/produkt\/kibi-japanese-teapot\/\" \/>\n<meta property=\"og:locale\" content=\"en_US\" \/>\n<meta property=\"og:type\" content=\"article\" \/>\n<meta property=\"og:title\" content=\"Kibi japanese teapot - MoyaMatcha\" \/>\n<meta property=\"og:description\" content=\"Traditional teapot for leaf green tea preparation dishwasher safe\" \/>\n<meta property=\"og:url\" content=\"https:\/\/moyamatcha.com\/en\/produkt\/kibi-japanese-teapot\/\" \/>\n<meta property=\"og:site_name\" content=\"MoyaMatcha\" \/>\n<meta property=\"article:publisher\" content=\"https:\/\/www.facebook.com\/moyamatcha\" \/>\n<meta property=\"article:modified_time\" content=\"2026-04-13T08:27:46+00:00\" \/>\n<meta property=\"og:image\" content=\"https:\/\/moyamatcha.com\/wp-content\/uploads\/2024\/08\/moya-accessories-teapot-kibi.png\" \/>\n\t<meta property=\"og:image:width\" content=\"810\" \/>\n\t<meta property=\"og:image:height\" content=\"1213\" \/>\n\t<meta property=\"og:image:type\" content=\"image\/png\" \/>\n<meta name=\"twitter:card\" content=\"summary_large_image\" \/>\n<meta name=\"twitter:label1\" content=\"Est. reading time\" \/>\n\t<meta name=\"twitter:data1\" content=\"2 minutes\" \/>\n<script type=\"application\/ld+json\" class=\"yoast-schema-graph\">{\"@context\":\"https:\/\/schema.org\",\"@graph\":[{\"@type\":\"WebPage\",\"@id\":\"https:\/\/moyamatcha.com\/en\/produkt\/kibi-japanese-teapot\/\",\"url\":\"https:\/\/moyamatcha.com\/en\/produkt\/kibi-japanese-teapot\/\",\"name\":\"Kibi japanese teapot - MoyaMatcha\",\"isPartOf\":{\"@id\":\"https:\/\/moyamatcha.com\/en\/#website\"},\"primaryImageOfPage\":{\"@id\":\"https:\/\/moyamatcha.com\/en\/produkt\/kibi-japanese-teapot\/#primaryimage\"},\"image\":{\"@id\":\"https:\/\/moyamatcha.com\/en\/produkt\/kibi-japanese-teapot\/#primaryimage\"},\"thumbnailUrl\":\"https:\/\/moyamatcha.com\/wp-content\/uploads\/2024\/08\/moya-accessories-teapot-kibi.png\",\"datePublished\":\"2024-08-17T23:17:16+00:00\",\"dateModified\":\"2026-04-13T08:27:46+00:00\",\"description\":\"Traditional teapot for leaf green tea preparation dishwasher safe\",\"breadcrumb\":{\"@id\":\"https:\/\/moyamatcha.com\/en\/produkt\/kibi-japanese-teapot\/#breadcrumb\"},\"inLanguage\":\"en-US\",\"potentialAction\":[{\"@type\":\"ReadAction\",\"target\":[\"https:\/\/moyamatcha.com\/en\/produkt\/kibi-japanese-teapot\/\"]}]},{\"@type\":\"ImageObject\",\"inLanguage\":\"en-US\",\"@id\":\"https:\/\/moyamatcha.com\/en\/produkt\/kibi-japanese-teapot\/#primaryimage\",\"url\":\"https:\/\/moyamatcha.com\/wp-content\/uploads\/2024\/08\/moya-accessories-teapot-kibi.png\",\"contentUrl\":\"https:\/\/moyamatcha.com\/wp-content\/uploads\/2024\/08\/moya-accessories-teapot-kibi.png\",\"width\":810,\"height\":1213},{\"@type\":\"BreadcrumbList\",\"@id\":\"https:\/\/moyamatcha.com\/en\/produkt\/kibi-japanese-teapot\/#breadcrumb\",\"itemListElement\":[{\"@type\":\"ListItem\",\"position\":1,\"name\":\"Home\",\"item\":\"https:\/\/moyamatcha.com\/en\/\"},{\"@type\":\"ListItem\",\"position\":2,\"name\":\"Shop\",\"item\":\"https:\/\/moyamatcha.com\/sklep\/\"},{\"@type\":\"ListItem\",\"position\":3,\"name\":\"Accessories\",\"item\":\"https:\/\/moyamatcha.com\/en\/product-category\/accessories-en\/\"},{\"@type\":\"ListItem\",\"position\":4,\"name\":\"Kibi japanese teapot\"}]},{\"@type\":\"WebSite\",\"@id\":\"https:\/\/moyamatcha.com\/en\/#website\",\"url\":\"https:\/\/moyamatcha.com\/en\/\",\"name\":\"MoyaMatcha.com\",\"description\":\"\",\"publisher\":{\"@id\":\"https:\/\/moyamatcha.com\/en\/#organization\"},\"alternateName\":\"Moya Matcha\",\"potentialAction\":[{\"@type\":\"SearchAction\",\"target\":{\"@type\":\"EntryPoint\",\"urlTemplate\":\"https:\/\/moyamatcha.com\/en\/?s={search_term_string}\"},\"query-input\":{\"@type\":\"PropertyValueSpecification\",\"valueRequired\":true,\"valueName\":\"search_term_string\"}}],\"inLanguage\":\"en-US\"},{\"@type\":\"Organization\",\"@id\":\"https:\/\/moyamatcha.com\/en\/#organization\",\"name\":\"MoyaMatcha.com\",\"alternateName\":\"Moya Matcha Polska\",\"url\":\"https:\/\/moyamatcha.com\/en\/\",\"logo\":{\"@type\":\"ImageObject\",\"inLanguage\":\"en-US\",\"@id\":\"https:\/\/moyamatcha.com\/en\/#\/schema\/logo\/image\/\",\"url\":\"https:\/\/moyamatcha.com\/wp-content\/uploads\/2024\/11\/moya-300x297-1.png\",\"contentUrl\":\"https:\/\/moyamatcha.com\/wp-content\/uploads\/2024\/11\/moya-300x297-1.png\",\"width\":300,\"height\":297,\"caption\":\"MoyaMatcha.com\"},\"image\":{\"@id\":\"https:\/\/moyamatcha.com\/en\/#\/schema\/logo\/image\/\"},\"sameAs\":[\"https:\/\/www.facebook.com\/moyamatcha\"]}]}<\/script>\n<!-- \/ Yoast SEO plugin. -->","yoast_head_json":{"title":"Kibi japanese teapot - MoyaMatcha","description":"Traditional teapot for leaf green tea preparation dishwasher safe","robots":{"index":"index","follow":"follow","max-snippet":"max-snippet:-1","max-image-preview":"max-image-preview:large","max-video-preview":"max-video-preview:-1"},"canonical":"https:\/\/moyamatcha.com\/en\/produkt\/kibi-japanese-teapot\/","og_locale":"en_US","og_type":"article","og_title":"Kibi japanese teapot - MoyaMatcha","og_description":"Traditional teapot for leaf green tea preparation dishwasher safe","og_url":"https:\/\/moyamatcha.com\/en\/produkt\/kibi-japanese-teapot\/","og_site_name":"MoyaMatcha","article_publisher":"https:\/\/www.facebook.com\/moyamatcha","article_modified_time":"2026-04-13T08:27:46+00:00","og_image":[{"width":810,"height":1213,"url":"https:\/\/moyamatcha.com\/wp-content\/uploads\/2024\/08\/moya-accessories-teapot-kibi.png","type":"image\/png"}],"twitter_card":"summary_large_image","twitter_misc":{"Est. reading time":"2 minutes"},"schema":{"@context":"https:\/\/schema.org","@graph":[{"@type":"WebPage","@id":"https:\/\/moyamatcha.com\/en\/produkt\/kibi-japanese-teapot\/","url":"https:\/\/moyamatcha.com\/en\/produkt\/kibi-japanese-teapot\/","name":"Kibi japanese teapot - MoyaMatcha","isPartOf":{"@id":"https:\/\/moyamatcha.com\/en\/#website"},"primaryImageOfPage":{"@id":"https:\/\/moyamatcha.com\/en\/produkt\/kibi-japanese-teapot\/#primaryimage"},"image":{"@id":"https:\/\/moyamatcha.com\/en\/produkt\/kibi-japanese-teapot\/#primaryimage"},"thumbnailUrl":"https:\/\/moyamatcha.com\/wp-content\/uploads\/2024\/08\/moya-accessories-teapot-kibi.png","datePublished":"2024-08-17T23:17:16+00:00","dateModified":"2026-04-13T08:27:46+00:00","description":"Traditional teapot for leaf green tea preparation dishwasher safe","breadcrumb":{"@id":"https:\/\/moyamatcha.com\/en\/produkt\/kibi-japanese-teapot\/#breadcrumb"},"inLanguage":"en-US","potentialAction":[{"@type":"ReadAction","target":["https:\/\/moyamatcha.com\/en\/produkt\/kibi-japanese-teapot\/"]}]},{"@type":"ImageObject","inLanguage":"en-US","@id":"https:\/\/moyamatcha.com\/en\/produkt\/kibi-japanese-teapot\/#primaryimage","url":"https:\/\/moyamatcha.com\/wp-content\/uploads\/2024\/08\/moya-accessories-teapot-kibi.png","contentUrl":"https:\/\/moyamatcha.com\/wp-content\/uploads\/2024\/08\/moya-accessories-teapot-kibi.png","width":810,"height":1213},{"@type":"BreadcrumbList","@id":"https:\/\/moyamatcha.com\/en\/produkt\/kibi-japanese-teapot\/#breadcrumb","itemListElement":[{"@type":"ListItem","position":1,"name":"Home","item":"https:\/\/moyamatcha.com\/en\/"},{"@type":"ListItem","position":2,"name":"Shop","item":"https:\/\/moyamatcha.com\/sklep\/"},{"@type":"ListItem","position":3,"name":"Accessories","item":"https:\/\/moyamatcha.com\/en\/product-category\/accessories-en\/"},{"@type":"ListItem","position":4,"name":"Kibi japanese teapot"}]},{"@type":"WebSite","@id":"https:\/\/moyamatcha.com\/en\/#website","url":"https:\/\/moyamatcha.com\/en\/","name":"MoyaMatcha.com","description":"","publisher":{"@id":"https:\/\/moyamatcha.com\/en\/#organization"},"alternateName":"Moya Matcha","potentialAction":[{"@type":"SearchAction","target":{"@type":"EntryPoint","urlTemplate":"https:\/\/moyamatcha.com\/en\/?s={search_term_string}"},"query-input":{"@type":"PropertyValueSpecification","valueRequired":true,"valueName":"search_term_string"}}],"inLanguage":"en-US"},{"@type":"Organization","@id":"https:\/\/moyamatcha.com\/en\/#organization","name":"MoyaMatcha.com","alternateName":"Moya Matcha Polska","url":"https:\/\/moyamatcha.com\/en\/","logo":{"@type":"ImageObject","inLanguage":"en-US","@id":"https:\/\/moyamatcha.com\/en\/#\/schema\/logo\/image\/","url":"https:\/\/moyamatcha.com\/wp-content\/uploads\/2024\/11\/moya-300x297-1.png","contentUrl":"https:\/\/moyamatcha.com\/wp-content\/uploads\/2024\/11\/moya-300x297-1.png","width":300,"height":297,"caption":"MoyaMatcha.com"},"image":{"@id":"https:\/\/moyamatcha.com\/en\/#\/schema\/logo\/image\/"},"sameAs":["https:\/\/www.facebook.com\/moyamatcha"]}]}},"_links":{"self":[{"href":"https:\/\/moyamatcha.com\/en\/wp-json\/wp\/v2\/product\/4377","targetHints":{"allow":["GET"]}}],"collection":[{"href":"https:\/\/moyamatcha.com\/en\/wp-json\/wp\/v2\/product"}],"about":[{"href":"https:\/\/moyamatcha.com\/en\/wp-json\/wp\/v2\/types\/product"}],"wp:featuredmedia":[{"embeddable":true,"href":"https:\/\/moyamatcha.com\/en\/wp-json\/wp\/v2\/media\/85954"}],"wp:attachment":[{"href":"https:\/\/moyamatcha.com\/en\/wp-json\/wp\/v2\/media?parent=4377"}],"wp:term":[{"taxonomy":"product_brand","embeddable":true,"href":"https:\/\/moyamatcha.com\/en\/wp-json\/wp\/v2\/product_brand?post=4377"},{"taxonomy":"product_cat","embeddable":true,"href":"https:\/\/moyamatcha.com\/en\/wp-json\/wp\/v2\/product_cat?post=4377"},{"taxonomy":"product_tag","embeddable":true,"href":"https:\/\/moyamatcha.com\/en\/wp-json\/wp\/v2\/product_tag?post=4377"}],"curies":[{"name":"wp","href":"https:\/\/api.w.org\/{rel}","templated":true}]}}