{"id":4582,"date":"2024-08-18T01:25:28","date_gmt":"2024-08-17T23:25:28","guid":{"rendered":"https:\/\/moyamatcha.wldevs-stagging.pl\/?post_type=product&#038;p=4582"},"modified":"2026-04-14T16:35:27","modified_gmt":"2026-04-14T14:35:27","slug":"sato-mug-japanese-tea-cup","status":"publish","type":"product","link":"https:\/\/moyamatcha.com\/en\/produkt\/sato-mug-japanese-tea-cup\/","title":{"rendered":"Sato mug japanese tea cup"},"content":{"rendered":"\n<section class=\"wp-block-group alignfull patternImgText has-light-moss-green-3-background-color has-background is-layout-constrained wp-block-group-is-layout-constrained\">\n<div class=\"wp-block-columns alignfull is-layout-flex wp-container-core-columns-is-layout-c5fdfbfa wp-block-columns-is-layout-flex\" style=\"margin-top:0;margin-right:0;margin-bottom:0;margin-left:0\">\n<div class=\"wp-block-column patternImgText__img is-layout-flow wp-block-column-is-layout-flow\" style=\"flex-basis:50%\">\n<figure class=\"wp-block-image size-full\"><img loading=\"lazy\" decoding=\"async\" width=\"1707\" height=\"2560\" src=\"https:\/\/moyamatcha.com\/wp-content\/uploads\/2024\/08\/Moya-kubek-do-herbaty-Sato-scaled.jpg\" alt=\"\" class=\"wp-image-99004\" srcset=\"https:\/\/moyamatcha.com\/wp-content\/uploads\/2024\/08\/Moya-kubek-do-herbaty-Sato-scaled.jpg 1707w, https:\/\/moyamatcha.com\/wp-content\/uploads\/2024\/08\/Moya-kubek-do-herbaty-Sato-200x300.jpg 200w, https:\/\/moyamatcha.com\/wp-content\/uploads\/2024\/08\/Moya-kubek-do-herbaty-Sato-683x1024.jpg 683w, https:\/\/moyamatcha.com\/wp-content\/uploads\/2024\/08\/Moya-kubek-do-herbaty-Sato-768x1152.jpg 768w, https:\/\/moyamatcha.com\/wp-content\/uploads\/2024\/08\/Moya-kubek-do-herbaty-Sato-1024x1536.jpg 1024w, https:\/\/moyamatcha.com\/wp-content\/uploads\/2024\/08\/Moya-kubek-do-herbaty-Sato-1365x2048.jpg 1365w, https:\/\/moyamatcha.com\/wp-content\/uploads\/2024\/08\/Moya-kubek-do-herbaty-Sato-1920x2880.jpg 1920w, https:\/\/moyamatcha.com\/wp-content\/uploads\/2024\/08\/Moya-kubek-do-herbaty-Sato-1224x1836.jpg 1224w, https:\/\/moyamatcha.com\/wp-content\/uploads\/2024\/08\/Moya-kubek-do-herbaty-Sato-912x1368.jpg 912w, https:\/\/moyamatcha.com\/wp-content\/uploads\/2024\/08\/Moya-kubek-do-herbaty-Sato-850x1275.jpg 850w, https:\/\/moyamatcha.com\/wp-content\/uploads\/2024\/08\/Moya-kubek-do-herbaty-Sato-600x900.jpg 600w, https:\/\/moyamatcha.com\/wp-content\/uploads\/2024\/08\/Moya-kubek-do-herbaty-Sato-480x720.jpg 480w, https:\/\/moyamatcha.com\/wp-content\/uploads\/2024\/08\/Moya-kubek-do-herbaty-Sato-372x558.jpg 372w, https:\/\/moyamatcha.com\/wp-content\/uploads\/2024\/08\/Moya-kubek-do-herbaty-Sato-260x390.jpg 260w, https:\/\/moyamatcha.com\/wp-content\/uploads\/2024\/08\/Moya-kubek-do-herbaty-Sato-120x180.jpg 120w, https:\/\/moyamatcha.com\/wp-content\/uploads\/2024\/08\/Moya-kubek-do-herbaty-Sato-90x135.jpg 90w, https:\/\/moyamatcha.com\/wp-content\/uploads\/2024\/08\/Moya-kubek-do-herbaty-Sato-40x60.jpg 40w\" sizes=\"auto, (max-width: 1707px) 100vw, 1707px\" \/><\/figure>\n<\/div>\n\n\n\n<div class=\"wp-block-column patternImgText__text is-layout-flow wp-block-column-is-layout-flow\" style=\"flex-basis:50%\">\n<div class=\"wp-block-group is-vertical is-content-justification-left is-layout-flex wp-container-core-group-is-layout-dd225191 wp-block-group-is-layout-flex\">\n<h2 class=\"wp-block-heading\"><strong>Kubek do herbaty Sato<\/strong><\/h2>\n\n\n\n<p>Kubek Sato to unikatowe naczynie s\u0142u\u017c\u0105ce do picia herbaty li\u015bciastej. Swoim wzorem przypomina wodne trzciny unoszone przez wiatr w ch\u0142odny dzie\u0144, czemu zawdzi\u0119cza nazw\u0119 Sato \u2013 po japo\u0144sku trzcina. \u017b\u0142obione \u015bcianki i delikatna budowa sprawiaj\u0105, \u017ce kubek wygodnie uk\u0142ada si\u0119 w d\u0142oniach.<\/p>\n\n\n\n<p>Kubek do herbaty wyprodukowano w Japonii na wyspie w Honsiu w mie\u015bcie Toki, s\u0142yn\u0105cym z wypalania tradycyjnej ceramiki Shino. Najpierw naczynie ukszta\u0142towano za pomoc\u0105 formy. Nast\u0119pnie finalny kszta\u0142t i wzory zrobiono r\u0119cznie, dlatego kubki nieznacznie r\u00f3\u017cni\u0105 si\u0119 mi\u0119dzy sob\u0105. Ka\u017cdy kubek Sato jest toczony na kole garncarskim i r\u0119cznie szkliwiony, mo\u017ce zatem delikatnie odbiega\u0107 wygl\u0105dem od tego na zdj\u0119ciu.<\/p>\n<\/div>\n<\/div>\n<\/div>\n<\/section>\n","protected":false},"excerpt":{"rendered":"<div id=\"wp-excerpt-wrap\" class=\"wp-core-ui wp-editor-wrap tmce-active\"><link rel='stylesheet' id='dashicons-css' href='https:\/\/moyamatcha.com\/wp-includes\/css\/dashicons.min.css' type='text\/css' media='all' \/>\n<link rel='stylesheet' id='editor-buttons-css' href='https:\/\/moyamatcha.com\/wp-includes\/css\/editor.min.css' type='text\/css' media='all' \/>\n<style>.wp-editor-container { width: 100% !important; }<\/style>\n<div id=\"wp-excerpt-editor-container\" class=\"wp-editor-container\"><textarea class=\"wp-editor-area\" rows=\"5\" autocomplete=\"off\" cols=\"40\" name=\"excerpt\" id=\"excerpt\">&lt;p align=\"justify\"&gt;Handmade ceramic mug&lt;\/p&gt;\r\n&lt;p align=\"justify\"&gt;As this is a handcrafted product, dimension may vary slightly&lt;\/p&gt;\r\n&lt;p align=\"justify\"&gt;Dishwasher safe&lt;\/p&gt;<\/textarea><\/div>\n<\/div>\n\n","protected":false},"featured_media":85801,"template":"","meta":{"_acf_changed":false,"inline_featured_image":false},"product_brand":[],"product_cat":[427,528,1092,1095,532,531],"product_tag":[],"class_list":{"0":"post-4582","1":"product","2":"type-product","3":"status-publish","4":"has-post-thumbnail","6":"product_cat-accessories-en","7":"product_cat-leaf-tea-accessories","8":"product_cat-tea-mugs","9":"product_cat-ceramics","10":"product_cat-presents","11":"product_cat-other-presents","13":"first","14":"instock","15":"purchasable","16":"product-type-simple"},"acf":[],"yoast_head":"<!-- This site is optimized with the Yoast SEO plugin v27.0 - https:\/\/yoast.com\/product\/yoast-seo-wordpress\/ -->\n<title>Sato mug japanese tea cup - MoyaMatcha<\/title>\n<meta name=\"description\" content=\"Handmade ceramic mug As this is a handcrafted product, dimension may vary slightly Dishwasher safe\" \/>\n<meta name=\"robots\" content=\"index, follow, max-snippet:-1, max-image-preview:large, max-video-preview:-1\" \/>\n<link rel=\"canonical\" href=\"https:\/\/moyamatcha.com\/en\/produkt\/sato-mug-japanese-tea-cup\/\" \/>\n<meta property=\"og:locale\" content=\"en_US\" \/>\n<meta property=\"og:type\" content=\"article\" \/>\n<meta property=\"og:title\" content=\"Sato mug japanese tea cup - MoyaMatcha\" \/>\n<meta property=\"og:description\" content=\"Handmade ceramic mug As this is a handcrafted product, dimension may vary slightly Dishwasher safe\" \/>\n<meta property=\"og:url\" content=\"https:\/\/moyamatcha.com\/en\/produkt\/sato-mug-japanese-tea-cup\/\" \/>\n<meta property=\"og:site_name\" content=\"MoyaMatcha\" \/>\n<meta property=\"article:publisher\" content=\"https:\/\/www.facebook.com\/moyamatcha\" \/>\n<meta property=\"article:modified_time\" content=\"2026-04-14T14:35:27+00:00\" \/>\n<meta property=\"og:image\" content=\"https:\/\/moyamatcha.com\/wp-content\/uploads\/2024\/08\/kubek-do-herbaty-sato.png\" \/>\n\t<meta property=\"og:image:width\" content=\"810\" \/>\n\t<meta property=\"og:image:height\" content=\"1213\" \/>\n\t<meta property=\"og:image:type\" content=\"image\/png\" \/>\n<meta name=\"twitter:card\" content=\"summary_large_image\" \/>\n<meta name=\"twitter:label1\" content=\"Est. reading time\" \/>\n\t<meta name=\"twitter:data1\" content=\"1 minute\" \/>\n<script type=\"application\/ld+json\" class=\"yoast-schema-graph\">{\"@context\":\"https:\/\/schema.org\",\"@graph\":[{\"@type\":\"WebPage\",\"@id\":\"https:\/\/moyamatcha.com\/en\/produkt\/sato-mug-japanese-tea-cup\/\",\"url\":\"https:\/\/moyamatcha.com\/en\/produkt\/sato-mug-japanese-tea-cup\/\",\"name\":\"Sato mug japanese tea cup - MoyaMatcha\",\"isPartOf\":{\"@id\":\"https:\/\/moyamatcha.com\/en\/#website\"},\"primaryImageOfPage\":{\"@id\":\"https:\/\/moyamatcha.com\/en\/produkt\/sato-mug-japanese-tea-cup\/#primaryimage\"},\"image\":{\"@id\":\"https:\/\/moyamatcha.com\/en\/produkt\/sato-mug-japanese-tea-cup\/#primaryimage\"},\"thumbnailUrl\":\"https:\/\/moyamatcha.com\/wp-content\/uploads\/2024\/08\/kubek-do-herbaty-sato.png\",\"datePublished\":\"2024-08-17T23:25:28+00:00\",\"dateModified\":\"2026-04-14T14:35:27+00:00\",\"description\":\"Handmade ceramic mug As this is a handcrafted product, dimension may vary slightly Dishwasher safe\",\"breadcrumb\":{\"@id\":\"https:\/\/moyamatcha.com\/en\/produkt\/sato-mug-japanese-tea-cup\/#breadcrumb\"},\"inLanguage\":\"en-US\",\"potentialAction\":[{\"@type\":\"ReadAction\",\"target\":[\"https:\/\/moyamatcha.com\/en\/produkt\/sato-mug-japanese-tea-cup\/\"]}]},{\"@type\":\"ImageObject\",\"inLanguage\":\"en-US\",\"@id\":\"https:\/\/moyamatcha.com\/en\/produkt\/sato-mug-japanese-tea-cup\/#primaryimage\",\"url\":\"https:\/\/moyamatcha.com\/wp-content\/uploads\/2024\/08\/kubek-do-herbaty-sato.png\",\"contentUrl\":\"https:\/\/moyamatcha.com\/wp-content\/uploads\/2024\/08\/kubek-do-herbaty-sato.png\",\"width\":810,\"height\":1213},{\"@type\":\"BreadcrumbList\",\"@id\":\"https:\/\/moyamatcha.com\/en\/produkt\/sato-mug-japanese-tea-cup\/#breadcrumb\",\"itemListElement\":[{\"@type\":\"ListItem\",\"position\":1,\"name\":\"Home\",\"item\":\"https:\/\/moyamatcha.com\/en\/\"},{\"@type\":\"ListItem\",\"position\":2,\"name\":\"Shop\",\"item\":\"https:\/\/moyamatcha.com\/sklep\/\"},{\"@type\":\"ListItem\",\"position\":3,\"name\":\"Presents\",\"item\":\"https:\/\/moyamatcha.com\/en\/product-category\/presents\/\"},{\"@type\":\"ListItem\",\"position\":4,\"name\":\"Sato mug japanese tea cup\"}]},{\"@type\":\"WebSite\",\"@id\":\"https:\/\/moyamatcha.com\/en\/#website\",\"url\":\"https:\/\/moyamatcha.com\/en\/\",\"name\":\"MoyaMatcha.com\",\"description\":\"\",\"publisher\":{\"@id\":\"https:\/\/moyamatcha.com\/en\/#organization\"},\"alternateName\":\"Moya Matcha\",\"potentialAction\":[{\"@type\":\"SearchAction\",\"target\":{\"@type\":\"EntryPoint\",\"urlTemplate\":\"https:\/\/moyamatcha.com\/en\/?s={search_term_string}\"},\"query-input\":{\"@type\":\"PropertyValueSpecification\",\"valueRequired\":true,\"valueName\":\"search_term_string\"}}],\"inLanguage\":\"en-US\"},{\"@type\":\"Organization\",\"@id\":\"https:\/\/moyamatcha.com\/en\/#organization\",\"name\":\"MoyaMatcha.com\",\"alternateName\":\"Moya Matcha Polska\",\"url\":\"https:\/\/moyamatcha.com\/en\/\",\"logo\":{\"@type\":\"ImageObject\",\"inLanguage\":\"en-US\",\"@id\":\"https:\/\/moyamatcha.com\/en\/#\/schema\/logo\/image\/\",\"url\":\"https:\/\/moyamatcha.com\/wp-content\/uploads\/2024\/11\/moya-300x297-1.png\",\"contentUrl\":\"https:\/\/moyamatcha.com\/wp-content\/uploads\/2024\/11\/moya-300x297-1.png\",\"width\":300,\"height\":297,\"caption\":\"MoyaMatcha.com\"},\"image\":{\"@id\":\"https:\/\/moyamatcha.com\/en\/#\/schema\/logo\/image\/\"},\"sameAs\":[\"https:\/\/www.facebook.com\/moyamatcha\"]}]}<\/script>\n<!-- \/ Yoast SEO plugin. -->","yoast_head_json":{"title":"Sato mug japanese tea cup - MoyaMatcha","description":"Handmade ceramic mug As this is a handcrafted product, dimension may vary slightly Dishwasher safe","robots":{"index":"index","follow":"follow","max-snippet":"max-snippet:-1","max-image-preview":"max-image-preview:large","max-video-preview":"max-video-preview:-1"},"canonical":"https:\/\/moyamatcha.com\/en\/produkt\/sato-mug-japanese-tea-cup\/","og_locale":"en_US","og_type":"article","og_title":"Sato mug japanese tea cup - MoyaMatcha","og_description":"Handmade ceramic mug As this is a handcrafted product, dimension may vary slightly Dishwasher safe","og_url":"https:\/\/moyamatcha.com\/en\/produkt\/sato-mug-japanese-tea-cup\/","og_site_name":"MoyaMatcha","article_publisher":"https:\/\/www.facebook.com\/moyamatcha","article_modified_time":"2026-04-14T14:35:27+00:00","og_image":[{"width":810,"height":1213,"url":"https:\/\/moyamatcha.com\/wp-content\/uploads\/2024\/08\/kubek-do-herbaty-sato.png","type":"image\/png"}],"twitter_card":"summary_large_image","twitter_misc":{"Est. reading time":"1 minute"},"schema":{"@context":"https:\/\/schema.org","@graph":[{"@type":"WebPage","@id":"https:\/\/moyamatcha.com\/en\/produkt\/sato-mug-japanese-tea-cup\/","url":"https:\/\/moyamatcha.com\/en\/produkt\/sato-mug-japanese-tea-cup\/","name":"Sato mug japanese tea cup - MoyaMatcha","isPartOf":{"@id":"https:\/\/moyamatcha.com\/en\/#website"},"primaryImageOfPage":{"@id":"https:\/\/moyamatcha.com\/en\/produkt\/sato-mug-japanese-tea-cup\/#primaryimage"},"image":{"@id":"https:\/\/moyamatcha.com\/en\/produkt\/sato-mug-japanese-tea-cup\/#primaryimage"},"thumbnailUrl":"https:\/\/moyamatcha.com\/wp-content\/uploads\/2024\/08\/kubek-do-herbaty-sato.png","datePublished":"2024-08-17T23:25:28+00:00","dateModified":"2026-04-14T14:35:27+00:00","description":"Handmade ceramic mug As this is a handcrafted product, dimension may vary slightly Dishwasher safe","breadcrumb":{"@id":"https:\/\/moyamatcha.com\/en\/produkt\/sato-mug-japanese-tea-cup\/#breadcrumb"},"inLanguage":"en-US","potentialAction":[{"@type":"ReadAction","target":["https:\/\/moyamatcha.com\/en\/produkt\/sato-mug-japanese-tea-cup\/"]}]},{"@type":"ImageObject","inLanguage":"en-US","@id":"https:\/\/moyamatcha.com\/en\/produkt\/sato-mug-japanese-tea-cup\/#primaryimage","url":"https:\/\/moyamatcha.com\/wp-content\/uploads\/2024\/08\/kubek-do-herbaty-sato.png","contentUrl":"https:\/\/moyamatcha.com\/wp-content\/uploads\/2024\/08\/kubek-do-herbaty-sato.png","width":810,"height":1213},{"@type":"BreadcrumbList","@id":"https:\/\/moyamatcha.com\/en\/produkt\/sato-mug-japanese-tea-cup\/#breadcrumb","itemListElement":[{"@type":"ListItem","position":1,"name":"Home","item":"https:\/\/moyamatcha.com\/en\/"},{"@type":"ListItem","position":2,"name":"Shop","item":"https:\/\/moyamatcha.com\/sklep\/"},{"@type":"ListItem","position":3,"name":"Presents","item":"https:\/\/moyamatcha.com\/en\/product-category\/presents\/"},{"@type":"ListItem","position":4,"name":"Sato mug japanese tea cup"}]},{"@type":"WebSite","@id":"https:\/\/moyamatcha.com\/en\/#website","url":"https:\/\/moyamatcha.com\/en\/","name":"MoyaMatcha.com","description":"","publisher":{"@id":"https:\/\/moyamatcha.com\/en\/#organization"},"alternateName":"Moya Matcha","potentialAction":[{"@type":"SearchAction","target":{"@type":"EntryPoint","urlTemplate":"https:\/\/moyamatcha.com\/en\/?s={search_term_string}"},"query-input":{"@type":"PropertyValueSpecification","valueRequired":true,"valueName":"search_term_string"}}],"inLanguage":"en-US"},{"@type":"Organization","@id":"https:\/\/moyamatcha.com\/en\/#organization","name":"MoyaMatcha.com","alternateName":"Moya Matcha Polska","url":"https:\/\/moyamatcha.com\/en\/","logo":{"@type":"ImageObject","inLanguage":"en-US","@id":"https:\/\/moyamatcha.com\/en\/#\/schema\/logo\/image\/","url":"https:\/\/moyamatcha.com\/wp-content\/uploads\/2024\/11\/moya-300x297-1.png","contentUrl":"https:\/\/moyamatcha.com\/wp-content\/uploads\/2024\/11\/moya-300x297-1.png","width":300,"height":297,"caption":"MoyaMatcha.com"},"image":{"@id":"https:\/\/moyamatcha.com\/en\/#\/schema\/logo\/image\/"},"sameAs":["https:\/\/www.facebook.com\/moyamatcha"]}]}},"_links":{"self":[{"href":"https:\/\/moyamatcha.com\/en\/wp-json\/wp\/v2\/product\/4582","targetHints":{"allow":["GET"]}}],"collection":[{"href":"https:\/\/moyamatcha.com\/en\/wp-json\/wp\/v2\/product"}],"about":[{"href":"https:\/\/moyamatcha.com\/en\/wp-json\/wp\/v2\/types\/product"}],"wp:featuredmedia":[{"embeddable":true,"href":"https:\/\/moyamatcha.com\/en\/wp-json\/wp\/v2\/media\/85801"}],"wp:attachment":[{"href":"https:\/\/moyamatcha.com\/en\/wp-json\/wp\/v2\/media?parent=4582"}],"wp:term":[{"taxonomy":"product_brand","embeddable":true,"href":"https:\/\/moyamatcha.com\/en\/wp-json\/wp\/v2\/product_brand?post=4582"},{"taxonomy":"product_cat","embeddable":true,"href":"https:\/\/moyamatcha.com\/en\/wp-json\/wp\/v2\/product_cat?post=4582"},{"taxonomy":"product_tag","embeddable":true,"href":"https:\/\/moyamatcha.com\/en\/wp-json\/wp\/v2\/product_tag?post=4582"}],"curies":[{"name":"wp","href":"https:\/\/api.w.org\/{rel}","templated":true}]}}