{"id":4596,"date":"2024-08-18T01:25:28","date_gmt":"2024-08-17T23:25:28","guid":{"rendered":"https:\/\/moyamatcha.wldevs-stagging.pl\/?post_type=product&#038;p=4596"},"modified":"2025-07-04T12:23:22","modified_gmt":"2025-07-04T10:23:22","slug":"moya-matcha-ceremonial-set-josei","status":"publish","type":"product","link":"https:\/\/moyamatcha.com\/en\/produkt\/moya-matcha-ceremonial-set-josei\/","title":{"rendered":"Moya Matcha Ceremonial Set Josei"},"content":{"rendered":"\n<section class=\"wp-block-group alignfull patternImgText has-light-moss-green-3-background-color has-background is-layout-constrained wp-block-group-is-layout-constrained\">\n<div class=\"wp-block-columns alignfull is-layout-flex wp-container-core-columns-is-layout-c5fdfbfa wp-block-columns-is-layout-flex\" style=\"margin-top:0;margin-right:0;margin-bottom:0;margin-left:0\">\n<div class=\"wp-block-column patternImgText__img is-layout-flow wp-block-column-is-layout-flow\" style=\"flex-basis:50%\">\n<figure class=\"wp-block-image size-full\"><img loading=\"lazy\" decoding=\"async\" width=\"1366\" height=\"2048\" src=\"https:\/\/moyamatcha.com\/wp-content\/uploads\/2024\/09\/czarka-do-matchy-josei-moya.jpg\" alt=\"\" class=\"wp-image-7511\" srcset=\"https:\/\/moyamatcha.com\/wp-content\/uploads\/2024\/09\/czarka-do-matchy-josei-moya.jpg 1366w, https:\/\/moyamatcha.com\/wp-content\/uploads\/2024\/09\/czarka-do-matchy-josei-moya-200x300.jpg 200w, https:\/\/moyamatcha.com\/wp-content\/uploads\/2024\/09\/czarka-do-matchy-josei-moya-768x1151.jpg 768w, https:\/\/moyamatcha.com\/wp-content\/uploads\/2024\/09\/czarka-do-matchy-josei-moya-683x1024.jpg 683w, https:\/\/moyamatcha.com\/wp-content\/uploads\/2024\/09\/czarka-do-matchy-josei-moya-1025x1536.jpg 1025w, https:\/\/moyamatcha.com\/wp-content\/uploads\/2024\/09\/czarka-do-matchy-josei-moya-1224x1835.jpg 1224w, https:\/\/moyamatcha.com\/wp-content\/uploads\/2024\/09\/czarka-do-matchy-josei-moya-912x1367.jpg 912w, https:\/\/moyamatcha.com\/wp-content\/uploads\/2024\/09\/czarka-do-matchy-josei-moya-850x1274.jpg 850w, https:\/\/moyamatcha.com\/wp-content\/uploads\/2024\/09\/czarka-do-matchy-josei-moya-600x900.jpg 600w, https:\/\/moyamatcha.com\/wp-content\/uploads\/2024\/09\/czarka-do-matchy-josei-moya-480x720.jpg 480w, https:\/\/moyamatcha.com\/wp-content\/uploads\/2024\/09\/czarka-do-matchy-josei-moya-372x558.jpg 372w, https:\/\/moyamatcha.com\/wp-content\/uploads\/2024\/09\/czarka-do-matchy-josei-moya-260x390.jpg 260w, https:\/\/moyamatcha.com\/wp-content\/uploads\/2024\/09\/czarka-do-matchy-josei-moya-120x180.jpg 120w, https:\/\/moyamatcha.com\/wp-content\/uploads\/2024\/09\/czarka-do-matchy-josei-moya-90x135.jpg 90w, https:\/\/moyamatcha.com\/wp-content\/uploads\/2024\/09\/czarka-do-matchy-josei-moya-40x60.jpg 40w\" sizes=\"auto, (max-width: 1366px) 100vw, 1366px\" \/><\/figure>\n<\/div>\n\n\n\n<div class=\"wp-block-column patternImgText__text is-layout-flow wp-block-column-is-layout-flow\" style=\"flex-basis:50%\">\n<div class=\"wp-block-group is-vertical is-content-justification-left is-layout-flex wp-container-core-group-is-layout-dd225191 wp-block-group-is-layout-flex\">\n<h2 class=\"wp-block-heading\">Matchawan Josei<\/h2>\n\n\n\n<p>Matchawan zosta\u0142 wykonany r\u0119cznie na kole garncarskim z szarej gliny z delikatnym dodatkiem szamotu i szkliwa z glazury wykonanego zgodnie z wielowiekow\u0105 japo\u0144sk\u0105 tradycj\u0105. Matchawan jest tradycyjnym narz\u0119dziem wykorzystywanym w japo\u0144skiej ceremonii herbacianej. Jest to r\u00f3wnie\u017c zdecydowanie najwygodniejsze naczynie do picia matchy, kt\u00f3r\u0105 najlepiej utrzepywa\u0107 bambusow\u0105 miote\u0142k\u0105 (tzw. chasenem). Pionowe \u015bcianki czarki i szerokie dno pozwalaj\u0105 \u0142atwo i wygodnie \u201eutrzepa\u0107\u201d match\u0119 w wodzie i szybko uzyska\u0107 warstw\u0119 pianki powierzchni. Nale\u017cy pami\u0119ta\u0107, \u017ce temperatura wody, w kt\u00f3rej przygotowywane jest matcha nie powinna przekracza\u0107 80 C.<\/p>\n\n\n\n<p>Matchawan powsta\u0142 w specjalnie limitowanej serii KOOE dla MOYA wykonanej przez krakowskie studio ceramiki KOOE, kt\u00f3rego wyroby charakteryzuj\u0105 si\u0119 nie tylko pi\u0119knymi formami ale te\u017c wyj\u0105tkow\u0105 wytrzyma\u0142o\u015bci\u0105 ze wzgl\u0119du na wypa\u0142 w wysokiej temperaturze.<\/p>\n\n\n\n<p>Wykonane r\u0119cznie mo\u017ce zatem delikatnie odbiega\u0107 od tego na zdj\u0119ciu.<br\/>Naczynie mo\u017cna my\u0107 w zmywarce.<\/p>\n<\/div>\n<\/div>\n<\/div>\n<\/section>\n\n<section class=\"wp-block-group alignfull patternTextImg is-layout-constrained wp-block-group-is-layout-constrained\">\n<div class=\"wp-block-columns alignfull is-layout-flex wp-container-core-columns-is-layout-c5fdfbfa wp-block-columns-is-layout-flex\" style=\"margin-top:0;margin-right:0;margin-bottom:0;margin-left:0\">\n<div class=\"wp-block-column patternTextImg__text is-layout-flow wp-block-column-is-layout-flow\" style=\"flex-basis:50%\">\n<div class=\"wp-block-group is-vertical is-content-justification-left is-layout-flex wp-container-core-group-is-layout-dd225191 wp-block-group-is-layout-flex\">\n<h4 class=\"wp-block-heading\">Matcha bamboo whisk Chasen<\/h4>\n\n\n\n<p>Traditional bamboo whisk or \u201cchasen\u201d is an indispensable tool of the Japanese matcha tea ceremony. The fine, handmade prongs are carved out in a single piece of bamboo. When using a chasen to whisk matcha it is best to keep a loose and relaxed wrist and make rapid zigzag motions in the shape of letter \u201cW\u201d or \u201cM\u201d \u2013 this helps to give matcha the ideal frothy texture.  <\/p>\n\n\n\n<p>. <\/p>\n\n\n\n<h4 class=\"wp-block-heading\">Whisk holder Naoshi<\/h4>\n\n\n\n<p>The traditional matcha whisk holder is not only a beautiful element of the traditional Japanese matcha tea set. It is a very practical tool that helps your chasen dry faster and maintain its shape and durability.<br\/><br\/>Material: porcelain. Size: 7cm (height) x 6cm (diameter). Color: Onyx black. Dishwasher safe.  <\/p>\n\n\n\n<h4 class=\"wp-block-heading\">Matcha bamboo spoon Chashaku<\/h4>\n\n\n\n<p>Chashaku is the traditional Japanese spoon for serving matcha and an integral part of the matcha tea ceremony. The curved portion of the spoon is used to scoop a small portion of tea and place in a bowl (matchawan). The mixture is then whisked to uniform consistency using a bamboo whisk (chasen). The amount of matcha served depends on individual preference. The thin tea or \u201cusucha\u201d is prepared with one or two chashaku of matcha and approximately 100ml of water.<br\/><br\/>Material: Bamboo. Length: 18cm. Not dishwasher safe.    <\/p>\n<\/div>\n<\/div>\n\n\n\n<div class=\"wp-block-column patternTextImg__img is-layout-flow wp-block-column-is-layout-flow\" style=\"flex-basis:50%\">\n<figure class=\"wp-block-image size-full\"><img loading=\"lazy\" decoding=\"async\" width=\"1366\" height=\"2048\" src=\"https:\/\/moyamatcha.com\/wp-content\/uploads\/2024\/09\/akcesoria-do-matchy-czarka-josei-matchawan.jpg\" alt=\"\" class=\"wp-image-7505\" srcset=\"https:\/\/moyamatcha.com\/wp-content\/uploads\/2024\/09\/akcesoria-do-matchy-czarka-josei-matchawan.jpg 1366w, https:\/\/moyamatcha.com\/wp-content\/uploads\/2024\/09\/akcesoria-do-matchy-czarka-josei-matchawan-200x300.jpg 200w, https:\/\/moyamatcha.com\/wp-content\/uploads\/2024\/09\/akcesoria-do-matchy-czarka-josei-matchawan-768x1151.jpg 768w, https:\/\/moyamatcha.com\/wp-content\/uploads\/2024\/09\/akcesoria-do-matchy-czarka-josei-matchawan-683x1024.jpg 683w, https:\/\/moyamatcha.com\/wp-content\/uploads\/2024\/09\/akcesoria-do-matchy-czarka-josei-matchawan-1025x1536.jpg 1025w, https:\/\/moyamatcha.com\/wp-content\/uploads\/2024\/09\/akcesoria-do-matchy-czarka-josei-matchawan-1224x1835.jpg 1224w, https:\/\/moyamatcha.com\/wp-content\/uploads\/2024\/09\/akcesoria-do-matchy-czarka-josei-matchawan-912x1367.jpg 912w, https:\/\/moyamatcha.com\/wp-content\/uploads\/2024\/09\/akcesoria-do-matchy-czarka-josei-matchawan-850x1274.jpg 850w, https:\/\/moyamatcha.com\/wp-content\/uploads\/2024\/09\/akcesoria-do-matchy-czarka-josei-matchawan-600x900.jpg 600w, https:\/\/moyamatcha.com\/wp-content\/uploads\/2024\/09\/akcesoria-do-matchy-czarka-josei-matchawan-480x720.jpg 480w, https:\/\/moyamatcha.com\/wp-content\/uploads\/2024\/09\/akcesoria-do-matchy-czarka-josei-matchawan-372x558.jpg 372w, https:\/\/moyamatcha.com\/wp-content\/uploads\/2024\/09\/akcesoria-do-matchy-czarka-josei-matchawan-260x390.jpg 260w, https:\/\/moyamatcha.com\/wp-content\/uploads\/2024\/09\/akcesoria-do-matchy-czarka-josei-matchawan-120x180.jpg 120w, https:\/\/moyamatcha.com\/wp-content\/uploads\/2024\/09\/akcesoria-do-matchy-czarka-josei-matchawan-90x135.jpg 90w, https:\/\/moyamatcha.com\/wp-content\/uploads\/2024\/09\/akcesoria-do-matchy-czarka-josei-matchawan-40x60.jpg 40w\" sizes=\"auto, (max-width: 1366px) 100vw, 1366px\" \/><\/figure>\n<\/div>\n<\/div>\n<\/section>\n","protected":false},"excerpt":{"rendered":"<div id=\"wp-excerpt-wrap\" class=\"wp-core-ui wp-editor-wrap tmce-active\"><link rel='stylesheet' id='dashicons-css' href='https:\/\/moyamatcha.com\/wp-includes\/css\/dashicons.min.css' type='text\/css' media='all' \/>\n<link rel='stylesheet' id='editor-buttons-css' href='https:\/\/moyamatcha.com\/wp-includes\/css\/editor.min.css' type='text\/css' media='all' \/>\n<style>.wp-editor-container { width: 100% !important; }<\/style>\n<div id=\"wp-excerpt-editor-container\" class=\"wp-editor-container\"><textarea class=\"wp-editor-area\" rows=\"5\" autocomplete=\"off\" cols=\"40\" name=\"excerpt\" id=\"excerpt\">Moya Matcha Ceremonial Set is a perfect set for all adepts of tea and the traditional Japanese matcha tea ceremony also called \u201cThe Way of Tea\u201d. It\u2019s also a great gift for those who are just starting their matcha journey.\n\nThe Moya Matcha Ceremonial Set includes:\n&lt;ul&gt;\n \t&lt;li&gt;Moya Matcha Premium 30g or Moya Matcha Traditional 30g&lt;\/li&gt;\n \t&lt;li&gt;Matchawan \u2013 ceramic matcha bowl&lt;\/li&gt;\n \t&lt;li&gt;Chasen \u2013 bamboo whisk&lt;\/li&gt;\n \t&lt;li&gt;Whisk holder&lt;\/li&gt;\n \t&lt;li&gt;Chashaku \u2013 bamboo spoon&lt;\/li&gt;\n&lt;\/ul&gt;<\/textarea><\/div>\n<\/div>\n\n","protected":false},"featured_media":352530,"template":"","meta":{"_acf_changed":true,"inline_featured_image":false},"product_brand":[],"product_cat":[1069,540,1070],"product_tag":[],"class_list":{"0":"post-4596","1":"product","2":"type-product","3":"status-publish","4":"has-post-thumbnail","6":"product_cat-ceremonial-matcha-sets","7":"product_cat-gift-sets","8":"product_cat-matcha-sets","9":"pa_wybierz-rodzaj-matchy-premium-30g","10":"pa_wybierz-rodzaj-matchy-traditional-30g","12":"first","13":"instock","14":"product-type-variable","15":"has-default-attributes"},"acf":[],"yoast_head":"<!-- This site is optimized with the Yoast SEO plugin v27.0 - https:\/\/yoast.com\/product\/yoast-seo-wordpress\/ -->\n<title>Moya Matcha Ceremonial Set Josei - MoyaMatcha<\/title>\n<meta name=\"description\" content=\"Moya Matcha Ceremonial Set is a perfect set for all adepts of tea and the traditional Japanese matcha tea ceremony also called \u201cThe Way of Tea\u201d. It\u2019s also a great gift for those who are just starting their matcha journey. The Moya Matcha Ceremonial Set includes:  Moya Matcha Premium 30g or Moya Matcha Traditional 30g  Matchawan \u2013 ceramic matcha bowl  Chasen \u2013 bamboo whisk  Whisk holder  Chashaku \u2013 bamboo spoon\" \/>\n<meta name=\"robots\" content=\"index, follow, max-snippet:-1, max-image-preview:large, max-video-preview:-1\" \/>\n<link rel=\"canonical\" href=\"https:\/\/moyamatcha.com\/en\/produkt\/moya-matcha-ceremonial-set-josei\/\" \/>\n<meta property=\"og:locale\" content=\"en_US\" \/>\n<meta property=\"og:type\" content=\"article\" \/>\n<meta property=\"og:title\" content=\"Moya Matcha Ceremonial Set Josei - MoyaMatcha\" \/>\n<meta property=\"og:description\" content=\"Moya Matcha Ceremonial Set is a perfect set for all adepts of tea and the traditional Japanese matcha tea ceremony also called \u201cThe Way of Tea\u201d. It\u2019s also a great gift for those who are just starting their matcha journey. The Moya Matcha Ceremonial Set includes:  Moya Matcha Premium 30g or Moya Matcha Traditional 30g  Matchawan \u2013 ceramic matcha bowl  Chasen \u2013 bamboo whisk  Whisk holder  Chashaku \u2013 bamboo spoon\" \/>\n<meta property=\"og:url\" content=\"https:\/\/moyamatcha.com\/en\/produkt\/moya-matcha-ceremonial-set-josei\/\" \/>\n<meta property=\"og:site_name\" content=\"MoyaMatcha\" \/>\n<meta property=\"article:publisher\" content=\"https:\/\/www.facebook.com\/moyamatcha\" \/>\n<meta property=\"article:modified_time\" content=\"2025-07-04T10:23:22+00:00\" \/>\n<meta property=\"og:image\" content=\"https:\/\/moyamatcha.com\/wp-content\/uploads\/2024\/10\/moya-matcha-premium-ceremonial-set-josei-front-912x912-1.png\" \/>\n\t<meta property=\"og:image:width\" content=\"810\" \/>\n\t<meta property=\"og:image:height\" content=\"1213\" \/>\n\t<meta property=\"og:image:type\" content=\"image\/png\" \/>\n<meta name=\"twitter:card\" content=\"summary_large_image\" \/>\n<meta name=\"twitter:label1\" content=\"Est. reading time\" \/>\n\t<meta name=\"twitter:data1\" content=\"3 minutes\" \/>\n<script type=\"application\/ld+json\" class=\"yoast-schema-graph\">{\"@context\":\"https:\/\/schema.org\",\"@graph\":[{\"@type\":\"WebPage\",\"@id\":\"https:\/\/moyamatcha.com\/en\/produkt\/moya-matcha-ceremonial-set-josei\/\",\"url\":\"https:\/\/moyamatcha.com\/en\/produkt\/moya-matcha-ceremonial-set-josei\/\",\"name\":\"Moya Matcha Ceremonial Set Josei - MoyaMatcha\",\"isPartOf\":{\"@id\":\"https:\/\/moyamatcha.com\/en\/#website\"},\"primaryImageOfPage\":{\"@id\":\"https:\/\/moyamatcha.com\/en\/produkt\/moya-matcha-ceremonial-set-josei\/#primaryimage\"},\"image\":{\"@id\":\"https:\/\/moyamatcha.com\/en\/produkt\/moya-matcha-ceremonial-set-josei\/#primaryimage\"},\"thumbnailUrl\":\"https:\/\/moyamatcha.com\/wp-content\/uploads\/2026\/04\/josei-ceremonialny-zestaw-do-matchy-front.png\",\"datePublished\":\"2024-08-17T23:25:28+00:00\",\"dateModified\":\"2025-07-04T10:23:22+00:00\",\"description\":\"Moya Matcha Ceremonial Set is a perfect set for all adepts of tea and the traditional Japanese matcha tea ceremony also called \u201cThe Way of Tea\u201d. It\u2019s also a great gift for those who are just starting their matcha journey. The Moya Matcha Ceremonial Set includes: Moya Matcha Premium 30g or Moya Matcha Traditional 30g Matchawan \u2013 ceramic matcha bowl Chasen \u2013 bamboo whisk Whisk holder Chashaku \u2013 bamboo spoon\",\"breadcrumb\":{\"@id\":\"https:\/\/moyamatcha.com\/en\/produkt\/moya-matcha-ceremonial-set-josei\/#breadcrumb\"},\"inLanguage\":\"en-US\",\"potentialAction\":[{\"@type\":\"ReadAction\",\"target\":[\"https:\/\/moyamatcha.com\/en\/produkt\/moya-matcha-ceremonial-set-josei\/\"]}]},{\"@type\":\"ImageObject\",\"inLanguage\":\"en-US\",\"@id\":\"https:\/\/moyamatcha.com\/en\/produkt\/moya-matcha-ceremonial-set-josei\/#primaryimage\",\"url\":\"https:\/\/moyamatcha.com\/wp-content\/uploads\/2026\/04\/josei-ceremonialny-zestaw-do-matchy-front.png\",\"contentUrl\":\"https:\/\/moyamatcha.com\/wp-content\/uploads\/2026\/04\/josei-ceremonialny-zestaw-do-matchy-front.png\",\"width\":810,\"height\":1210},{\"@type\":\"BreadcrumbList\",\"@id\":\"https:\/\/moyamatcha.com\/en\/produkt\/moya-matcha-ceremonial-set-josei\/#breadcrumb\",\"itemListElement\":[{\"@type\":\"ListItem\",\"position\":1,\"name\":\"Home\",\"item\":\"https:\/\/moyamatcha.com\/en\/\"},{\"@type\":\"ListItem\",\"position\":2,\"name\":\"Shop\",\"item\":\"https:\/\/moyamatcha.com\/sklep\/\"},{\"@type\":\"ListItem\",\"position\":3,\"name\":\"Presents\",\"item\":\"https:\/\/moyamatcha.com\/en\/product-category\/presents\/\"},{\"@type\":\"ListItem\",\"position\":4,\"name\":\"Gift sets\",\"item\":\"https:\/\/moyamatcha.com\/en\/product-category\/presents\/gift-sets\/\"},{\"@type\":\"ListItem\",\"position\":5,\"name\":\"Moya Matcha Ceremonial Set Josei\"}]},{\"@type\":\"WebSite\",\"@id\":\"https:\/\/moyamatcha.com\/en\/#website\",\"url\":\"https:\/\/moyamatcha.com\/en\/\",\"name\":\"MoyaMatcha.com\",\"description\":\"\",\"publisher\":{\"@id\":\"https:\/\/moyamatcha.com\/en\/#organization\"},\"alternateName\":\"Moya Matcha\",\"potentialAction\":[{\"@type\":\"SearchAction\",\"target\":{\"@type\":\"EntryPoint\",\"urlTemplate\":\"https:\/\/moyamatcha.com\/en\/?s={search_term_string}\"},\"query-input\":{\"@type\":\"PropertyValueSpecification\",\"valueRequired\":true,\"valueName\":\"search_term_string\"}}],\"inLanguage\":\"en-US\"},{\"@type\":\"Organization\",\"@id\":\"https:\/\/moyamatcha.com\/en\/#organization\",\"name\":\"MoyaMatcha.com\",\"alternateName\":\"Moya Matcha Polska\",\"url\":\"https:\/\/moyamatcha.com\/en\/\",\"logo\":{\"@type\":\"ImageObject\",\"inLanguage\":\"en-US\",\"@id\":\"https:\/\/moyamatcha.com\/en\/#\/schema\/logo\/image\/\",\"url\":\"https:\/\/moyamatcha.com\/wp-content\/uploads\/2024\/11\/moya-300x297-1.png\",\"contentUrl\":\"https:\/\/moyamatcha.com\/wp-content\/uploads\/2024\/11\/moya-300x297-1.png\",\"width\":300,\"height\":297,\"caption\":\"MoyaMatcha.com\"},\"image\":{\"@id\":\"https:\/\/moyamatcha.com\/en\/#\/schema\/logo\/image\/\"},\"sameAs\":[\"https:\/\/www.facebook.com\/moyamatcha\"]}]}<\/script>\n<!-- \/ Yoast SEO plugin. -->","yoast_head_json":{"title":"Moya Matcha Ceremonial Set Josei - MoyaMatcha","description":"Moya Matcha Ceremonial Set is a perfect set for all adepts of tea and the traditional Japanese matcha tea ceremony also called \u201cThe Way of Tea\u201d. It\u2019s also a great gift for those who are just starting their matcha journey. The Moya Matcha Ceremonial Set includes:  Moya Matcha Premium 30g or Moya Matcha Traditional 30g  Matchawan \u2013 ceramic matcha bowl  Chasen \u2013 bamboo whisk  Whisk holder  Chashaku \u2013 bamboo spoon","robots":{"index":"index","follow":"follow","max-snippet":"max-snippet:-1","max-image-preview":"max-image-preview:large","max-video-preview":"max-video-preview:-1"},"canonical":"https:\/\/moyamatcha.com\/en\/produkt\/moya-matcha-ceremonial-set-josei\/","og_locale":"en_US","og_type":"article","og_title":"Moya Matcha Ceremonial Set Josei - MoyaMatcha","og_description":"Moya Matcha Ceremonial Set is a perfect set for all adepts of tea and the traditional Japanese matcha tea ceremony also called \u201cThe Way of Tea\u201d. It\u2019s also a great gift for those who are just starting their matcha journey. The Moya Matcha Ceremonial Set includes:  Moya Matcha Premium 30g or Moya Matcha Traditional 30g  Matchawan \u2013 ceramic matcha bowl  Chasen \u2013 bamboo whisk  Whisk holder  Chashaku \u2013 bamboo spoon","og_url":"https:\/\/moyamatcha.com\/en\/produkt\/moya-matcha-ceremonial-set-josei\/","og_site_name":"MoyaMatcha","article_publisher":"https:\/\/www.facebook.com\/moyamatcha","article_modified_time":"2025-07-04T10:23:22+00:00","og_image":[{"width":810,"height":1213,"url":"https:\/\/moyamatcha.com\/wp-content\/uploads\/2024\/10\/moya-matcha-premium-ceremonial-set-josei-front-912x912-1.png","type":"image\/png"}],"twitter_card":"summary_large_image","twitter_misc":{"Est. reading time":"3 minutes"},"schema":{"@context":"https:\/\/schema.org","@graph":[{"@type":"WebPage","@id":"https:\/\/moyamatcha.com\/en\/produkt\/moya-matcha-ceremonial-set-josei\/","url":"https:\/\/moyamatcha.com\/en\/produkt\/moya-matcha-ceremonial-set-josei\/","name":"Moya Matcha Ceremonial Set Josei - MoyaMatcha","isPartOf":{"@id":"https:\/\/moyamatcha.com\/en\/#website"},"primaryImageOfPage":{"@id":"https:\/\/moyamatcha.com\/en\/produkt\/moya-matcha-ceremonial-set-josei\/#primaryimage"},"image":{"@id":"https:\/\/moyamatcha.com\/en\/produkt\/moya-matcha-ceremonial-set-josei\/#primaryimage"},"thumbnailUrl":"https:\/\/moyamatcha.com\/wp-content\/uploads\/2026\/04\/josei-ceremonialny-zestaw-do-matchy-front.png","datePublished":"2024-08-17T23:25:28+00:00","dateModified":"2025-07-04T10:23:22+00:00","description":"Moya Matcha Ceremonial Set is a perfect set for all adepts of tea and the traditional Japanese matcha tea ceremony also called \u201cThe Way of Tea\u201d. It\u2019s also a great gift for those who are just starting their matcha journey. The Moya Matcha Ceremonial Set includes: Moya Matcha Premium 30g or Moya Matcha Traditional 30g Matchawan \u2013 ceramic matcha bowl Chasen \u2013 bamboo whisk Whisk holder Chashaku \u2013 bamboo spoon","breadcrumb":{"@id":"https:\/\/moyamatcha.com\/en\/produkt\/moya-matcha-ceremonial-set-josei\/#breadcrumb"},"inLanguage":"en-US","potentialAction":[{"@type":"ReadAction","target":["https:\/\/moyamatcha.com\/en\/produkt\/moya-matcha-ceremonial-set-josei\/"]}]},{"@type":"ImageObject","inLanguage":"en-US","@id":"https:\/\/moyamatcha.com\/en\/produkt\/moya-matcha-ceremonial-set-josei\/#primaryimage","url":"https:\/\/moyamatcha.com\/wp-content\/uploads\/2026\/04\/josei-ceremonialny-zestaw-do-matchy-front.png","contentUrl":"https:\/\/moyamatcha.com\/wp-content\/uploads\/2026\/04\/josei-ceremonialny-zestaw-do-matchy-front.png","width":810,"height":1210},{"@type":"BreadcrumbList","@id":"https:\/\/moyamatcha.com\/en\/produkt\/moya-matcha-ceremonial-set-josei\/#breadcrumb","itemListElement":[{"@type":"ListItem","position":1,"name":"Home","item":"https:\/\/moyamatcha.com\/en\/"},{"@type":"ListItem","position":2,"name":"Shop","item":"https:\/\/moyamatcha.com\/sklep\/"},{"@type":"ListItem","position":3,"name":"Presents","item":"https:\/\/moyamatcha.com\/en\/product-category\/presents\/"},{"@type":"ListItem","position":4,"name":"Gift sets","item":"https:\/\/moyamatcha.com\/en\/product-category\/presents\/gift-sets\/"},{"@type":"ListItem","position":5,"name":"Moya Matcha Ceremonial Set Josei"}]},{"@type":"WebSite","@id":"https:\/\/moyamatcha.com\/en\/#website","url":"https:\/\/moyamatcha.com\/en\/","name":"MoyaMatcha.com","description":"","publisher":{"@id":"https:\/\/moyamatcha.com\/en\/#organization"},"alternateName":"Moya Matcha","potentialAction":[{"@type":"SearchAction","target":{"@type":"EntryPoint","urlTemplate":"https:\/\/moyamatcha.com\/en\/?s={search_term_string}"},"query-input":{"@type":"PropertyValueSpecification","valueRequired":true,"valueName":"search_term_string"}}],"inLanguage":"en-US"},{"@type":"Organization","@id":"https:\/\/moyamatcha.com\/en\/#organization","name":"MoyaMatcha.com","alternateName":"Moya Matcha Polska","url":"https:\/\/moyamatcha.com\/en\/","logo":{"@type":"ImageObject","inLanguage":"en-US","@id":"https:\/\/moyamatcha.com\/en\/#\/schema\/logo\/image\/","url":"https:\/\/moyamatcha.com\/wp-content\/uploads\/2024\/11\/moya-300x297-1.png","contentUrl":"https:\/\/moyamatcha.com\/wp-content\/uploads\/2024\/11\/moya-300x297-1.png","width":300,"height":297,"caption":"MoyaMatcha.com"},"image":{"@id":"https:\/\/moyamatcha.com\/en\/#\/schema\/logo\/image\/"},"sameAs":["https:\/\/www.facebook.com\/moyamatcha"]}]}},"_links":{"self":[{"href":"https:\/\/moyamatcha.com\/en\/wp-json\/wp\/v2\/product\/4596","targetHints":{"allow":["GET"]}}],"collection":[{"href":"https:\/\/moyamatcha.com\/en\/wp-json\/wp\/v2\/product"}],"about":[{"href":"https:\/\/moyamatcha.com\/en\/wp-json\/wp\/v2\/types\/product"}],"wp:featuredmedia":[{"embeddable":true,"href":"https:\/\/moyamatcha.com\/en\/wp-json\/wp\/v2\/media\/352530"}],"wp:attachment":[{"href":"https:\/\/moyamatcha.com\/en\/wp-json\/wp\/v2\/media?parent=4596"}],"wp:term":[{"taxonomy":"product_brand","embeddable":true,"href":"https:\/\/moyamatcha.com\/en\/wp-json\/wp\/v2\/product_brand?post=4596"},{"taxonomy":"product_cat","embeddable":true,"href":"https:\/\/moyamatcha.com\/en\/wp-json\/wp\/v2\/product_cat?post=4596"},{"taxonomy":"product_tag","embeddable":true,"href":"https:\/\/moyamatcha.com\/en\/wp-json\/wp\/v2\/product_tag?post=4596"}],"curies":[{"name":"wp","href":"https:\/\/api.w.org\/{rel}","templated":true}]}}