{"id":4733,"date":"2024-08-18T01:31:56","date_gmt":"2024-08-17T23:31:56","guid":{"rendered":"https:\/\/moyamatcha.wldevs-stagging.pl\/?post_type=product&#038;p=4733"},"modified":"2026-04-11T20:08:43","modified_gmt":"2026-04-11T18:08:43","slug":"kyusu-kuroshinju-japanese-teapot","status":"publish","type":"product","link":"https:\/\/moyamatcha.com\/en\/produkt\/kyusu-kuroshinju-japanese-teapot\/","title":{"rendered":"Kyusu Kuroshinju japanese teapot"},"content":{"rendered":"\n<section class=\"wp-block-group alignfull patternImgText has-light-moss-green-3-background-color has-background is-layout-constrained wp-block-group-is-layout-constrained\">\n<div class=\"wp-block-columns alignfull is-layout-flex wp-container-core-columns-is-layout-c5fdfbfa wp-block-columns-is-layout-flex\" style=\"margin-top:0;margin-right:0;margin-bottom:0;margin-left:0\">\n<div class=\"wp-block-column patternImgText__img is-layout-flow wp-block-column-is-layout-flow\" style=\"flex-basis:50%\">\n<figure class=\"wp-block-image size-full\"><img loading=\"lazy\" decoding=\"async\" width=\"1000\" height=\"1000\" src=\"https:\/\/moyamatcha.com\/wp-content\/uploads\/2024\/08\/moya-accessories-kyusu-teapot-kuroshinju-from-above-small.jpg\" alt=\"\" class=\"wp-image-2407\" srcset=\"https:\/\/moyamatcha.com\/wp-content\/uploads\/2024\/08\/moya-accessories-kyusu-teapot-kuroshinju-from-above-small.jpg 1000w, https:\/\/moyamatcha.com\/wp-content\/uploads\/2024\/08\/moya-accessories-kyusu-teapot-kuroshinju-from-above-small-150x150.jpg 150w, https:\/\/moyamatcha.com\/wp-content\/uploads\/2024\/08\/moya-accessories-kyusu-teapot-kuroshinju-from-above-small-300x300.jpg 300w, https:\/\/moyamatcha.com\/wp-content\/uploads\/2024\/08\/moya-accessories-kyusu-teapot-kuroshinju-from-above-small-768x768.jpg 768w, https:\/\/moyamatcha.com\/wp-content\/uploads\/2024\/08\/moya-accessories-kyusu-teapot-kuroshinju-from-above-small-912x912.jpg 912w, https:\/\/moyamatcha.com\/wp-content\/uploads\/2024\/08\/moya-accessories-kyusu-teapot-kuroshinju-from-above-small-850x850.jpg 850w, https:\/\/moyamatcha.com\/wp-content\/uploads\/2024\/08\/moya-accessories-kyusu-teapot-kuroshinju-from-above-small-600x600.jpg 600w, https:\/\/moyamatcha.com\/wp-content\/uploads\/2024\/08\/moya-accessories-kyusu-teapot-kuroshinju-from-above-small-480x480.jpg 480w, https:\/\/moyamatcha.com\/wp-content\/uploads\/2024\/08\/moya-accessories-kyusu-teapot-kuroshinju-from-above-small-372x372.jpg 372w, https:\/\/moyamatcha.com\/wp-content\/uploads\/2024\/08\/moya-accessories-kyusu-teapot-kuroshinju-from-above-small-260x260.jpg 260w, https:\/\/moyamatcha.com\/wp-content\/uploads\/2024\/08\/moya-accessories-kyusu-teapot-kuroshinju-from-above-small-120x120.jpg 120w, https:\/\/moyamatcha.com\/wp-content\/uploads\/2024\/08\/moya-accessories-kyusu-teapot-kuroshinju-from-above-small-90x90.jpg 90w, https:\/\/moyamatcha.com\/wp-content\/uploads\/2024\/08\/moya-accessories-kyusu-teapot-kuroshinju-from-above-small-40x40.jpg 40w, https:\/\/moyamatcha.com\/wp-content\/uploads\/2024\/08\/moya-accessories-kyusu-teapot-kuroshinju-from-above-small-100x100.jpg 100w, https:\/\/moyamatcha.com\/wp-content\/uploads\/2024\/08\/moya-accessories-kyusu-teapot-kuroshinju-from-above-small-50x50.jpg 50w\" sizes=\"auto, (max-width: 1000px) 100vw, 1000px\" \/><\/figure>\n<\/div>\n\n\n\n<div class=\"wp-block-column patternImgText__text is-layout-flow wp-block-column-is-layout-flow\" style=\"flex-basis:50%\">\n<div class=\"wp-block-group is-vertical is-content-justification-left is-layout-flex wp-container-core-group-is-layout-dd225191 wp-block-group-is-layout-flex\">\n<h2 class=\"wp-block-heading\">Czajnik do herbaty li\u015bciastej Kyusu Kuroshinju<\/h2>\n\n\n\n<p>Kyusu Kuroshinju to tradycyjny japo\u0144ski czajnik do herbaty li\u015bciastej z charakterystycznym uchwytem z boku. S\u0142owo \u201ekyusu\u201d w dos\u0142ownym t\u0142umaczeniu oznacza \u201edzbanek\u201d lub \u201eczajnik\u201d, dlatego w Japonii pod t\u0105 nazw\u0105 mo\u017cna spotka\u0107 r\u00f3wnie\u017c inne rodzaje naczy\u0144 do parzenia herbaty. Kyusu Kuroshinju wykonany jest z gliny i wyr\u00f3\u017cnia si\u0119 b\u0142yszcz\u0105cym szkliwieniem o czarnym kolorze, a z brzegu czajnika przebija rudy kolor gliny. W \u015brodku znajduje si\u0119 metalowe sitko zatrzymuj\u0105ce susz przy przelewaniu do kubka.<\/p>\n\n\n\n<p>Czajnik kyusu Kuroshinju stanowi przyk\u0142ad ceramiki Banko wytwarzanej w Yokkaichi , w prefekturze Aichi. To region s\u0142yn\u0105cy z produkcji glinianych naczy\u0144.<\/p>\n<\/div>\n<\/div>\n<\/div>\n<\/section>\n\n<section class=\"wp-block-group alignfull patternTextImg is-layout-constrained wp-block-group-is-layout-constrained\">\n<div class=\"wp-block-columns alignfull is-layout-flex wp-container-core-columns-is-layout-c5fdfbfa wp-block-columns-is-layout-flex\" style=\"margin-top:0;margin-right:0;margin-bottom:0;margin-left:0\">\n<div class=\"wp-block-column patternTextImg__text is-layout-flow wp-block-column-is-layout-flow\" style=\"flex-basis:50%\">\n<div class=\"wp-block-group is-vertical is-content-justification-left is-layout-flex wp-container-core-group-is-layout-dd225191 wp-block-group-is-layout-flex\">\n<h2 class=\"wp-block-heading\">Kak u\u017cywa\u0107 czajnika Kyusu ?<\/h2>\n\n\n\n<p>Odpowiedni\u0105 ilo\u015b\u0107 herbacianego suszu nasypa\u0107 do \u015brodka i zaparzy\u0107 wed\u0142ug instrukcji na opakowaniu. Zaparzon\u0105 herbat\u0119 przela\u0107 do ulubionego kubka lub czarki. Zu\u017cyty susz zala\u0107 ponownie lub wyrzuci\u0107 do bioodpad\u00f3w.<\/p>\n<\/div>\n<\/div>\n\n\n\n<div class=\"wp-block-column patternTextImg__img is-layout-flow wp-block-column-is-layout-flow\" style=\"flex-basis:50%\">\n<figure class=\"wp-block-image size-full\"><img loading=\"lazy\" decoding=\"async\" width=\"1000\" height=\"1000\" src=\"https:\/\/moyamatcha.com\/wp-content\/uploads\/2024\/08\/moya-accessories-kyusu-teapot-kuroshinju-small.jpg\" alt=\"\" class=\"wp-image-2405\" srcset=\"https:\/\/moyamatcha.com\/wp-content\/uploads\/2024\/08\/moya-accessories-kyusu-teapot-kuroshinju-small.jpg 1000w, https:\/\/moyamatcha.com\/wp-content\/uploads\/2024\/08\/moya-accessories-kyusu-teapot-kuroshinju-small-150x150.jpg 150w, https:\/\/moyamatcha.com\/wp-content\/uploads\/2024\/08\/moya-accessories-kyusu-teapot-kuroshinju-small-300x300.jpg 300w, https:\/\/moyamatcha.com\/wp-content\/uploads\/2024\/08\/moya-accessories-kyusu-teapot-kuroshinju-small-768x768.jpg 768w, https:\/\/moyamatcha.com\/wp-content\/uploads\/2024\/08\/moya-accessories-kyusu-teapot-kuroshinju-small-912x912.jpg 912w, https:\/\/moyamatcha.com\/wp-content\/uploads\/2024\/08\/moya-accessories-kyusu-teapot-kuroshinju-small-850x850.jpg 850w, https:\/\/moyamatcha.com\/wp-content\/uploads\/2024\/08\/moya-accessories-kyusu-teapot-kuroshinju-small-600x600.jpg 600w, https:\/\/moyamatcha.com\/wp-content\/uploads\/2024\/08\/moya-accessories-kyusu-teapot-kuroshinju-small-480x480.jpg 480w, https:\/\/moyamatcha.com\/wp-content\/uploads\/2024\/08\/moya-accessories-kyusu-teapot-kuroshinju-small-372x372.jpg 372w, https:\/\/moyamatcha.com\/wp-content\/uploads\/2024\/08\/moya-accessories-kyusu-teapot-kuroshinju-small-260x260.jpg 260w, https:\/\/moyamatcha.com\/wp-content\/uploads\/2024\/08\/moya-accessories-kyusu-teapot-kuroshinju-small-120x120.jpg 120w, https:\/\/moyamatcha.com\/wp-content\/uploads\/2024\/08\/moya-accessories-kyusu-teapot-kuroshinju-small-90x90.jpg 90w, https:\/\/moyamatcha.com\/wp-content\/uploads\/2024\/08\/moya-accessories-kyusu-teapot-kuroshinju-small-40x40.jpg 40w, https:\/\/moyamatcha.com\/wp-content\/uploads\/2024\/08\/moya-accessories-kyusu-teapot-kuroshinju-small-100x100.jpg 100w, https:\/\/moyamatcha.com\/wp-content\/uploads\/2024\/08\/moya-accessories-kyusu-teapot-kuroshinju-small-50x50.jpg 50w\" sizes=\"auto, (max-width: 1000px) 100vw, 1000px\" \/><\/figure>\n<\/div>\n<\/div>\n<\/section>\n","protected":false},"excerpt":{"rendered":"<div id=\"wp-excerpt-wrap\" class=\"wp-core-ui wp-editor-wrap tmce-active\"><link rel='stylesheet' id='dashicons-css' href='https:\/\/moyamatcha.com\/wp-includes\/css\/dashicons.min.css' type='text\/css' media='all' \/>\n<link rel='stylesheet' id='editor-buttons-css' href='https:\/\/moyamatcha.com\/wp-includes\/css\/editor.min.css' type='text\/css' media='all' \/>\n<style>.wp-editor-container { width: 100% !important; }<\/style>\n<div id=\"wp-excerpt-editor-container\" class=\"wp-editor-container\"><textarea class=\"wp-editor-area\" rows=\"5\" autocomplete=\"off\" cols=\"40\" name=\"excerpt\" id=\"excerpt\">&lt;p&gt;Traditional teapot for leaf green tea preparation&lt;\/p&gt;\r\n&lt;p&gt;Dishwasher safe&lt;\/p&gt;<\/textarea><\/div>\n<\/div>\n\n","protected":false},"featured_media":85966,"template":"","meta":{"_acf_changed":true,"inline_featured_image":false},"product_brand":[],"product_cat":[427,528,1090,1095,532,531],"product_tag":[],"class_list":{"0":"post-4733","1":"product","2":"type-product","3":"status-publish","4":"has-post-thumbnail","6":"product_cat-accessories-en","7":"product_cat-leaf-tea-accessories","8":"product_cat-teapots","9":"product_cat-ceramics","10":"product_cat-presents","11":"product_cat-other-presents","13":"first","14":"instock","15":"purchasable","16":"product-type-simple"},"acf":[],"yoast_head":"<!-- This site is optimized with the Yoast SEO plugin v27.0 - https:\/\/yoast.com\/product\/yoast-seo-wordpress\/ -->\n<title>Kyusu Kuroshinju japanese teapot - MoyaMatcha<\/title>\n<meta name=\"description\" content=\"Traditional teapot for leaf green tea preparation Dishwasher safe\" \/>\n<meta name=\"robots\" content=\"index, follow, max-snippet:-1, max-image-preview:large, max-video-preview:-1\" \/>\n<link rel=\"canonical\" href=\"https:\/\/moyamatcha.com\/en\/produkt\/kyusu-kuroshinju-japanese-teapot\/\" \/>\n<meta property=\"og:locale\" content=\"en_US\" \/>\n<meta property=\"og:type\" content=\"article\" \/>\n<meta property=\"og:title\" content=\"Kyusu Kuroshinju japanese teapot - MoyaMatcha\" \/>\n<meta property=\"og:description\" content=\"Traditional teapot for leaf green tea preparation Dishwasher safe\" \/>\n<meta property=\"og:url\" content=\"https:\/\/moyamatcha.com\/en\/produkt\/kyusu-kuroshinju-japanese-teapot\/\" \/>\n<meta property=\"og:site_name\" content=\"MoyaMatcha\" \/>\n<meta property=\"article:publisher\" content=\"https:\/\/www.facebook.com\/moyamatcha\" \/>\n<meta property=\"article:modified_time\" content=\"2026-04-11T18:08:43+00:00\" \/>\n<meta property=\"og:image\" content=\"https:\/\/moyamatcha.com\/wp-content\/uploads\/2024\/08\/moya-accessories-kyusu-teapot-kuroshinju.png\" \/>\n\t<meta property=\"og:image:width\" content=\"810\" \/>\n\t<meta property=\"og:image:height\" content=\"1213\" \/>\n\t<meta property=\"og:image:type\" content=\"image\/png\" \/>\n<meta name=\"twitter:card\" content=\"summary_large_image\" \/>\n<meta name=\"twitter:label1\" content=\"Est. reading time\" \/>\n\t<meta name=\"twitter:data1\" content=\"2 minutes\" \/>\n<script type=\"application\/ld+json\" class=\"yoast-schema-graph\">{\"@context\":\"https:\/\/schema.org\",\"@graph\":[{\"@type\":\"WebPage\",\"@id\":\"https:\/\/moyamatcha.com\/en\/produkt\/kyusu-kuroshinju-japanese-teapot\/\",\"url\":\"https:\/\/moyamatcha.com\/en\/produkt\/kyusu-kuroshinju-japanese-teapot\/\",\"name\":\"Kyusu Kuroshinju japanese teapot - MoyaMatcha\",\"isPartOf\":{\"@id\":\"https:\/\/moyamatcha.com\/en\/#website\"},\"primaryImageOfPage\":{\"@id\":\"https:\/\/moyamatcha.com\/en\/produkt\/kyusu-kuroshinju-japanese-teapot\/#primaryimage\"},\"image\":{\"@id\":\"https:\/\/moyamatcha.com\/en\/produkt\/kyusu-kuroshinju-japanese-teapot\/#primaryimage\"},\"thumbnailUrl\":\"https:\/\/moyamatcha.com\/wp-content\/uploads\/2024\/08\/moya-accessories-kyusu-teapot-kuroshinju.png\",\"datePublished\":\"2024-08-17T23:31:56+00:00\",\"dateModified\":\"2026-04-11T18:08:43+00:00\",\"description\":\"Traditional teapot for leaf green tea preparation Dishwasher safe\",\"breadcrumb\":{\"@id\":\"https:\/\/moyamatcha.com\/en\/produkt\/kyusu-kuroshinju-japanese-teapot\/#breadcrumb\"},\"inLanguage\":\"en-US\",\"potentialAction\":[{\"@type\":\"ReadAction\",\"target\":[\"https:\/\/moyamatcha.com\/en\/produkt\/kyusu-kuroshinju-japanese-teapot\/\"]}]},{\"@type\":\"ImageObject\",\"inLanguage\":\"en-US\",\"@id\":\"https:\/\/moyamatcha.com\/en\/produkt\/kyusu-kuroshinju-japanese-teapot\/#primaryimage\",\"url\":\"https:\/\/moyamatcha.com\/wp-content\/uploads\/2024\/08\/moya-accessories-kyusu-teapot-kuroshinju.png\",\"contentUrl\":\"https:\/\/moyamatcha.com\/wp-content\/uploads\/2024\/08\/moya-accessories-kyusu-teapot-kuroshinju.png\",\"width\":810,\"height\":1213},{\"@type\":\"BreadcrumbList\",\"@id\":\"https:\/\/moyamatcha.com\/en\/produkt\/kyusu-kuroshinju-japanese-teapot\/#breadcrumb\",\"itemListElement\":[{\"@type\":\"ListItem\",\"position\":1,\"name\":\"Home\",\"item\":\"https:\/\/moyamatcha.com\/en\/\"},{\"@type\":\"ListItem\",\"position\":2,\"name\":\"Shop\",\"item\":\"https:\/\/moyamatcha.com\/sklep\/\"},{\"@type\":\"ListItem\",\"position\":3,\"name\":\"Presents\",\"item\":\"https:\/\/moyamatcha.com\/en\/product-category\/presents\/\"},{\"@type\":\"ListItem\",\"position\":4,\"name\":\"Kyusu Kuroshinju japanese teapot\"}]},{\"@type\":\"WebSite\",\"@id\":\"https:\/\/moyamatcha.com\/en\/#website\",\"url\":\"https:\/\/moyamatcha.com\/en\/\",\"name\":\"MoyaMatcha.com\",\"description\":\"\",\"publisher\":{\"@id\":\"https:\/\/moyamatcha.com\/en\/#organization\"},\"alternateName\":\"Moya Matcha\",\"potentialAction\":[{\"@type\":\"SearchAction\",\"target\":{\"@type\":\"EntryPoint\",\"urlTemplate\":\"https:\/\/moyamatcha.com\/en\/?s={search_term_string}\"},\"query-input\":{\"@type\":\"PropertyValueSpecification\",\"valueRequired\":true,\"valueName\":\"search_term_string\"}}],\"inLanguage\":\"en-US\"},{\"@type\":\"Organization\",\"@id\":\"https:\/\/moyamatcha.com\/en\/#organization\",\"name\":\"MoyaMatcha.com\",\"alternateName\":\"Moya Matcha Polska\",\"url\":\"https:\/\/moyamatcha.com\/en\/\",\"logo\":{\"@type\":\"ImageObject\",\"inLanguage\":\"en-US\",\"@id\":\"https:\/\/moyamatcha.com\/en\/#\/schema\/logo\/image\/\",\"url\":\"https:\/\/moyamatcha.com\/wp-content\/uploads\/2024\/11\/moya-300x297-1.png\",\"contentUrl\":\"https:\/\/moyamatcha.com\/wp-content\/uploads\/2024\/11\/moya-300x297-1.png\",\"width\":300,\"height\":297,\"caption\":\"MoyaMatcha.com\"},\"image\":{\"@id\":\"https:\/\/moyamatcha.com\/en\/#\/schema\/logo\/image\/\"},\"sameAs\":[\"https:\/\/www.facebook.com\/moyamatcha\"]}]}<\/script>\n<!-- \/ Yoast SEO plugin. -->","yoast_head_json":{"title":"Kyusu Kuroshinju japanese teapot - MoyaMatcha","description":"Traditional teapot for leaf green tea preparation Dishwasher safe","robots":{"index":"index","follow":"follow","max-snippet":"max-snippet:-1","max-image-preview":"max-image-preview:large","max-video-preview":"max-video-preview:-1"},"canonical":"https:\/\/moyamatcha.com\/en\/produkt\/kyusu-kuroshinju-japanese-teapot\/","og_locale":"en_US","og_type":"article","og_title":"Kyusu Kuroshinju japanese teapot - MoyaMatcha","og_description":"Traditional teapot for leaf green tea preparation Dishwasher safe","og_url":"https:\/\/moyamatcha.com\/en\/produkt\/kyusu-kuroshinju-japanese-teapot\/","og_site_name":"MoyaMatcha","article_publisher":"https:\/\/www.facebook.com\/moyamatcha","article_modified_time":"2026-04-11T18:08:43+00:00","og_image":[{"width":810,"height":1213,"url":"https:\/\/moyamatcha.com\/wp-content\/uploads\/2024\/08\/moya-accessories-kyusu-teapot-kuroshinju.png","type":"image\/png"}],"twitter_card":"summary_large_image","twitter_misc":{"Est. reading time":"2 minutes"},"schema":{"@context":"https:\/\/schema.org","@graph":[{"@type":"WebPage","@id":"https:\/\/moyamatcha.com\/en\/produkt\/kyusu-kuroshinju-japanese-teapot\/","url":"https:\/\/moyamatcha.com\/en\/produkt\/kyusu-kuroshinju-japanese-teapot\/","name":"Kyusu Kuroshinju japanese teapot - MoyaMatcha","isPartOf":{"@id":"https:\/\/moyamatcha.com\/en\/#website"},"primaryImageOfPage":{"@id":"https:\/\/moyamatcha.com\/en\/produkt\/kyusu-kuroshinju-japanese-teapot\/#primaryimage"},"image":{"@id":"https:\/\/moyamatcha.com\/en\/produkt\/kyusu-kuroshinju-japanese-teapot\/#primaryimage"},"thumbnailUrl":"https:\/\/moyamatcha.com\/wp-content\/uploads\/2024\/08\/moya-accessories-kyusu-teapot-kuroshinju.png","datePublished":"2024-08-17T23:31:56+00:00","dateModified":"2026-04-11T18:08:43+00:00","description":"Traditional teapot for leaf green tea preparation Dishwasher safe","breadcrumb":{"@id":"https:\/\/moyamatcha.com\/en\/produkt\/kyusu-kuroshinju-japanese-teapot\/#breadcrumb"},"inLanguage":"en-US","potentialAction":[{"@type":"ReadAction","target":["https:\/\/moyamatcha.com\/en\/produkt\/kyusu-kuroshinju-japanese-teapot\/"]}]},{"@type":"ImageObject","inLanguage":"en-US","@id":"https:\/\/moyamatcha.com\/en\/produkt\/kyusu-kuroshinju-japanese-teapot\/#primaryimage","url":"https:\/\/moyamatcha.com\/wp-content\/uploads\/2024\/08\/moya-accessories-kyusu-teapot-kuroshinju.png","contentUrl":"https:\/\/moyamatcha.com\/wp-content\/uploads\/2024\/08\/moya-accessories-kyusu-teapot-kuroshinju.png","width":810,"height":1213},{"@type":"BreadcrumbList","@id":"https:\/\/moyamatcha.com\/en\/produkt\/kyusu-kuroshinju-japanese-teapot\/#breadcrumb","itemListElement":[{"@type":"ListItem","position":1,"name":"Home","item":"https:\/\/moyamatcha.com\/en\/"},{"@type":"ListItem","position":2,"name":"Shop","item":"https:\/\/moyamatcha.com\/sklep\/"},{"@type":"ListItem","position":3,"name":"Presents","item":"https:\/\/moyamatcha.com\/en\/product-category\/presents\/"},{"@type":"ListItem","position":4,"name":"Kyusu Kuroshinju japanese teapot"}]},{"@type":"WebSite","@id":"https:\/\/moyamatcha.com\/en\/#website","url":"https:\/\/moyamatcha.com\/en\/","name":"MoyaMatcha.com","description":"","publisher":{"@id":"https:\/\/moyamatcha.com\/en\/#organization"},"alternateName":"Moya Matcha","potentialAction":[{"@type":"SearchAction","target":{"@type":"EntryPoint","urlTemplate":"https:\/\/moyamatcha.com\/en\/?s={search_term_string}"},"query-input":{"@type":"PropertyValueSpecification","valueRequired":true,"valueName":"search_term_string"}}],"inLanguage":"en-US"},{"@type":"Organization","@id":"https:\/\/moyamatcha.com\/en\/#organization","name":"MoyaMatcha.com","alternateName":"Moya Matcha Polska","url":"https:\/\/moyamatcha.com\/en\/","logo":{"@type":"ImageObject","inLanguage":"en-US","@id":"https:\/\/moyamatcha.com\/en\/#\/schema\/logo\/image\/","url":"https:\/\/moyamatcha.com\/wp-content\/uploads\/2024\/11\/moya-300x297-1.png","contentUrl":"https:\/\/moyamatcha.com\/wp-content\/uploads\/2024\/11\/moya-300x297-1.png","width":300,"height":297,"caption":"MoyaMatcha.com"},"image":{"@id":"https:\/\/moyamatcha.com\/en\/#\/schema\/logo\/image\/"},"sameAs":["https:\/\/www.facebook.com\/moyamatcha"]}]}},"_links":{"self":[{"href":"https:\/\/moyamatcha.com\/en\/wp-json\/wp\/v2\/product\/4733","targetHints":{"allow":["GET"]}}],"collection":[{"href":"https:\/\/moyamatcha.com\/en\/wp-json\/wp\/v2\/product"}],"about":[{"href":"https:\/\/moyamatcha.com\/en\/wp-json\/wp\/v2\/types\/product"}],"wp:featuredmedia":[{"embeddable":true,"href":"https:\/\/moyamatcha.com\/en\/wp-json\/wp\/v2\/media\/85966"}],"wp:attachment":[{"href":"https:\/\/moyamatcha.com\/en\/wp-json\/wp\/v2\/media?parent=4733"}],"wp:term":[{"taxonomy":"product_brand","embeddable":true,"href":"https:\/\/moyamatcha.com\/en\/wp-json\/wp\/v2\/product_brand?post=4733"},{"taxonomy":"product_cat","embeddable":true,"href":"https:\/\/moyamatcha.com\/en\/wp-json\/wp\/v2\/product_cat?post=4733"},{"taxonomy":"product_tag","embeddable":true,"href":"https:\/\/moyamatcha.com\/en\/wp-json\/wp\/v2\/product_tag?post=4733"}],"curies":[{"name":"wp","href":"https:\/\/api.w.org\/{rel}","templated":true}]}}