{"id":4740,"date":"2024-08-18T01:31:56","date_gmt":"2024-08-17T23:31:56","guid":{"rendered":"https:\/\/moyamatcha.wldevs-stagging.pl\/?post_type=product&#038;p=4740"},"modified":"2026-04-15T14:20:53","modified_gmt":"2026-04-15T12:20:53","slug":"natsume","status":"publish","type":"product","link":"https:\/\/moyamatcha.com\/en\/produkt\/natsume\/","title":{"rendered":"Natsume matcha tin can"},"content":{"rendered":"\n<section class=\"wp-block-group alignfull patternImgText has-light-moss-green-3-background-color has-background is-layout-constrained wp-block-group-is-layout-constrained\">\n<div class=\"wp-block-columns alignfull is-layout-flex wp-container-core-columns-is-layout-c5fdfbfa wp-block-columns-is-layout-flex\" style=\"margin-top:0;margin-right:0;margin-bottom:0;margin-left:0\">\n<div class=\"wp-block-column patternImgText__img is-layout-flow wp-block-column-is-layout-flow\" style=\"flex-basis:50%\">\n<figure class=\"wp-block-image size-full\"><img loading=\"lazy\" decoding=\"async\" width=\"1366\" height=\"2048\" src=\"https:\/\/moyamatcha.com\/wp-content\/uploads\/2024\/09\/moya-pojemnik-na-matche-natsume.jpg\" alt=\"\" class=\"wp-image-7475\" srcset=\"https:\/\/moyamatcha.com\/wp-content\/uploads\/2024\/09\/moya-pojemnik-na-matche-natsume.jpg 1366w, https:\/\/moyamatcha.com\/wp-content\/uploads\/2024\/09\/moya-pojemnik-na-matche-natsume-200x300.jpg 200w, https:\/\/moyamatcha.com\/wp-content\/uploads\/2024\/09\/moya-pojemnik-na-matche-natsume-768x1151.jpg 768w, https:\/\/moyamatcha.com\/wp-content\/uploads\/2024\/09\/moya-pojemnik-na-matche-natsume-683x1024.jpg 683w, https:\/\/moyamatcha.com\/wp-content\/uploads\/2024\/09\/moya-pojemnik-na-matche-natsume-1025x1536.jpg 1025w, https:\/\/moyamatcha.com\/wp-content\/uploads\/2024\/09\/moya-pojemnik-na-matche-natsume-1224x1835.jpg 1224w, https:\/\/moyamatcha.com\/wp-content\/uploads\/2024\/09\/moya-pojemnik-na-matche-natsume-912x1367.jpg 912w, https:\/\/moyamatcha.com\/wp-content\/uploads\/2024\/09\/moya-pojemnik-na-matche-natsume-850x1274.jpg 850w, https:\/\/moyamatcha.com\/wp-content\/uploads\/2024\/09\/moya-pojemnik-na-matche-natsume-600x900.jpg 600w, https:\/\/moyamatcha.com\/wp-content\/uploads\/2024\/09\/moya-pojemnik-na-matche-natsume-480x720.jpg 480w, https:\/\/moyamatcha.com\/wp-content\/uploads\/2024\/09\/moya-pojemnik-na-matche-natsume-372x558.jpg 372w, https:\/\/moyamatcha.com\/wp-content\/uploads\/2024\/09\/moya-pojemnik-na-matche-natsume-260x390.jpg 260w, https:\/\/moyamatcha.com\/wp-content\/uploads\/2024\/09\/moya-pojemnik-na-matche-natsume-120x180.jpg 120w, https:\/\/moyamatcha.com\/wp-content\/uploads\/2024\/09\/moya-pojemnik-na-matche-natsume-90x135.jpg 90w, https:\/\/moyamatcha.com\/wp-content\/uploads\/2024\/09\/moya-pojemnik-na-matche-natsume-40x60.jpg 40w\" sizes=\"auto, (max-width: 1366px) 100vw, 1366px\" \/><\/figure>\n<\/div>\n\n\n\n<div class=\"wp-block-column patternImgText__text is-layout-flow wp-block-column-is-layout-flow\" style=\"flex-basis:50%\">\n<div class=\"wp-block-group is-vertical is-content-justification-left is-layout-flex wp-container-core-group-is-layout-dd225191 wp-block-group-is-layout-flex\">\n<h2 class=\"wp-block-heading\">Natsume pojemnik do ceremonii herbacianej<\/h2>\n\n\n\n<p>W tradycyjnej japo\u0144skiej ceremonii herbacianej ka\u017cdy element rytua\u0142u ma znaczenie. Jednym z takich element\u00f3w jest w\u0142a\u015bnie Natsume, czyli lakowa puszeczka do przechowywania matchy. Zazwyczaj przesypuje si\u0119 do niej okre\u015blon\u0105 ilo\u015b\u0107 proszku, w zale\u017cno\u015bci od tego, ilu go\u015bci si\u0119 przyjmuje. Natsume nie jest szczelnym opakowaniem, dlatego zaleca si\u0119 trzymanie w nim matchy jedynie podczas serwowania herbaty, a nie przez d\u0142u\u017cszy czas. Ceremonia herbaciana lub Chanoyu liczy sobie kilkaset lat i pe\u0142ni istotn\u0105 rol\u0119 w kulturze japo\u0144skiej, gdzie uwa\u017ca si\u0119, \u017ce przygotowanie herbaty wymaga r\u0119ki mistrza. Pude\u0142eczko Natsume przybli\u017cy Was o krok do prawdziwego rytua\u0142u przygotowywania matchy we w\u0142asnym domu.<\/p>\n<\/div>\n<\/div>\n<\/div>\n<\/section>\n","protected":false},"excerpt":{"rendered":"<div id=\"wp-excerpt-wrap\" class=\"wp-core-ui wp-editor-wrap tmce-active\"><link rel='stylesheet' id='dashicons-css' href='https:\/\/moyamatcha.com\/wp-includes\/css\/dashicons.min.css' type='text\/css' media='all' \/>\n<link rel='stylesheet' id='editor-buttons-css' href='https:\/\/moyamatcha.com\/wp-includes\/css\/editor.min.css' type='text\/css' media='all' \/>\n<style>.wp-editor-container { width: 100% !important; }<\/style>\n<div id=\"wp-excerpt-editor-container\" class=\"wp-editor-container\"><textarea class=\"wp-editor-area\" rows=\"5\" autocomplete=\"off\" cols=\"40\" name=\"excerpt\" id=\"excerpt\">Gift a loved one a trip to the world of Japanese teas. The Natsume box for storing matcha will bring you closer to the true tea ceremony<\/textarea><\/div>\n<\/div>\n\n","protected":false},"featured_media":86033,"template":"","meta":{"_acf_changed":true,"inline_featured_image":false},"product_brand":[],"product_cat":[427,428,1088],"product_tag":[],"class_list":{"0":"post-4740","1":"product","2":"type-product","3":"status-publish","4":"has-post-thumbnail","6":"product_cat-accessories-en","7":"product_cat-matcha-accessories","8":"product_cat-other-matcha-accessories","10":"first","11":"instock","12":"purchasable","13":"product-type-simple"},"acf":[],"yoast_head":"<!-- This site is optimized with the Yoast SEO plugin v27.0 - https:\/\/yoast.com\/product\/yoast-seo-wordpress\/ -->\n<title>Natsume matcha tin can - MoyaMatcha<\/title>\n<meta name=\"description\" content=\"Gift a loved one a trip to the world of Japanese teas. The Natsume box for storing matcha will bring you closer to the true tea ceremony\" \/>\n<meta name=\"robots\" content=\"index, follow, max-snippet:-1, max-image-preview:large, max-video-preview:-1\" \/>\n<link rel=\"canonical\" href=\"https:\/\/moyamatcha.com\/en\/produkt\/natsume\/\" \/>\n<meta property=\"og:locale\" content=\"en_US\" \/>\n<meta property=\"og:type\" content=\"article\" \/>\n<meta property=\"og:title\" content=\"Natsume matcha tin can - MoyaMatcha\" \/>\n<meta property=\"og:description\" content=\"Gift a loved one a trip to the world of Japanese teas. The Natsume box for storing matcha will bring you closer to the true tea ceremony\" \/>\n<meta property=\"og:url\" content=\"https:\/\/moyamatcha.com\/en\/produkt\/natsume\/\" \/>\n<meta property=\"og:site_name\" content=\"MoyaMatcha\" \/>\n<meta property=\"article:publisher\" content=\"https:\/\/www.facebook.com\/moyamatcha\" \/>\n<meta property=\"article:modified_time\" content=\"2026-04-15T12:20:53+00:00\" \/>\n<meta property=\"og:image\" content=\"https:\/\/moyamatcha.com\/wp-content\/uploads\/2024\/08\/natsume-1.png\" \/>\n\t<meta property=\"og:image:width\" content=\"810\" \/>\n\t<meta property=\"og:image:height\" content=\"1213\" \/>\n\t<meta property=\"og:image:type\" content=\"image\/png\" \/>\n<meta name=\"twitter:card\" content=\"summary_large_image\" \/>\n<meta name=\"twitter:label1\" content=\"Est. reading time\" \/>\n\t<meta name=\"twitter:data1\" content=\"2 minutes\" \/>\n<script type=\"application\/ld+json\" class=\"yoast-schema-graph\">{\"@context\":\"https:\/\/schema.org\",\"@graph\":[{\"@type\":\"WebPage\",\"@id\":\"https:\/\/moyamatcha.com\/en\/produkt\/natsume\/\",\"url\":\"https:\/\/moyamatcha.com\/en\/produkt\/natsume\/\",\"name\":\"Natsume matcha tin can - MoyaMatcha\",\"isPartOf\":{\"@id\":\"https:\/\/moyamatcha.com\/en\/#website\"},\"primaryImageOfPage\":{\"@id\":\"https:\/\/moyamatcha.com\/en\/produkt\/natsume\/#primaryimage\"},\"image\":{\"@id\":\"https:\/\/moyamatcha.com\/en\/produkt\/natsume\/#primaryimage\"},\"thumbnailUrl\":\"https:\/\/moyamatcha.com\/wp-content\/uploads\/2024\/08\/natsume-1.png\",\"datePublished\":\"2024-08-17T23:31:56+00:00\",\"dateModified\":\"2026-04-15T12:20:53+00:00\",\"description\":\"Gift a loved one a trip to the world of Japanese teas. The Natsume box for storing matcha will bring you closer to the true tea ceremony\",\"breadcrumb\":{\"@id\":\"https:\/\/moyamatcha.com\/en\/produkt\/natsume\/#breadcrumb\"},\"inLanguage\":\"en-US\",\"potentialAction\":[{\"@type\":\"ReadAction\",\"target\":[\"https:\/\/moyamatcha.com\/en\/produkt\/natsume\/\"]}]},{\"@type\":\"ImageObject\",\"inLanguage\":\"en-US\",\"@id\":\"https:\/\/moyamatcha.com\/en\/produkt\/natsume\/#primaryimage\",\"url\":\"https:\/\/moyamatcha.com\/wp-content\/uploads\/2024\/08\/natsume-1.png\",\"contentUrl\":\"https:\/\/moyamatcha.com\/wp-content\/uploads\/2024\/08\/natsume-1.png\",\"width\":810,\"height\":1213},{\"@type\":\"BreadcrumbList\",\"@id\":\"https:\/\/moyamatcha.com\/en\/produkt\/natsume\/#breadcrumb\",\"itemListElement\":[{\"@type\":\"ListItem\",\"position\":1,\"name\":\"Home\",\"item\":\"https:\/\/moyamatcha.com\/en\/\"},{\"@type\":\"ListItem\",\"position\":2,\"name\":\"Shop\",\"item\":\"https:\/\/moyamatcha.com\/sklep\/\"},{\"@type\":\"ListItem\",\"position\":3,\"name\":\"Accessories\",\"item\":\"https:\/\/moyamatcha.com\/en\/product-category\/accessories-en\/\"},{\"@type\":\"ListItem\",\"position\":4,\"name\":\"Natsume matcha tin can\"}]},{\"@type\":\"WebSite\",\"@id\":\"https:\/\/moyamatcha.com\/en\/#website\",\"url\":\"https:\/\/moyamatcha.com\/en\/\",\"name\":\"MoyaMatcha.com\",\"description\":\"\",\"publisher\":{\"@id\":\"https:\/\/moyamatcha.com\/en\/#organization\"},\"alternateName\":\"Moya Matcha\",\"potentialAction\":[{\"@type\":\"SearchAction\",\"target\":{\"@type\":\"EntryPoint\",\"urlTemplate\":\"https:\/\/moyamatcha.com\/en\/?s={search_term_string}\"},\"query-input\":{\"@type\":\"PropertyValueSpecification\",\"valueRequired\":true,\"valueName\":\"search_term_string\"}}],\"inLanguage\":\"en-US\"},{\"@type\":\"Organization\",\"@id\":\"https:\/\/moyamatcha.com\/en\/#organization\",\"name\":\"MoyaMatcha.com\",\"alternateName\":\"Moya Matcha Polska\",\"url\":\"https:\/\/moyamatcha.com\/en\/\",\"logo\":{\"@type\":\"ImageObject\",\"inLanguage\":\"en-US\",\"@id\":\"https:\/\/moyamatcha.com\/en\/#\/schema\/logo\/image\/\",\"url\":\"https:\/\/moyamatcha.com\/wp-content\/uploads\/2024\/11\/moya-300x297-1.png\",\"contentUrl\":\"https:\/\/moyamatcha.com\/wp-content\/uploads\/2024\/11\/moya-300x297-1.png\",\"width\":300,\"height\":297,\"caption\":\"MoyaMatcha.com\"},\"image\":{\"@id\":\"https:\/\/moyamatcha.com\/en\/#\/schema\/logo\/image\/\"},\"sameAs\":[\"https:\/\/www.facebook.com\/moyamatcha\"]}]}<\/script>\n<!-- \/ Yoast SEO plugin. -->","yoast_head_json":{"title":"Natsume matcha tin can - MoyaMatcha","description":"Gift a loved one a trip to the world of Japanese teas. The Natsume box for storing matcha will bring you closer to the true tea ceremony","robots":{"index":"index","follow":"follow","max-snippet":"max-snippet:-1","max-image-preview":"max-image-preview:large","max-video-preview":"max-video-preview:-1"},"canonical":"https:\/\/moyamatcha.com\/en\/produkt\/natsume\/","og_locale":"en_US","og_type":"article","og_title":"Natsume matcha tin can - MoyaMatcha","og_description":"Gift a loved one a trip to the world of Japanese teas. The Natsume box for storing matcha will bring you closer to the true tea ceremony","og_url":"https:\/\/moyamatcha.com\/en\/produkt\/natsume\/","og_site_name":"MoyaMatcha","article_publisher":"https:\/\/www.facebook.com\/moyamatcha","article_modified_time":"2026-04-15T12:20:53+00:00","og_image":[{"width":810,"height":1213,"url":"https:\/\/moyamatcha.com\/wp-content\/uploads\/2024\/08\/natsume-1.png","type":"image\/png"}],"twitter_card":"summary_large_image","twitter_misc":{"Est. reading time":"2 minutes"},"schema":{"@context":"https:\/\/schema.org","@graph":[{"@type":"WebPage","@id":"https:\/\/moyamatcha.com\/en\/produkt\/natsume\/","url":"https:\/\/moyamatcha.com\/en\/produkt\/natsume\/","name":"Natsume matcha tin can - MoyaMatcha","isPartOf":{"@id":"https:\/\/moyamatcha.com\/en\/#website"},"primaryImageOfPage":{"@id":"https:\/\/moyamatcha.com\/en\/produkt\/natsume\/#primaryimage"},"image":{"@id":"https:\/\/moyamatcha.com\/en\/produkt\/natsume\/#primaryimage"},"thumbnailUrl":"https:\/\/moyamatcha.com\/wp-content\/uploads\/2024\/08\/natsume-1.png","datePublished":"2024-08-17T23:31:56+00:00","dateModified":"2026-04-15T12:20:53+00:00","description":"Gift a loved one a trip to the world of Japanese teas. The Natsume box for storing matcha will bring you closer to the true tea ceremony","breadcrumb":{"@id":"https:\/\/moyamatcha.com\/en\/produkt\/natsume\/#breadcrumb"},"inLanguage":"en-US","potentialAction":[{"@type":"ReadAction","target":["https:\/\/moyamatcha.com\/en\/produkt\/natsume\/"]}]},{"@type":"ImageObject","inLanguage":"en-US","@id":"https:\/\/moyamatcha.com\/en\/produkt\/natsume\/#primaryimage","url":"https:\/\/moyamatcha.com\/wp-content\/uploads\/2024\/08\/natsume-1.png","contentUrl":"https:\/\/moyamatcha.com\/wp-content\/uploads\/2024\/08\/natsume-1.png","width":810,"height":1213},{"@type":"BreadcrumbList","@id":"https:\/\/moyamatcha.com\/en\/produkt\/natsume\/#breadcrumb","itemListElement":[{"@type":"ListItem","position":1,"name":"Home","item":"https:\/\/moyamatcha.com\/en\/"},{"@type":"ListItem","position":2,"name":"Shop","item":"https:\/\/moyamatcha.com\/sklep\/"},{"@type":"ListItem","position":3,"name":"Accessories","item":"https:\/\/moyamatcha.com\/en\/product-category\/accessories-en\/"},{"@type":"ListItem","position":4,"name":"Natsume matcha tin can"}]},{"@type":"WebSite","@id":"https:\/\/moyamatcha.com\/en\/#website","url":"https:\/\/moyamatcha.com\/en\/","name":"MoyaMatcha.com","description":"","publisher":{"@id":"https:\/\/moyamatcha.com\/en\/#organization"},"alternateName":"Moya Matcha","potentialAction":[{"@type":"SearchAction","target":{"@type":"EntryPoint","urlTemplate":"https:\/\/moyamatcha.com\/en\/?s={search_term_string}"},"query-input":{"@type":"PropertyValueSpecification","valueRequired":true,"valueName":"search_term_string"}}],"inLanguage":"en-US"},{"@type":"Organization","@id":"https:\/\/moyamatcha.com\/en\/#organization","name":"MoyaMatcha.com","alternateName":"Moya Matcha Polska","url":"https:\/\/moyamatcha.com\/en\/","logo":{"@type":"ImageObject","inLanguage":"en-US","@id":"https:\/\/moyamatcha.com\/en\/#\/schema\/logo\/image\/","url":"https:\/\/moyamatcha.com\/wp-content\/uploads\/2024\/11\/moya-300x297-1.png","contentUrl":"https:\/\/moyamatcha.com\/wp-content\/uploads\/2024\/11\/moya-300x297-1.png","width":300,"height":297,"caption":"MoyaMatcha.com"},"image":{"@id":"https:\/\/moyamatcha.com\/en\/#\/schema\/logo\/image\/"},"sameAs":["https:\/\/www.facebook.com\/moyamatcha"]}]}},"_links":{"self":[{"href":"https:\/\/moyamatcha.com\/en\/wp-json\/wp\/v2\/product\/4740","targetHints":{"allow":["GET"]}}],"collection":[{"href":"https:\/\/moyamatcha.com\/en\/wp-json\/wp\/v2\/product"}],"about":[{"href":"https:\/\/moyamatcha.com\/en\/wp-json\/wp\/v2\/types\/product"}],"wp:featuredmedia":[{"embeddable":true,"href":"https:\/\/moyamatcha.com\/en\/wp-json\/wp\/v2\/media\/86033"}],"wp:attachment":[{"href":"https:\/\/moyamatcha.com\/en\/wp-json\/wp\/v2\/media?parent=4740"}],"wp:term":[{"taxonomy":"product_brand","embeddable":true,"href":"https:\/\/moyamatcha.com\/en\/wp-json\/wp\/v2\/product_brand?post=4740"},{"taxonomy":"product_cat","embeddable":true,"href":"https:\/\/moyamatcha.com\/en\/wp-json\/wp\/v2\/product_cat?post=4740"},{"taxonomy":"product_tag","embeddable":true,"href":"https:\/\/moyamatcha.com\/en\/wp-json\/wp\/v2\/product_tag?post=4740"}],"curies":[{"name":"wp","href":"https:\/\/api.w.org\/{rel}","templated":true}]}}