{"id":4744,"date":"2024-08-18T01:34:45","date_gmt":"2024-08-17T23:34:45","guid":{"rendered":"https:\/\/moyamatcha.wldevs-stagging.pl\/?post_type=product&#038;p=4744"},"modified":"2025-07-04T12:40:31","modified_gmt":"2025-07-04T10:40:31","slug":"moya-tea-2-josei-mugs-organic-leaf-tea-set","status":"publish","type":"product","link":"https:\/\/moyamatcha.com\/en\/produkt\/moya-tea-2-josei-mugs-organic-leaf-tea-set\/","title":{"rendered":"Moya tea &amp; 2 Josei mugs Organic leaf tea set"},"content":{"rendered":"\n<section class=\"wp-block-group alignfull patternImgText has-light-moss-green-3-background-color has-background is-layout-constrained wp-block-group-is-layout-constrained\">\n<div class=\"wp-block-columns alignfull is-layout-flex wp-container-core-columns-is-layout-c5fdfbfa wp-block-columns-is-layout-flex\" style=\"margin-top:0;margin-right:0;margin-bottom:0;margin-left:0\">\n<div class=\"wp-block-column patternImgText__img is-layout-flow wp-block-column-is-layout-flow\" style=\"flex-basis:50%\">\n<figure class=\"wp-block-image size-full\"><img loading=\"lazy\" decoding=\"async\" width=\"1366\" height=\"2048\" src=\"https:\/\/moyamatcha.com\/wp-content\/uploads\/2024\/10\/moya-kubek-josei-czajnik-nobu.jpg\" alt=\"\" class=\"wp-image-15970\" srcset=\"https:\/\/moyamatcha.com\/wp-content\/uploads\/2024\/10\/moya-kubek-josei-czajnik-nobu.jpg 1366w, https:\/\/moyamatcha.com\/wp-content\/uploads\/2024\/10\/moya-kubek-josei-czajnik-nobu-200x300.jpg 200w, https:\/\/moyamatcha.com\/wp-content\/uploads\/2024\/10\/moya-kubek-josei-czajnik-nobu-768x1151.jpg 768w, https:\/\/moyamatcha.com\/wp-content\/uploads\/2024\/10\/moya-kubek-josei-czajnik-nobu-683x1024.jpg 683w, https:\/\/moyamatcha.com\/wp-content\/uploads\/2024\/10\/moya-kubek-josei-czajnik-nobu-1025x1536.jpg 1025w, https:\/\/moyamatcha.com\/wp-content\/uploads\/2024\/10\/moya-kubek-josei-czajnik-nobu-1224x1835.jpg 1224w, https:\/\/moyamatcha.com\/wp-content\/uploads\/2024\/10\/moya-kubek-josei-czajnik-nobu-912x1367.jpg 912w, https:\/\/moyamatcha.com\/wp-content\/uploads\/2024\/10\/moya-kubek-josei-czajnik-nobu-850x1274.jpg 850w, https:\/\/moyamatcha.com\/wp-content\/uploads\/2024\/10\/moya-kubek-josei-czajnik-nobu-600x900.jpg 600w, https:\/\/moyamatcha.com\/wp-content\/uploads\/2024\/10\/moya-kubek-josei-czajnik-nobu-480x720.jpg 480w, https:\/\/moyamatcha.com\/wp-content\/uploads\/2024\/10\/moya-kubek-josei-czajnik-nobu-372x558.jpg 372w, https:\/\/moyamatcha.com\/wp-content\/uploads\/2024\/10\/moya-kubek-josei-czajnik-nobu-260x390.jpg 260w, https:\/\/moyamatcha.com\/wp-content\/uploads\/2024\/10\/moya-kubek-josei-czajnik-nobu-120x180.jpg 120w, https:\/\/moyamatcha.com\/wp-content\/uploads\/2024\/10\/moya-kubek-josei-czajnik-nobu-90x135.jpg 90w, https:\/\/moyamatcha.com\/wp-content\/uploads\/2024\/10\/moya-kubek-josei-czajnik-nobu-40x60.jpg 40w\" sizes=\"auto, (max-width: 1366px) 100vw, 1366px\" \/><\/figure>\n<\/div>\n\n\n\n<div class=\"wp-block-column patternImgText__text is-layout-flow wp-block-column-is-layout-flow\" style=\"flex-basis:50%\">\n<div class=\"wp-block-group is-vertical is-content-justification-left is-layout-flex wp-container-core-group-is-layout-dd225191 wp-block-group-is-layout-flex\">\n<h2 class=\"wp-block-heading\">Kubek Josei<\/h2>\n\n\n\n<p>Kubek do herbaty zosta\u0142 wykonany r\u0119cznie na kole garncarskim. Wyprodukowany jest z szarej gliny z delikatnym dodatkiem szamotu i szkliwa z glazury wykonanego zgodnie z wielowiekow\u0105 japo\u0144sk\u0105 tradycj\u0105. Przeznaczony jest do picia herbaty li\u015bciastej oraz wszelkich zimnych lub ciep\u0142ych napoj\u00f3w. Nadaje si\u0119 r\u00f3wnie\u017c do picia matchy rozrobionej spieniaczem do mleka. Polecany jest jako uniwersalny prezent dla najbardziej wymagaj\u0105cych fan\u00f3w herbaty i ceramiki.<\/p>\n\n\n\n<p>Kubek Josei powsta\u0142 w limitowanej serii dla MOYA wykonanej przez krakowskie studio ceramiki KOOE. Wyroby KOOE charakteryzuj\u0105 si\u0119 pi\u0119knymi formami oraz wyj\u0105tkow\u0105 wytrzyma\u0142o\u015bci\u0105 ze wzgl\u0119du na wypa\u0142 w wysokiej temperaturze. Ka\u017cdy kubek Josei jest toczony na kole garncarskim i r\u0119cznie szkliwiony, mo\u017ce zatem delikatnie odbiega\u0107 wygl\u0105dem od tego na zdj\u0119ciu.<\/p>\n<\/div>\n<\/div>\n<\/div>\n<\/section>\n\n<section class=\"wp-block-group alignfull patternTextImg is-layout-constrained wp-block-group-is-layout-constrained\">\n<div class=\"wp-block-columns alignfull is-layout-flex wp-container-core-columns-is-layout-c5fdfbfa wp-block-columns-is-layout-flex\" style=\"margin-top:0;margin-right:0;margin-bottom:0;margin-left:0\">\n<div class=\"wp-block-column patternTextImg__text is-layout-flow wp-block-column-is-layout-flow\" style=\"flex-basis:50%\">\n<div class=\"wp-block-group is-vertical is-content-justification-left is-layout-flex wp-container-core-group-is-layout-dd225191 wp-block-group-is-layout-flex\">\n<h2 class=\"wp-block-heading\">Tea set<\/h2>\n\n\n\n<p>Zestaw zawiera dwa kubki Josei i wybran\u0105 herbat\u0119 li\u015bciast\u0105 Moya.<\/p>\n\n\n\n<p><strong>Herbaty dost\u0119pne w zestawie:\u00a0<\/strong>Sencha 60g, Genmaicha 60g, Kukicha 60g, Hojicha 60g, Bancha 60g, Wakocha 60g, Matcha Iri Genmaicha 60g, Yuzu Tea 60g<\/p>\n\n\n\n<p>Opakowanie: Eleganckie czarne kartonowe pude\u0142ko, ze srebrnym logo Moya.<\/p>\n<\/div>\n<\/div>\n\n\n\n<div class=\"wp-block-column patternTextImg__img is-layout-flow wp-block-column-is-layout-flow\" style=\"flex-basis:50%\">\n<figure class=\"wp-block-image size-full\"><img loading=\"lazy\" decoding=\"async\" width=\"1366\" height=\"2048\" src=\"https:\/\/moyamatcha.com\/wp-content\/uploads\/2024\/08\/MM-web-edited-3.jpg\" alt=\"\" class=\"wp-image-16277\" srcset=\"https:\/\/moyamatcha.com\/wp-content\/uploads\/2024\/08\/MM-web-edited-3.jpg 1366w, https:\/\/moyamatcha.com\/wp-content\/uploads\/2024\/08\/MM-web-edited-3-200x300.jpg 200w, https:\/\/moyamatcha.com\/wp-content\/uploads\/2024\/08\/MM-web-edited-3-768x1151.jpg 768w, https:\/\/moyamatcha.com\/wp-content\/uploads\/2024\/08\/MM-web-edited-3-683x1024.jpg 683w, https:\/\/moyamatcha.com\/wp-content\/uploads\/2024\/08\/MM-web-edited-3-1025x1536.jpg 1025w, https:\/\/moyamatcha.com\/wp-content\/uploads\/2024\/08\/MM-web-edited-3-1224x1835.jpg 1224w, https:\/\/moyamatcha.com\/wp-content\/uploads\/2024\/08\/MM-web-edited-3-912x1367.jpg 912w, https:\/\/moyamatcha.com\/wp-content\/uploads\/2024\/08\/MM-web-edited-3-850x1274.jpg 850w, https:\/\/moyamatcha.com\/wp-content\/uploads\/2024\/08\/MM-web-edited-3-600x900.jpg 600w, https:\/\/moyamatcha.com\/wp-content\/uploads\/2024\/08\/MM-web-edited-3-480x720.jpg 480w, https:\/\/moyamatcha.com\/wp-content\/uploads\/2024\/08\/MM-web-edited-3-372x558.jpg 372w, https:\/\/moyamatcha.com\/wp-content\/uploads\/2024\/08\/MM-web-edited-3-260x390.jpg 260w, https:\/\/moyamatcha.com\/wp-content\/uploads\/2024\/08\/MM-web-edited-3-120x180.jpg 120w, https:\/\/moyamatcha.com\/wp-content\/uploads\/2024\/08\/MM-web-edited-3-90x135.jpg 90w, https:\/\/moyamatcha.com\/wp-content\/uploads\/2024\/08\/MM-web-edited-3-40x60.jpg 40w\" sizes=\"auto, (max-width: 1366px) 100vw, 1366px\" \/><\/figure>\n<\/div>\n<\/div>\n<\/section>\n","protected":false},"excerpt":{"rendered":"<div id=\"wp-excerpt-wrap\" class=\"wp-core-ui wp-editor-wrap tmce-active\"><link rel='stylesheet' id='dashicons-css' href='https:\/\/moyamatcha.com\/wp-includes\/css\/dashicons.min.css' type='text\/css' media='all' \/>\n<link rel='stylesheet' id='editor-buttons-css' href='https:\/\/moyamatcha.com\/wp-includes\/css\/editor.min.css' type='text\/css' media='all' \/>\n<style>.wp-editor-container { width: 100% !important; }<\/style>\n<div id=\"wp-excerpt-editor-container\" class=\"wp-editor-container\"><textarea class=\"wp-editor-area\" rows=\"5\" autocomplete=\"off\" cols=\"40\" name=\"excerpt\" id=\"excerpt\">&lt;p&gt;Any Moya leaf tea with handmade ceramic mugs&lt;\/p&gt;<\/textarea><\/div>\n<\/div>\n\n","protected":false},"featured_media":87329,"template":"","meta":{"_acf_changed":true,"inline_featured_image":false},"product_brand":[],"product_cat":[1061,540],"product_tag":[],"class_list":{"0":"post-4744","1":"product","2":"type-product","3":"status-publish","4":"has-post-thumbnail","6":"product_cat-leaf-tea-sets","7":"product_cat-gift-sets","8":"pa_wybierz-herbate-new-bancha-60g-2","9":"pa_wybierz-herbate-new-genmaicha-60g-2","10":"pa_wybierz-herbate-new-hojicha-60g-2","11":"pa_wybierz-herbate-new-kukicha-60g-2","12":"pa_wybierz-herbate-new-matcha-iri-genmaicha-60g-2","13":"pa_wybierz-herbate-new-sencha-60g-2","14":"pa_wybierz-herbate-new-wakocha-60g-2","15":"pa_wybierz-herbate-new-yuzu-tea-60g-2","17":"first","18":"instock","19":"product-type-variable","20":"has-default-attributes"},"acf":[],"yoast_head":"<!-- This site is optimized with the Yoast SEO plugin v27.0 - https:\/\/yoast.com\/product\/yoast-seo-wordpress\/ -->\n<title>Moya tea &amp; 2 Josei mugs Organic leaf tea set - MoyaMatcha<\/title>\n<meta name=\"description\" content=\"Any Moya leaf tea with handmade ceramic mugs\" \/>\n<meta name=\"robots\" content=\"index, follow, max-snippet:-1, max-image-preview:large, max-video-preview:-1\" \/>\n<link rel=\"canonical\" href=\"https:\/\/moyamatcha.com\/en\/produkt\/moya-tea-2-josei-mugs-organic-leaf-tea-set\/\" \/>\n<meta property=\"og:locale\" content=\"en_US\" \/>\n<meta property=\"og:type\" content=\"article\" \/>\n<meta property=\"og:title\" content=\"Moya tea &amp; 2 Josei mugs Organic leaf tea set - MoyaMatcha\" \/>\n<meta property=\"og:description\" content=\"Any Moya leaf tea with handmade ceramic mugs\" \/>\n<meta property=\"og:url\" content=\"https:\/\/moyamatcha.com\/en\/produkt\/moya-tea-2-josei-mugs-organic-leaf-tea-set\/\" \/>\n<meta property=\"og:site_name\" content=\"MoyaMatcha\" \/>\n<meta property=\"article:publisher\" content=\"https:\/\/www.facebook.com\/moyamatcha\" \/>\n<meta property=\"article:modified_time\" content=\"2025-07-04T10:40:31+00:00\" \/>\n<meta property=\"og:image\" content=\"https:\/\/moyamatcha.com\/wp-content\/uploads\/2024\/08\/zestaw-herbata-lisciasta-2-kubki-josei.png\" \/>\n\t<meta property=\"og:image:width\" content=\"810\" \/>\n\t<meta property=\"og:image:height\" content=\"1213\" \/>\n\t<meta property=\"og:image:type\" content=\"image\/png\" \/>\n<meta name=\"twitter:card\" content=\"summary_large_image\" \/>\n<meta name=\"twitter:label1\" content=\"Est. reading time\" \/>\n\t<meta name=\"twitter:data1\" content=\"3 minutes\" \/>\n<script type=\"application\/ld+json\" class=\"yoast-schema-graph\">{\"@context\":\"https:\/\/schema.org\",\"@graph\":[{\"@type\":\"WebPage\",\"@id\":\"https:\/\/moyamatcha.com\/en\/produkt\/moya-tea-2-josei-mugs-organic-leaf-tea-set\/\",\"url\":\"https:\/\/moyamatcha.com\/en\/produkt\/moya-tea-2-josei-mugs-organic-leaf-tea-set\/\",\"name\":\"Moya tea &amp; 2 Josei mugs Organic leaf tea set - MoyaMatcha\",\"isPartOf\":{\"@id\":\"https:\/\/moyamatcha.com\/en\/#website\"},\"primaryImageOfPage\":{\"@id\":\"https:\/\/moyamatcha.com\/en\/produkt\/moya-tea-2-josei-mugs-organic-leaf-tea-set\/#primaryimage\"},\"image\":{\"@id\":\"https:\/\/moyamatcha.com\/en\/produkt\/moya-tea-2-josei-mugs-organic-leaf-tea-set\/#primaryimage\"},\"thumbnailUrl\":\"https:\/\/moyamatcha.com\/wp-content\/uploads\/2024\/08\/zestaw-herbata-lisciasta-2-kubki-josei.png\",\"datePublished\":\"2024-08-17T23:34:45+00:00\",\"dateModified\":\"2025-07-04T10:40:31+00:00\",\"description\":\"Any Moya leaf tea with handmade ceramic mugs\",\"breadcrumb\":{\"@id\":\"https:\/\/moyamatcha.com\/en\/produkt\/moya-tea-2-josei-mugs-organic-leaf-tea-set\/#breadcrumb\"},\"inLanguage\":\"en-US\",\"potentialAction\":[{\"@type\":\"ReadAction\",\"target\":[\"https:\/\/moyamatcha.com\/en\/produkt\/moya-tea-2-josei-mugs-organic-leaf-tea-set\/\"]}]},{\"@type\":\"ImageObject\",\"inLanguage\":\"en-US\",\"@id\":\"https:\/\/moyamatcha.com\/en\/produkt\/moya-tea-2-josei-mugs-organic-leaf-tea-set\/#primaryimage\",\"url\":\"https:\/\/moyamatcha.com\/wp-content\/uploads\/2024\/08\/zestaw-herbata-lisciasta-2-kubki-josei.png\",\"contentUrl\":\"https:\/\/moyamatcha.com\/wp-content\/uploads\/2024\/08\/zestaw-herbata-lisciasta-2-kubki-josei.png\",\"width\":810,\"height\":1213},{\"@type\":\"BreadcrumbList\",\"@id\":\"https:\/\/moyamatcha.com\/en\/produkt\/moya-tea-2-josei-mugs-organic-leaf-tea-set\/#breadcrumb\",\"itemListElement\":[{\"@type\":\"ListItem\",\"position\":1,\"name\":\"Home\",\"item\":\"https:\/\/moyamatcha.com\/en\/\"},{\"@type\":\"ListItem\",\"position\":2,\"name\":\"Shop\",\"item\":\"https:\/\/moyamatcha.com\/sklep\/\"},{\"@type\":\"ListItem\",\"position\":3,\"name\":\"Presents\",\"item\":\"https:\/\/moyamatcha.com\/en\/product-category\/presents\/\"},{\"@type\":\"ListItem\",\"position\":4,\"name\":\"Gift sets\",\"item\":\"https:\/\/moyamatcha.com\/en\/product-category\/presents\/gift-sets\/\"},{\"@type\":\"ListItem\",\"position\":5,\"name\":\"Moya tea &amp; 2 Josei mugs Organic leaf tea set\"}]},{\"@type\":\"WebSite\",\"@id\":\"https:\/\/moyamatcha.com\/en\/#website\",\"url\":\"https:\/\/moyamatcha.com\/en\/\",\"name\":\"MoyaMatcha.com\",\"description\":\"\",\"publisher\":{\"@id\":\"https:\/\/moyamatcha.com\/en\/#organization\"},\"alternateName\":\"Moya Matcha\",\"potentialAction\":[{\"@type\":\"SearchAction\",\"target\":{\"@type\":\"EntryPoint\",\"urlTemplate\":\"https:\/\/moyamatcha.com\/en\/?s={search_term_string}\"},\"query-input\":{\"@type\":\"PropertyValueSpecification\",\"valueRequired\":true,\"valueName\":\"search_term_string\"}}],\"inLanguage\":\"en-US\"},{\"@type\":\"Organization\",\"@id\":\"https:\/\/moyamatcha.com\/en\/#organization\",\"name\":\"MoyaMatcha.com\",\"alternateName\":\"Moya Matcha Polska\",\"url\":\"https:\/\/moyamatcha.com\/en\/\",\"logo\":{\"@type\":\"ImageObject\",\"inLanguage\":\"en-US\",\"@id\":\"https:\/\/moyamatcha.com\/en\/#\/schema\/logo\/image\/\",\"url\":\"https:\/\/moyamatcha.com\/wp-content\/uploads\/2024\/11\/moya-300x297-1.png\",\"contentUrl\":\"https:\/\/moyamatcha.com\/wp-content\/uploads\/2024\/11\/moya-300x297-1.png\",\"width\":300,\"height\":297,\"caption\":\"MoyaMatcha.com\"},\"image\":{\"@id\":\"https:\/\/moyamatcha.com\/en\/#\/schema\/logo\/image\/\"},\"sameAs\":[\"https:\/\/www.facebook.com\/moyamatcha\"]}]}<\/script>\n<!-- \/ Yoast SEO plugin. -->","yoast_head_json":{"title":"Moya tea &amp; 2 Josei mugs Organic leaf tea set - MoyaMatcha","description":"Any Moya leaf tea with handmade ceramic mugs","robots":{"index":"index","follow":"follow","max-snippet":"max-snippet:-1","max-image-preview":"max-image-preview:large","max-video-preview":"max-video-preview:-1"},"canonical":"https:\/\/moyamatcha.com\/en\/produkt\/moya-tea-2-josei-mugs-organic-leaf-tea-set\/","og_locale":"en_US","og_type":"article","og_title":"Moya tea &amp; 2 Josei mugs Organic leaf tea set - MoyaMatcha","og_description":"Any Moya leaf tea with handmade ceramic mugs","og_url":"https:\/\/moyamatcha.com\/en\/produkt\/moya-tea-2-josei-mugs-organic-leaf-tea-set\/","og_site_name":"MoyaMatcha","article_publisher":"https:\/\/www.facebook.com\/moyamatcha","article_modified_time":"2025-07-04T10:40:31+00:00","og_image":[{"width":810,"height":1213,"url":"https:\/\/moyamatcha.com\/wp-content\/uploads\/2024\/08\/zestaw-herbata-lisciasta-2-kubki-josei.png","type":"image\/png"}],"twitter_card":"summary_large_image","twitter_misc":{"Est. reading time":"3 minutes"},"schema":{"@context":"https:\/\/schema.org","@graph":[{"@type":"WebPage","@id":"https:\/\/moyamatcha.com\/en\/produkt\/moya-tea-2-josei-mugs-organic-leaf-tea-set\/","url":"https:\/\/moyamatcha.com\/en\/produkt\/moya-tea-2-josei-mugs-organic-leaf-tea-set\/","name":"Moya tea &amp; 2 Josei mugs Organic leaf tea set - MoyaMatcha","isPartOf":{"@id":"https:\/\/moyamatcha.com\/en\/#website"},"primaryImageOfPage":{"@id":"https:\/\/moyamatcha.com\/en\/produkt\/moya-tea-2-josei-mugs-organic-leaf-tea-set\/#primaryimage"},"image":{"@id":"https:\/\/moyamatcha.com\/en\/produkt\/moya-tea-2-josei-mugs-organic-leaf-tea-set\/#primaryimage"},"thumbnailUrl":"https:\/\/moyamatcha.com\/wp-content\/uploads\/2024\/08\/zestaw-herbata-lisciasta-2-kubki-josei.png","datePublished":"2024-08-17T23:34:45+00:00","dateModified":"2025-07-04T10:40:31+00:00","description":"Any Moya leaf tea with handmade ceramic mugs","breadcrumb":{"@id":"https:\/\/moyamatcha.com\/en\/produkt\/moya-tea-2-josei-mugs-organic-leaf-tea-set\/#breadcrumb"},"inLanguage":"en-US","potentialAction":[{"@type":"ReadAction","target":["https:\/\/moyamatcha.com\/en\/produkt\/moya-tea-2-josei-mugs-organic-leaf-tea-set\/"]}]},{"@type":"ImageObject","inLanguage":"en-US","@id":"https:\/\/moyamatcha.com\/en\/produkt\/moya-tea-2-josei-mugs-organic-leaf-tea-set\/#primaryimage","url":"https:\/\/moyamatcha.com\/wp-content\/uploads\/2024\/08\/zestaw-herbata-lisciasta-2-kubki-josei.png","contentUrl":"https:\/\/moyamatcha.com\/wp-content\/uploads\/2024\/08\/zestaw-herbata-lisciasta-2-kubki-josei.png","width":810,"height":1213},{"@type":"BreadcrumbList","@id":"https:\/\/moyamatcha.com\/en\/produkt\/moya-tea-2-josei-mugs-organic-leaf-tea-set\/#breadcrumb","itemListElement":[{"@type":"ListItem","position":1,"name":"Home","item":"https:\/\/moyamatcha.com\/en\/"},{"@type":"ListItem","position":2,"name":"Shop","item":"https:\/\/moyamatcha.com\/sklep\/"},{"@type":"ListItem","position":3,"name":"Presents","item":"https:\/\/moyamatcha.com\/en\/product-category\/presents\/"},{"@type":"ListItem","position":4,"name":"Gift sets","item":"https:\/\/moyamatcha.com\/en\/product-category\/presents\/gift-sets\/"},{"@type":"ListItem","position":5,"name":"Moya tea &amp; 2 Josei mugs Organic leaf tea set"}]},{"@type":"WebSite","@id":"https:\/\/moyamatcha.com\/en\/#website","url":"https:\/\/moyamatcha.com\/en\/","name":"MoyaMatcha.com","description":"","publisher":{"@id":"https:\/\/moyamatcha.com\/en\/#organization"},"alternateName":"Moya Matcha","potentialAction":[{"@type":"SearchAction","target":{"@type":"EntryPoint","urlTemplate":"https:\/\/moyamatcha.com\/en\/?s={search_term_string}"},"query-input":{"@type":"PropertyValueSpecification","valueRequired":true,"valueName":"search_term_string"}}],"inLanguage":"en-US"},{"@type":"Organization","@id":"https:\/\/moyamatcha.com\/en\/#organization","name":"MoyaMatcha.com","alternateName":"Moya Matcha Polska","url":"https:\/\/moyamatcha.com\/en\/","logo":{"@type":"ImageObject","inLanguage":"en-US","@id":"https:\/\/moyamatcha.com\/en\/#\/schema\/logo\/image\/","url":"https:\/\/moyamatcha.com\/wp-content\/uploads\/2024\/11\/moya-300x297-1.png","contentUrl":"https:\/\/moyamatcha.com\/wp-content\/uploads\/2024\/11\/moya-300x297-1.png","width":300,"height":297,"caption":"MoyaMatcha.com"},"image":{"@id":"https:\/\/moyamatcha.com\/en\/#\/schema\/logo\/image\/"},"sameAs":["https:\/\/www.facebook.com\/moyamatcha"]}]}},"_links":{"self":[{"href":"https:\/\/moyamatcha.com\/en\/wp-json\/wp\/v2\/product\/4744","targetHints":{"allow":["GET"]}}],"collection":[{"href":"https:\/\/moyamatcha.com\/en\/wp-json\/wp\/v2\/product"}],"about":[{"href":"https:\/\/moyamatcha.com\/en\/wp-json\/wp\/v2\/types\/product"}],"wp:featuredmedia":[{"embeddable":true,"href":"https:\/\/moyamatcha.com\/en\/wp-json\/wp\/v2\/media\/87329"}],"wp:attachment":[{"href":"https:\/\/moyamatcha.com\/en\/wp-json\/wp\/v2\/media?parent=4744"}],"wp:term":[{"taxonomy":"product_brand","embeddable":true,"href":"https:\/\/moyamatcha.com\/en\/wp-json\/wp\/v2\/product_brand?post=4744"},{"taxonomy":"product_cat","embeddable":true,"href":"https:\/\/moyamatcha.com\/en\/wp-json\/wp\/v2\/product_cat?post=4744"},{"taxonomy":"product_tag","embeddable":true,"href":"https:\/\/moyamatcha.com\/en\/wp-json\/wp\/v2\/product_tag?post=4744"}],"curies":[{"name":"wp","href":"https:\/\/api.w.org\/{rel}","templated":true}]}}