{"id":5154,"date":"2024-08-18T01:47:00","date_gmt":"2024-08-17T23:47:00","guid":{"rendered":"https:\/\/moyamatcha.wldevs-stagging.pl\/?post_type=product&#038;p=5154"},"modified":"2026-04-25T22:02:52","modified_gmt":"2026-04-25T20:02:52","slug":"electric-foamer","status":"publish","type":"product","link":"https:\/\/moyamatcha.com\/en\/produkt\/electric-foamer\/","title":{"rendered":"Electric foamer"},"content":{"rendered":"\n<section class=\"wp-block-group alignfull patternImgText has-light-moss-green-3-background-color has-background is-layout-constrained wp-block-group-is-layout-constrained\">\n<div class=\"wp-block-columns alignfull is-layout-flex wp-container-core-columns-is-layout-c5fdfbfa wp-block-columns-is-layout-flex\" style=\"margin-top:0;margin-right:0;margin-bottom:0;margin-left:0\">\n<div class=\"wp-block-column patternImgText__img is-layout-flow wp-block-column-is-layout-flow\" style=\"flex-basis:50%\">\n<figure class=\"wp-block-image size-full\"><img loading=\"lazy\" decoding=\"async\" width=\"1366\" height=\"2048\" src=\"https:\/\/moyamatcha.com\/wp-content\/uploads\/2024\/10\/moya-spieniacz-do-matchy-i-mleka.jpg\" alt=\"Spieniacz do matchy elektryczny\" class=\"wp-image-16156\" srcset=\"https:\/\/moyamatcha.com\/wp-content\/uploads\/2024\/10\/moya-spieniacz-do-matchy-i-mleka.jpg 1366w, https:\/\/moyamatcha.com\/wp-content\/uploads\/2024\/10\/moya-spieniacz-do-matchy-i-mleka-200x300.jpg 200w, https:\/\/moyamatcha.com\/wp-content\/uploads\/2024\/10\/moya-spieniacz-do-matchy-i-mleka-768x1151.jpg 768w, https:\/\/moyamatcha.com\/wp-content\/uploads\/2024\/10\/moya-spieniacz-do-matchy-i-mleka-683x1024.jpg 683w, https:\/\/moyamatcha.com\/wp-content\/uploads\/2024\/10\/moya-spieniacz-do-matchy-i-mleka-1025x1536.jpg 1025w, https:\/\/moyamatcha.com\/wp-content\/uploads\/2024\/10\/moya-spieniacz-do-matchy-i-mleka-1224x1835.jpg 1224w, https:\/\/moyamatcha.com\/wp-content\/uploads\/2024\/10\/moya-spieniacz-do-matchy-i-mleka-912x1367.jpg 912w, https:\/\/moyamatcha.com\/wp-content\/uploads\/2024\/10\/moya-spieniacz-do-matchy-i-mleka-850x1274.jpg 850w, https:\/\/moyamatcha.com\/wp-content\/uploads\/2024\/10\/moya-spieniacz-do-matchy-i-mleka-600x900.jpg 600w, https:\/\/moyamatcha.com\/wp-content\/uploads\/2024\/10\/moya-spieniacz-do-matchy-i-mleka-480x720.jpg 480w, https:\/\/moyamatcha.com\/wp-content\/uploads\/2024\/10\/moya-spieniacz-do-matchy-i-mleka-372x558.jpg 372w, https:\/\/moyamatcha.com\/wp-content\/uploads\/2024\/10\/moya-spieniacz-do-matchy-i-mleka-260x390.jpg 260w, https:\/\/moyamatcha.com\/wp-content\/uploads\/2024\/10\/moya-spieniacz-do-matchy-i-mleka-120x180.jpg 120w, https:\/\/moyamatcha.com\/wp-content\/uploads\/2024\/10\/moya-spieniacz-do-matchy-i-mleka-90x135.jpg 90w, https:\/\/moyamatcha.com\/wp-content\/uploads\/2024\/10\/moya-spieniacz-do-matchy-i-mleka-40x60.jpg 40w\" sizes=\"auto, (max-width: 1366px) 100vw, 1366px\" \/><\/figure>\n<\/div>\n\n\n\n<div class=\"wp-block-column patternImgText__text is-layout-flow wp-block-column-is-layout-flow\" style=\"flex-basis:50%\">\n<div class=\"wp-block-group is-vertical is-content-justification-left is-layout-flex wp-container-core-group-is-layout-dd225191 wp-block-group-is-layout-flex\">\n<h2 class=\"wp-block-heading\">Spieniacz do matchy elektryczny<\/h2>\n\n\n\n<p>Je\u015bli szukasz szybkiego sposobu na przygotowanie matchy, a nie do ko\u0144ca lubisz si\u0119 z bambusow\u0105 miote\u0142k\u0105, mamy dla Ciebie idealny gad\u017cet. Elektryczny spieniacz do matchy Moya pozwoli Ci na b\u0142yskawiczne przygotowanie Twojego ulubionego napoju z idealn\u0105 zielon\u0105 piank\u0105. Dzi\u0119ki kompaktowej budowie mo\u017cesz w\u0142o\u017cy\u0107 go do torebki i zabra\u0107 ze sob\u0105.<\/p>\n\n\n\n<p>Po u\u017cyciu, op\u0142ucz spieniacz i pozostaw do wyschni\u0119cia. Urz\u0105dzenie zasilane jest trzema bateriami AAA, dlatego nie mo\u017cna my\u0107 go w zmywarce. <br\/>Nie do\u0142\u0105czamy baterii do produktu.<\/p>\n\n\n\n<p>Do\u0142\u0105cz spieniacz do swoich akcesori\u00f3w i zr\u00f3b match\u0119 idealn\u0105. Zobacz pozosta\u0142e akcesoria do matchy <a href=\"https:\/\/moyamatcha.com\/kategoria-produktu\/akcesoria\/akcesoria-do-matchy\/\"><strong>na naszej stronie.<\/strong><\/a><\/p>\n<\/div>\n<\/div>\n<\/div>\n<\/section>\n","protected":false},"excerpt":{"rendered":"<div id=\"wp-excerpt-wrap\" class=\"wp-core-ui wp-editor-wrap tmce-active\"><link rel='stylesheet' id='dashicons-css' href='https:\/\/moyamatcha.com\/wp-includes\/css\/dashicons.min.css' type='text\/css' media='all' \/>\n<link rel='stylesheet' id='editor-buttons-css' href='https:\/\/moyamatcha.com\/wp-includes\/css\/editor.min.css' type='text\/css' media='all' \/>\n<style>.wp-editor-container { width: 100% !important; }<\/style>\n<div id=\"wp-excerpt-editor-container\" class=\"wp-editor-container\"><textarea class=\"wp-editor-area\" rows=\"5\" autocomplete=\"off\" cols=\"40\" name=\"excerpt\" id=\"excerpt\">Moya electric frother will allow you to instantly prepare your favorite beverage with perfect green foam<\/textarea><\/div>\n<\/div>\n\n","protected":false},"featured_media":85331,"template":"","meta":{"_acf_changed":true,"inline_featured_image":false},"product_brand":[],"product_cat":[427,428,1088,1094],"product_tag":[],"class_list":{"0":"post-5154","1":"product","2":"type-product","3":"status-publish","4":"has-post-thumbnail","6":"product_cat-accessories-en","7":"product_cat-matcha-accessories","8":"product_cat-other-matcha-accessories","9":"product_cat-bestsellers","11":"first","12":"instock","13":"purchasable","14":"product-type-simple"},"acf":[],"yoast_head":"<!-- This site is optimized with the Yoast SEO plugin v27.0 - https:\/\/yoast.com\/product\/yoast-seo-wordpress\/ -->\n<title>Electric foamer - MoyaMatcha<\/title>\n<meta name=\"description\" content=\"Moya electric frother will allow you to instantly prepare your favorite beverage with perfect green foam\" \/>\n<meta name=\"robots\" content=\"index, follow, max-snippet:-1, max-image-preview:large, max-video-preview:-1\" \/>\n<link rel=\"canonical\" href=\"https:\/\/moyamatcha.com\/en\/produkt\/electric-foamer\/\" \/>\n<meta property=\"og:locale\" content=\"en_US\" \/>\n<meta property=\"og:type\" content=\"article\" \/>\n<meta property=\"og:title\" content=\"Electric foamer - MoyaMatcha\" \/>\n<meta property=\"og:description\" content=\"Moya electric frother will allow you to instantly prepare your favorite beverage with perfect green foam\" \/>\n<meta property=\"og:url\" content=\"https:\/\/moyamatcha.com\/en\/produkt\/electric-foamer\/\" \/>\n<meta property=\"og:site_name\" content=\"MoyaMatcha\" \/>\n<meta property=\"article:publisher\" content=\"https:\/\/www.facebook.com\/moyamatcha\" \/>\n<meta property=\"article:modified_time\" content=\"2026-04-25T20:02:52+00:00\" \/>\n<meta property=\"og:image\" content=\"https:\/\/moyamatcha.com\/wp-content\/uploads\/2024\/08\/moya-matcha-elektryczny-spieniacz-do-matchy-1.png\" \/>\n\t<meta property=\"og:image:width\" content=\"1080\" \/>\n\t<meta property=\"og:image:height\" content=\"1618\" \/>\n\t<meta property=\"og:image:type\" content=\"image\/png\" \/>\n<meta name=\"twitter:card\" content=\"summary_large_image\" \/>\n<meta name=\"twitter:label1\" content=\"Est. reading time\" \/>\n\t<meta name=\"twitter:data1\" content=\"1 minute\" \/>\n<script type=\"application\/ld+json\" class=\"yoast-schema-graph\">{\"@context\":\"https:\/\/schema.org\",\"@graph\":[{\"@type\":\"WebPage\",\"@id\":\"https:\/\/moyamatcha.com\/en\/produkt\/electric-foamer\/\",\"url\":\"https:\/\/moyamatcha.com\/en\/produkt\/electric-foamer\/\",\"name\":\"Electric foamer - MoyaMatcha\",\"isPartOf\":{\"@id\":\"https:\/\/moyamatcha.com\/en\/#website\"},\"primaryImageOfPage\":{\"@id\":\"https:\/\/moyamatcha.com\/en\/produkt\/electric-foamer\/#primaryimage\"},\"image\":{\"@id\":\"https:\/\/moyamatcha.com\/en\/produkt\/electric-foamer\/#primaryimage\"},\"thumbnailUrl\":\"https:\/\/moyamatcha.com\/wp-content\/uploads\/2024\/08\/moya-matcha-elektryczny-spieniacz-do-matchy-1.png\",\"datePublished\":\"2024-08-17T23:47:00+00:00\",\"dateModified\":\"2026-04-25T20:02:52+00:00\",\"description\":\"Moya electric frother will allow you to instantly prepare your favorite beverage with perfect green foam\",\"breadcrumb\":{\"@id\":\"https:\/\/moyamatcha.com\/en\/produkt\/electric-foamer\/#breadcrumb\"},\"inLanguage\":\"en-US\",\"potentialAction\":[{\"@type\":\"ReadAction\",\"target\":[\"https:\/\/moyamatcha.com\/en\/produkt\/electric-foamer\/\"]}]},{\"@type\":\"ImageObject\",\"inLanguage\":\"en-US\",\"@id\":\"https:\/\/moyamatcha.com\/en\/produkt\/electric-foamer\/#primaryimage\",\"url\":\"https:\/\/moyamatcha.com\/wp-content\/uploads\/2024\/08\/moya-matcha-elektryczny-spieniacz-do-matchy-1.png\",\"contentUrl\":\"https:\/\/moyamatcha.com\/wp-content\/uploads\/2024\/08\/moya-matcha-elektryczny-spieniacz-do-matchy-1.png\",\"width\":1080,\"height\":1618,\"caption\":\"Spieniacz do matchy elektryczny\"},{\"@type\":\"BreadcrumbList\",\"@id\":\"https:\/\/moyamatcha.com\/en\/produkt\/electric-foamer\/#breadcrumb\",\"itemListElement\":[{\"@type\":\"ListItem\",\"position\":1,\"name\":\"Home\",\"item\":\"https:\/\/moyamatcha.com\/en\/\"},{\"@type\":\"ListItem\",\"position\":2,\"name\":\"Shop\",\"item\":\"https:\/\/moyamatcha.com\/sklep\/\"},{\"@type\":\"ListItem\",\"position\":3,\"name\":\"Accessories\",\"item\":\"https:\/\/moyamatcha.com\/en\/product-category\/accessories-en\/\"},{\"@type\":\"ListItem\",\"position\":4,\"name\":\"Electric foamer\"}]},{\"@type\":\"WebSite\",\"@id\":\"https:\/\/moyamatcha.com\/en\/#website\",\"url\":\"https:\/\/moyamatcha.com\/en\/\",\"name\":\"MoyaMatcha.com\",\"description\":\"\",\"publisher\":{\"@id\":\"https:\/\/moyamatcha.com\/en\/#organization\"},\"alternateName\":\"Moya Matcha\",\"potentialAction\":[{\"@type\":\"SearchAction\",\"target\":{\"@type\":\"EntryPoint\",\"urlTemplate\":\"https:\/\/moyamatcha.com\/en\/?s={search_term_string}\"},\"query-input\":{\"@type\":\"PropertyValueSpecification\",\"valueRequired\":true,\"valueName\":\"search_term_string\"}}],\"inLanguage\":\"en-US\"},{\"@type\":\"Organization\",\"@id\":\"https:\/\/moyamatcha.com\/en\/#organization\",\"name\":\"MoyaMatcha.com\",\"alternateName\":\"Moya Matcha Polska\",\"url\":\"https:\/\/moyamatcha.com\/en\/\",\"logo\":{\"@type\":\"ImageObject\",\"inLanguage\":\"en-US\",\"@id\":\"https:\/\/moyamatcha.com\/en\/#\/schema\/logo\/image\/\",\"url\":\"https:\/\/moyamatcha.com\/wp-content\/uploads\/2024\/11\/moya-300x297-1.png\",\"contentUrl\":\"https:\/\/moyamatcha.com\/wp-content\/uploads\/2024\/11\/moya-300x297-1.png\",\"width\":300,\"height\":297,\"caption\":\"MoyaMatcha.com\"},\"image\":{\"@id\":\"https:\/\/moyamatcha.com\/en\/#\/schema\/logo\/image\/\"},\"sameAs\":[\"https:\/\/www.facebook.com\/moyamatcha\"]}]}<\/script>\n<!-- \/ Yoast SEO plugin. -->","yoast_head_json":{"title":"Electric foamer - MoyaMatcha","description":"Moya electric frother will allow you to instantly prepare your favorite beverage with perfect green foam","robots":{"index":"index","follow":"follow","max-snippet":"max-snippet:-1","max-image-preview":"max-image-preview:large","max-video-preview":"max-video-preview:-1"},"canonical":"https:\/\/moyamatcha.com\/en\/produkt\/electric-foamer\/","og_locale":"en_US","og_type":"article","og_title":"Electric foamer - MoyaMatcha","og_description":"Moya electric frother will allow you to instantly prepare your favorite beverage with perfect green foam","og_url":"https:\/\/moyamatcha.com\/en\/produkt\/electric-foamer\/","og_site_name":"MoyaMatcha","article_publisher":"https:\/\/www.facebook.com\/moyamatcha","article_modified_time":"2026-04-25T20:02:52+00:00","og_image":[{"width":1080,"height":1618,"url":"https:\/\/moyamatcha.com\/wp-content\/uploads\/2024\/08\/moya-matcha-elektryczny-spieniacz-do-matchy-1.png","type":"image\/png"}],"twitter_card":"summary_large_image","twitter_misc":{"Est. reading time":"1 minute"},"schema":{"@context":"https:\/\/schema.org","@graph":[{"@type":"WebPage","@id":"https:\/\/moyamatcha.com\/en\/produkt\/electric-foamer\/","url":"https:\/\/moyamatcha.com\/en\/produkt\/electric-foamer\/","name":"Electric foamer - MoyaMatcha","isPartOf":{"@id":"https:\/\/moyamatcha.com\/en\/#website"},"primaryImageOfPage":{"@id":"https:\/\/moyamatcha.com\/en\/produkt\/electric-foamer\/#primaryimage"},"image":{"@id":"https:\/\/moyamatcha.com\/en\/produkt\/electric-foamer\/#primaryimage"},"thumbnailUrl":"https:\/\/moyamatcha.com\/wp-content\/uploads\/2024\/08\/moya-matcha-elektryczny-spieniacz-do-matchy-1.png","datePublished":"2024-08-17T23:47:00+00:00","dateModified":"2026-04-25T20:02:52+00:00","description":"Moya electric frother will allow you to instantly prepare your favorite beverage with perfect green foam","breadcrumb":{"@id":"https:\/\/moyamatcha.com\/en\/produkt\/electric-foamer\/#breadcrumb"},"inLanguage":"en-US","potentialAction":[{"@type":"ReadAction","target":["https:\/\/moyamatcha.com\/en\/produkt\/electric-foamer\/"]}]},{"@type":"ImageObject","inLanguage":"en-US","@id":"https:\/\/moyamatcha.com\/en\/produkt\/electric-foamer\/#primaryimage","url":"https:\/\/moyamatcha.com\/wp-content\/uploads\/2024\/08\/moya-matcha-elektryczny-spieniacz-do-matchy-1.png","contentUrl":"https:\/\/moyamatcha.com\/wp-content\/uploads\/2024\/08\/moya-matcha-elektryczny-spieniacz-do-matchy-1.png","width":1080,"height":1618,"caption":"Spieniacz do matchy elektryczny"},{"@type":"BreadcrumbList","@id":"https:\/\/moyamatcha.com\/en\/produkt\/electric-foamer\/#breadcrumb","itemListElement":[{"@type":"ListItem","position":1,"name":"Home","item":"https:\/\/moyamatcha.com\/en\/"},{"@type":"ListItem","position":2,"name":"Shop","item":"https:\/\/moyamatcha.com\/sklep\/"},{"@type":"ListItem","position":3,"name":"Accessories","item":"https:\/\/moyamatcha.com\/en\/product-category\/accessories-en\/"},{"@type":"ListItem","position":4,"name":"Electric foamer"}]},{"@type":"WebSite","@id":"https:\/\/moyamatcha.com\/en\/#website","url":"https:\/\/moyamatcha.com\/en\/","name":"MoyaMatcha.com","description":"","publisher":{"@id":"https:\/\/moyamatcha.com\/en\/#organization"},"alternateName":"Moya Matcha","potentialAction":[{"@type":"SearchAction","target":{"@type":"EntryPoint","urlTemplate":"https:\/\/moyamatcha.com\/en\/?s={search_term_string}"},"query-input":{"@type":"PropertyValueSpecification","valueRequired":true,"valueName":"search_term_string"}}],"inLanguage":"en-US"},{"@type":"Organization","@id":"https:\/\/moyamatcha.com\/en\/#organization","name":"MoyaMatcha.com","alternateName":"Moya Matcha Polska","url":"https:\/\/moyamatcha.com\/en\/","logo":{"@type":"ImageObject","inLanguage":"en-US","@id":"https:\/\/moyamatcha.com\/en\/#\/schema\/logo\/image\/","url":"https:\/\/moyamatcha.com\/wp-content\/uploads\/2024\/11\/moya-300x297-1.png","contentUrl":"https:\/\/moyamatcha.com\/wp-content\/uploads\/2024\/11\/moya-300x297-1.png","width":300,"height":297,"caption":"MoyaMatcha.com"},"image":{"@id":"https:\/\/moyamatcha.com\/en\/#\/schema\/logo\/image\/"},"sameAs":["https:\/\/www.facebook.com\/moyamatcha"]}]}},"_links":{"self":[{"href":"https:\/\/moyamatcha.com\/en\/wp-json\/wp\/v2\/product\/5154","targetHints":{"allow":["GET"]}}],"collection":[{"href":"https:\/\/moyamatcha.com\/en\/wp-json\/wp\/v2\/product"}],"about":[{"href":"https:\/\/moyamatcha.com\/en\/wp-json\/wp\/v2\/types\/product"}],"wp:featuredmedia":[{"embeddable":true,"href":"https:\/\/moyamatcha.com\/en\/wp-json\/wp\/v2\/media\/85331"}],"wp:attachment":[{"href":"https:\/\/moyamatcha.com\/en\/wp-json\/wp\/v2\/media?parent=5154"}],"wp:term":[{"taxonomy":"product_brand","embeddable":true,"href":"https:\/\/moyamatcha.com\/en\/wp-json\/wp\/v2\/product_brand?post=5154"},{"taxonomy":"product_cat","embeddable":true,"href":"https:\/\/moyamatcha.com\/en\/wp-json\/wp\/v2\/product_cat?post=5154"},{"taxonomy":"product_tag","embeddable":true,"href":"https:\/\/moyamatcha.com\/en\/wp-json\/wp\/v2\/product_tag?post=5154"}],"curies":[{"name":"wp","href":"https:\/\/api.w.org\/{rel}","templated":true}]}}