{"id":5284,"date":"2024-09-09T03:10:40","date_gmt":"2024-09-09T01:10:40","guid":{"rendered":"https:\/\/moyamatcha.wldevs-stagging.pl\/?post_type=product&#038;p=5284"},"modified":"2026-04-22T14:20:52","modified_gmt":"2026-04-22T12:20:52","slug":"kemuri-japanese-teapot","status":"publish","type":"product","link":"https:\/\/moyamatcha.com\/en\/produkt\/kemuri-japanese-teapot\/","title":{"rendered":"Kemuri japanese teapot"},"content":{"rendered":"\n<section class=\"wp-block-group alignfull patternImgText has-light-moss-green-3-background-color has-background is-layout-constrained wp-block-group-is-layout-constrained\">\n<div class=\"wp-block-columns alignfull is-layout-flex wp-container-core-columns-is-layout-c5fdfbfa wp-block-columns-is-layout-flex\" style=\"margin-top:0;margin-right:0;margin-bottom:0;margin-left:0\">\n<div class=\"wp-block-column patternImgText__img is-layout-flow wp-block-column-is-layout-flow\" style=\"flex-basis:50%\">\n<figure class=\"wp-block-image size-full\"><img loading=\"lazy\" decoding=\"async\" width=\"1707\" height=\"2560\" src=\"https:\/\/moyamatcha.com\/wp-content\/uploads\/2024\/09\/japonski-czajnik-do-herbaty-lisciastej-kemuri-moya-scaled.jpg\" alt=\"\" class=\"wp-image-7563\" srcset=\"https:\/\/moyamatcha.com\/wp-content\/uploads\/2024\/09\/japonski-czajnik-do-herbaty-lisciastej-kemuri-moya-scaled.jpg 1707w, https:\/\/moyamatcha.com\/wp-content\/uploads\/2024\/09\/japonski-czajnik-do-herbaty-lisciastej-kemuri-moya-1365x2048.jpg 1365w, https:\/\/moyamatcha.com\/wp-content\/uploads\/2024\/09\/japonski-czajnik-do-herbaty-lisciastej-kemuri-moya-200x300.jpg 200w, https:\/\/moyamatcha.com\/wp-content\/uploads\/2024\/09\/japonski-czajnik-do-herbaty-lisciastej-kemuri-moya-768x1152.jpg 768w, https:\/\/moyamatcha.com\/wp-content\/uploads\/2024\/09\/japonski-czajnik-do-herbaty-lisciastej-kemuri-moya-683x1024.jpg 683w, https:\/\/moyamatcha.com\/wp-content\/uploads\/2024\/09\/japonski-czajnik-do-herbaty-lisciastej-kemuri-moya-1024x1536.jpg 1024w, https:\/\/moyamatcha.com\/wp-content\/uploads\/2024\/09\/japonski-czajnik-do-herbaty-lisciastej-kemuri-moya-1920x2880.jpg 1920w, https:\/\/moyamatcha.com\/wp-content\/uploads\/2024\/09\/japonski-czajnik-do-herbaty-lisciastej-kemuri-moya-1224x1836.jpg 1224w, https:\/\/moyamatcha.com\/wp-content\/uploads\/2024\/09\/japonski-czajnik-do-herbaty-lisciastej-kemuri-moya-912x1368.jpg 912w, https:\/\/moyamatcha.com\/wp-content\/uploads\/2024\/09\/japonski-czajnik-do-herbaty-lisciastej-kemuri-moya-850x1275.jpg 850w, https:\/\/moyamatcha.com\/wp-content\/uploads\/2024\/09\/japonski-czajnik-do-herbaty-lisciastej-kemuri-moya-600x900.jpg 600w, https:\/\/moyamatcha.com\/wp-content\/uploads\/2024\/09\/japonski-czajnik-do-herbaty-lisciastej-kemuri-moya-480x720.jpg 480w, https:\/\/moyamatcha.com\/wp-content\/uploads\/2024\/09\/japonski-czajnik-do-herbaty-lisciastej-kemuri-moya-372x558.jpg 372w, https:\/\/moyamatcha.com\/wp-content\/uploads\/2024\/09\/japonski-czajnik-do-herbaty-lisciastej-kemuri-moya-260x390.jpg 260w, https:\/\/moyamatcha.com\/wp-content\/uploads\/2024\/09\/japonski-czajnik-do-herbaty-lisciastej-kemuri-moya-120x180.jpg 120w, https:\/\/moyamatcha.com\/wp-content\/uploads\/2024\/09\/japonski-czajnik-do-herbaty-lisciastej-kemuri-moya-90x135.jpg 90w, https:\/\/moyamatcha.com\/wp-content\/uploads\/2024\/09\/japonski-czajnik-do-herbaty-lisciastej-kemuri-moya-40x60.jpg 40w\" sizes=\"auto, (max-width: 1707px) 100vw, 1707px\" \/><\/figure>\n<\/div>\n\n\n\n<div class=\"wp-block-column patternImgText__text is-layout-flow wp-block-column-is-layout-flow\" style=\"flex-basis:50%\">\n<div class=\"wp-block-group is-vertical is-content-justification-left is-layout-flex wp-container-core-group-is-layout-dd225191 wp-block-group-is-layout-flex\">\n<h2 class=\"wp-block-heading\">Czajnik do herbaty li\u015bciastej Kemuri<\/h2>\n\n\n\n<p>Dzbanuszek Kemuri to niezast\u0105piony towarzysz entuzjast\u00f3w herbaty li\u015bciastej. Wprowadzi do Twojego rytua\u0142u picia herbaty nut\u0119 japo\u0144skiej tradycji. Jego barwy kojarz\u0105 nam si\u0119 z drewnem i domowym kominkiem. Dawniej sercem tradycyjnego domu w Japonii by\u0142o palenisko. Ogie\u0144 dawa\u0142 ciep\u0142o i zapewnia\u0142 po\u017cywne posi\u0142ki, z kolei popi\u00f3\u0142 by\u0142 niezast\u0105pionym \u015brodkiem czyszcz\u0105cym. Natomiast kemuri, czyli \u201edym\u201d, dba\u0142 o dom, a konkretniej konserwowa\u0142 strzech\u0119. Mieszka\u0144cy gromadzili si\u0119 wok\u00f3\u0142 paleniska, by przy czarce herbaty i miseczce ry\u017cu wymieni\u0107 si\u0119 codziennymi opowie\u015bciami.<\/p>\n<\/div>\n<\/div>\n<\/div>\n<\/section>\n","protected":false},"excerpt":{"rendered":"<div id=\"wp-excerpt-wrap\" class=\"wp-core-ui wp-editor-wrap tmce-active\"><link rel='stylesheet' id='dashicons-css' href='https:\/\/moyamatcha.com\/wp-includes\/css\/dashicons.min.css' type='text\/css' media='all' \/>\n<link rel='stylesheet' id='editor-buttons-css' href='https:\/\/moyamatcha.com\/wp-includes\/css\/editor.min.css' type='text\/css' media='all' \/>\n<style>.wp-editor-container { width: 100% !important; }<\/style>\n<div id=\"wp-excerpt-editor-container\" class=\"wp-editor-container\"><textarea class=\"wp-editor-area\" rows=\"5\" autocomplete=\"off\" cols=\"40\" name=\"excerpt\" id=\"excerpt\">&lt;p align=\"justify\"&gt;Traditional teapot for leaf green tea preparation&lt;\/p&gt;<\/textarea><\/div>\n<\/div>\n\n","protected":false},"featured_media":85886,"template":"","meta":{"_acf_changed":true,"inline_featured_image":false},"product_brand":[],"product_cat":[427,528,1090,1095,531],"product_tag":[192],"class_list":{"0":"post-5284","1":"product","2":"type-product","3":"status-publish","4":"has-post-thumbnail","6":"product_cat-accessories-en","7":"product_cat-leaf-tea-accessories","8":"product_cat-teapots","9":"product_cat-ceramics","10":"product_cat-other-presents","11":"product_tag-japan","13":"first","14":"instock","15":"purchasable","16":"product-type-simple"},"acf":[],"yoast_head":"<!-- This site is optimized with the Yoast SEO plugin v27.0 - https:\/\/yoast.com\/product\/yoast-seo-wordpress\/ -->\n<title>Kemuri japanese teapot - MoyaMatcha<\/title>\n<meta name=\"description\" content=\"Traditional teapot for leaf green tea preparation\" \/>\n<meta name=\"robots\" content=\"index, follow, max-snippet:-1, max-image-preview:large, max-video-preview:-1\" \/>\n<link rel=\"canonical\" href=\"https:\/\/moyamatcha.com\/en\/produkt\/kemuri-japanese-teapot\/\" \/>\n<meta property=\"og:locale\" content=\"en_US\" \/>\n<meta property=\"og:type\" content=\"article\" \/>\n<meta property=\"og:title\" content=\"Kemuri japanese teapot - MoyaMatcha\" \/>\n<meta property=\"og:description\" content=\"Traditional teapot for leaf green tea preparation\" \/>\n<meta property=\"og:url\" content=\"https:\/\/moyamatcha.com\/en\/produkt\/kemuri-japanese-teapot\/\" \/>\n<meta property=\"og:site_name\" content=\"MoyaMatcha\" \/>\n<meta property=\"article:publisher\" content=\"https:\/\/www.facebook.com\/moyamatcha\" \/>\n<meta property=\"article:modified_time\" content=\"2026-04-22T12:20:52+00:00\" \/>\n<meta property=\"og:image\" content=\"https:\/\/moyamatcha.com\/wp-content\/uploads\/2024\/09\/kemuri-kyusu-japonski-czajnik-do-herbaty-lisciastej-front.png\" \/>\n\t<meta property=\"og:image:width\" content=\"810\" \/>\n\t<meta property=\"og:image:height\" content=\"1213\" \/>\n\t<meta property=\"og:image:type\" content=\"image\/png\" \/>\n<meta name=\"twitter:card\" content=\"summary_large_image\" \/>\n<meta name=\"twitter:label1\" content=\"Est. reading time\" \/>\n\t<meta name=\"twitter:data1\" content=\"1 minute\" \/>\n<script type=\"application\/ld+json\" class=\"yoast-schema-graph\">{\"@context\":\"https:\/\/schema.org\",\"@graph\":[{\"@type\":\"WebPage\",\"@id\":\"https:\/\/moyamatcha.com\/en\/produkt\/kemuri-japanese-teapot\/\",\"url\":\"https:\/\/moyamatcha.com\/en\/produkt\/kemuri-japanese-teapot\/\",\"name\":\"Kemuri japanese teapot - MoyaMatcha\",\"isPartOf\":{\"@id\":\"https:\/\/moyamatcha.com\/en\/#website\"},\"primaryImageOfPage\":{\"@id\":\"https:\/\/moyamatcha.com\/en\/produkt\/kemuri-japanese-teapot\/#primaryimage\"},\"image\":{\"@id\":\"https:\/\/moyamatcha.com\/en\/produkt\/kemuri-japanese-teapot\/#primaryimage\"},\"thumbnailUrl\":\"https:\/\/moyamatcha.com\/wp-content\/uploads\/2024\/09\/kemuri-kyusu-japonski-czajnik-do-herbaty-lisciastej-front.png\",\"datePublished\":\"2024-09-09T01:10:40+00:00\",\"dateModified\":\"2026-04-22T12:20:52+00:00\",\"description\":\"Traditional teapot for leaf green tea preparation\",\"breadcrumb\":{\"@id\":\"https:\/\/moyamatcha.com\/en\/produkt\/kemuri-japanese-teapot\/#breadcrumb\"},\"inLanguage\":\"en-US\",\"potentialAction\":[{\"@type\":\"ReadAction\",\"target\":[\"https:\/\/moyamatcha.com\/en\/produkt\/kemuri-japanese-teapot\/\"]}]},{\"@type\":\"ImageObject\",\"inLanguage\":\"en-US\",\"@id\":\"https:\/\/moyamatcha.com\/en\/produkt\/kemuri-japanese-teapot\/#primaryimage\",\"url\":\"https:\/\/moyamatcha.com\/wp-content\/uploads\/2024\/09\/kemuri-kyusu-japonski-czajnik-do-herbaty-lisciastej-front.png\",\"contentUrl\":\"https:\/\/moyamatcha.com\/wp-content\/uploads\/2024\/09\/kemuri-kyusu-japonski-czajnik-do-herbaty-lisciastej-front.png\",\"width\":810,\"height\":1213},{\"@type\":\"BreadcrumbList\",\"@id\":\"https:\/\/moyamatcha.com\/en\/produkt\/kemuri-japanese-teapot\/#breadcrumb\",\"itemListElement\":[{\"@type\":\"ListItem\",\"position\":1,\"name\":\"Home\",\"item\":\"https:\/\/moyamatcha.com\/en\/\"},{\"@type\":\"ListItem\",\"position\":2,\"name\":\"Shop\",\"item\":\"https:\/\/moyamatcha.com\/sklep\/\"},{\"@type\":\"ListItem\",\"position\":3,\"name\":\"Accessories\",\"item\":\"https:\/\/moyamatcha.com\/en\/product-category\/accessories-en\/\"},{\"@type\":\"ListItem\",\"position\":4,\"name\":\"Tea accessories\",\"item\":\"https:\/\/moyamatcha.com\/en\/product-category\/accessories-en\/leaf-tea-accessories\/\"},{\"@type\":\"ListItem\",\"position\":5,\"name\":\"Kemuri japanese teapot\"}]},{\"@type\":\"WebSite\",\"@id\":\"https:\/\/moyamatcha.com\/en\/#website\",\"url\":\"https:\/\/moyamatcha.com\/en\/\",\"name\":\"MoyaMatcha.com\",\"description\":\"\",\"publisher\":{\"@id\":\"https:\/\/moyamatcha.com\/en\/#organization\"},\"alternateName\":\"Moya Matcha\",\"potentialAction\":[{\"@type\":\"SearchAction\",\"target\":{\"@type\":\"EntryPoint\",\"urlTemplate\":\"https:\/\/moyamatcha.com\/en\/?s={search_term_string}\"},\"query-input\":{\"@type\":\"PropertyValueSpecification\",\"valueRequired\":true,\"valueName\":\"search_term_string\"}}],\"inLanguage\":\"en-US\"},{\"@type\":\"Organization\",\"@id\":\"https:\/\/moyamatcha.com\/en\/#organization\",\"name\":\"MoyaMatcha.com\",\"alternateName\":\"Moya Matcha Polska\",\"url\":\"https:\/\/moyamatcha.com\/en\/\",\"logo\":{\"@type\":\"ImageObject\",\"inLanguage\":\"en-US\",\"@id\":\"https:\/\/moyamatcha.com\/en\/#\/schema\/logo\/image\/\",\"url\":\"https:\/\/moyamatcha.com\/wp-content\/uploads\/2024\/11\/moya-300x297-1.png\",\"contentUrl\":\"https:\/\/moyamatcha.com\/wp-content\/uploads\/2024\/11\/moya-300x297-1.png\",\"width\":300,\"height\":297,\"caption\":\"MoyaMatcha.com\"},\"image\":{\"@id\":\"https:\/\/moyamatcha.com\/en\/#\/schema\/logo\/image\/\"},\"sameAs\":[\"https:\/\/www.facebook.com\/moyamatcha\"]}]}<\/script>\n<!-- \/ Yoast SEO plugin. -->","yoast_head_json":{"title":"Kemuri japanese teapot - MoyaMatcha","description":"Traditional teapot for leaf green tea preparation","robots":{"index":"index","follow":"follow","max-snippet":"max-snippet:-1","max-image-preview":"max-image-preview:large","max-video-preview":"max-video-preview:-1"},"canonical":"https:\/\/moyamatcha.com\/en\/produkt\/kemuri-japanese-teapot\/","og_locale":"en_US","og_type":"article","og_title":"Kemuri japanese teapot - MoyaMatcha","og_description":"Traditional teapot for leaf green tea preparation","og_url":"https:\/\/moyamatcha.com\/en\/produkt\/kemuri-japanese-teapot\/","og_site_name":"MoyaMatcha","article_publisher":"https:\/\/www.facebook.com\/moyamatcha","article_modified_time":"2026-04-22T12:20:52+00:00","og_image":[{"width":810,"height":1213,"url":"https:\/\/moyamatcha.com\/wp-content\/uploads\/2024\/09\/kemuri-kyusu-japonski-czajnik-do-herbaty-lisciastej-front.png","type":"image\/png"}],"twitter_card":"summary_large_image","twitter_misc":{"Est. reading time":"1 minute"},"schema":{"@context":"https:\/\/schema.org","@graph":[{"@type":"WebPage","@id":"https:\/\/moyamatcha.com\/en\/produkt\/kemuri-japanese-teapot\/","url":"https:\/\/moyamatcha.com\/en\/produkt\/kemuri-japanese-teapot\/","name":"Kemuri japanese teapot - MoyaMatcha","isPartOf":{"@id":"https:\/\/moyamatcha.com\/en\/#website"},"primaryImageOfPage":{"@id":"https:\/\/moyamatcha.com\/en\/produkt\/kemuri-japanese-teapot\/#primaryimage"},"image":{"@id":"https:\/\/moyamatcha.com\/en\/produkt\/kemuri-japanese-teapot\/#primaryimage"},"thumbnailUrl":"https:\/\/moyamatcha.com\/wp-content\/uploads\/2024\/09\/kemuri-kyusu-japonski-czajnik-do-herbaty-lisciastej-front.png","datePublished":"2024-09-09T01:10:40+00:00","dateModified":"2026-04-22T12:20:52+00:00","description":"Traditional teapot for leaf green tea preparation","breadcrumb":{"@id":"https:\/\/moyamatcha.com\/en\/produkt\/kemuri-japanese-teapot\/#breadcrumb"},"inLanguage":"en-US","potentialAction":[{"@type":"ReadAction","target":["https:\/\/moyamatcha.com\/en\/produkt\/kemuri-japanese-teapot\/"]}]},{"@type":"ImageObject","inLanguage":"en-US","@id":"https:\/\/moyamatcha.com\/en\/produkt\/kemuri-japanese-teapot\/#primaryimage","url":"https:\/\/moyamatcha.com\/wp-content\/uploads\/2024\/09\/kemuri-kyusu-japonski-czajnik-do-herbaty-lisciastej-front.png","contentUrl":"https:\/\/moyamatcha.com\/wp-content\/uploads\/2024\/09\/kemuri-kyusu-japonski-czajnik-do-herbaty-lisciastej-front.png","width":810,"height":1213},{"@type":"BreadcrumbList","@id":"https:\/\/moyamatcha.com\/en\/produkt\/kemuri-japanese-teapot\/#breadcrumb","itemListElement":[{"@type":"ListItem","position":1,"name":"Home","item":"https:\/\/moyamatcha.com\/en\/"},{"@type":"ListItem","position":2,"name":"Shop","item":"https:\/\/moyamatcha.com\/sklep\/"},{"@type":"ListItem","position":3,"name":"Accessories","item":"https:\/\/moyamatcha.com\/en\/product-category\/accessories-en\/"},{"@type":"ListItem","position":4,"name":"Tea accessories","item":"https:\/\/moyamatcha.com\/en\/product-category\/accessories-en\/leaf-tea-accessories\/"},{"@type":"ListItem","position":5,"name":"Kemuri japanese teapot"}]},{"@type":"WebSite","@id":"https:\/\/moyamatcha.com\/en\/#website","url":"https:\/\/moyamatcha.com\/en\/","name":"MoyaMatcha.com","description":"","publisher":{"@id":"https:\/\/moyamatcha.com\/en\/#organization"},"alternateName":"Moya Matcha","potentialAction":[{"@type":"SearchAction","target":{"@type":"EntryPoint","urlTemplate":"https:\/\/moyamatcha.com\/en\/?s={search_term_string}"},"query-input":{"@type":"PropertyValueSpecification","valueRequired":true,"valueName":"search_term_string"}}],"inLanguage":"en-US"},{"@type":"Organization","@id":"https:\/\/moyamatcha.com\/en\/#organization","name":"MoyaMatcha.com","alternateName":"Moya Matcha Polska","url":"https:\/\/moyamatcha.com\/en\/","logo":{"@type":"ImageObject","inLanguage":"en-US","@id":"https:\/\/moyamatcha.com\/en\/#\/schema\/logo\/image\/","url":"https:\/\/moyamatcha.com\/wp-content\/uploads\/2024\/11\/moya-300x297-1.png","contentUrl":"https:\/\/moyamatcha.com\/wp-content\/uploads\/2024\/11\/moya-300x297-1.png","width":300,"height":297,"caption":"MoyaMatcha.com"},"image":{"@id":"https:\/\/moyamatcha.com\/en\/#\/schema\/logo\/image\/"},"sameAs":["https:\/\/www.facebook.com\/moyamatcha"]}]}},"_links":{"self":[{"href":"https:\/\/moyamatcha.com\/en\/wp-json\/wp\/v2\/product\/5284","targetHints":{"allow":["GET"]}}],"collection":[{"href":"https:\/\/moyamatcha.com\/en\/wp-json\/wp\/v2\/product"}],"about":[{"href":"https:\/\/moyamatcha.com\/en\/wp-json\/wp\/v2\/types\/product"}],"wp:featuredmedia":[{"embeddable":true,"href":"https:\/\/moyamatcha.com\/en\/wp-json\/wp\/v2\/media\/85886"}],"wp:attachment":[{"href":"https:\/\/moyamatcha.com\/en\/wp-json\/wp\/v2\/media?parent=5284"}],"wp:term":[{"taxonomy":"product_brand","embeddable":true,"href":"https:\/\/moyamatcha.com\/en\/wp-json\/wp\/v2\/product_brand?post=5284"},{"taxonomy":"product_cat","embeddable":true,"href":"https:\/\/moyamatcha.com\/en\/wp-json\/wp\/v2\/product_cat?post=5284"},{"taxonomy":"product_tag","embeddable":true,"href":"https:\/\/moyamatcha.com\/en\/wp-json\/wp\/v2\/product_tag?post=5284"}],"curies":[{"name":"wp","href":"https:\/\/api.w.org\/{rel}","templated":true}]}}